{"id":74,"date":"2022-12-02T09:02:54","date_gmt":"2022-12-02T09:02:54","guid":{"rendered":"https:\/\/pl-graphisme.org\/Vente\/?post_type=product&#038;p=74"},"modified":"2023-03-01T04:59:13","modified_gmt":"2023-03-01T04:59:13","slug":"clocher-de-moret-sur-loing","status":"publish","type":"product","link":"https:\/\/pl-graphisme.org\/Vente\/product\/clocher-de-moret-sur-loing\/","title":{"rendered":"Clocher de Moret sur loing"},"content":{"rendered":"<p>Clocher de <a href=\"https:\/\/fr.wikipedia.org\/wiki\/Moret-sur-Loing\" target=\"_blank\" rel=\"noopener\">Moret sur Loing<\/a>.<\/p>\n<p>Aquarelle originale de Philippe Levasseur peinte en 1996.<\/p>\n<p>Sans cadre elle mesure 34x44cm.<\/p>\n<p>Encadr\u00e9e sous verre 43x53cm.<\/p>\n<p>Lors a commande il est n\u00e9cessaire de choisir la pr\u00e9sentation.<\/p>\n","protected":false},"excerpt":{"rendered":"<p>Clocher de <a href=\"https:\/\/fr.wikipedia.org\/wiki\/Moret-sur-Loing\" target=\"_blank\" rel=\"noopener\">Moret sur Loing<\/a>.<\/p>\n<p>Aquarelle originale de Philippe Levasseur peinte en 1996.<\/p>\n<p>Sans cadre elle mesure 34x44cm.<\/p>\n<p>Encadr\u00e9e sous verre 43x53cm.<\/p>\n<p>Lors a commande il est n\u00e9cessaire de choisir la pr\u00e9sentation.<\/p>\n","protected":false},"featured_media":77,"comment_status":"open","ping_status":"closed","template":"","meta":{"nf_dc_page":"","om_disable_all_campaigns":false,"_monsterinsights_skip_tracking":false,"_monsterinsights_sitenote_active":false,"_monsterinsights_sitenote_note":"","_monsterinsights_sitenote_category":0},"product_brand":[],"product_cat":[30],"product_tag":[31,25,52,51,43,49,48,44,36],"class_list":{"0":"post-74","1":"product","2":"type-product","3":"status-publish","4":"has-post-thumbnail","6":"product_cat-aquarelles","7":"product_tag-aquarelles","8":"product_tag-encadree","9":"product_tag-ile-de-france","10":"product_tag-moret-sur-loing","11":"product_tag-murs","12":"product_tag-peinture","13":"product_tag-philippe-levasseur","14":"product_tag-rue","15":"product_tag-tableau","17":"first","18":"instock","19":"shipping-taxable","20":"purchasable","21":"product-type-variable"},"aioseo_notices":[],"jetpack-related-posts":[{"id":601,"url":"https:\/\/pl-graphisme.org\/Vente\/product\/rue-des-tanneries\/","url_meta":{"origin":74,"position":0},"title":"Rue des Tanneries, Ligny en Barrois.","author":"phil.levasseur","date":"05\/02\/2023","format":false,"excerpt":"Rue des tanneries \u00e0 Ligny en Barrois est une aquarelle originale de Philippe Levasseur peinte en 1996. Mesures sans cadre 38x53cm. Encadr\u00e9e sous verre, cadre en bois filet dor\u00e9 75,5x55,5cm. Lors a commande il est n\u00e9cessaire de choisir la pr\u00e9sentation.","rel":"","context":"Article similaire","block_context":{"text":"Article similaire","link":""},"img":{"alt_text":"Rue des tanneries \u00e0 Ligny en Barrois est une aquarelle originale de Philippe Levasseur peinte en 1996. Mesures sans cadre 38x53cm. Encadr\u00e9e sous verre, cadre en bois filet dor\u00e9 75,5x55,5cm.","src":"https:\/\/i0.wp.com\/pl-graphisme.org\/Vente\/wp-content\/uploads\/2023\/02\/rue-des-tanneries.jpg?fit=1000%2C750&ssl=1&resize=350%2C200","width":350,"height":200,"srcset":"https:\/\/i0.wp.com\/pl-graphisme.org\/Vente\/wp-content\/uploads\/2023\/02\/rue-des-tanneries.jpg?fit=1000%2C750&ssl=1&resize=350%2C200 1x, https:\/\/i0.wp.com\/pl-graphisme.org\/Vente\/wp-content\/uploads\/2023\/02\/rue-des-tanneries.jpg?fit=1000%2C750&ssl=1&resize=525%2C300 1.5x, https:\/\/i0.wp.com\/pl-graphisme.org\/Vente\/wp-content\/uploads\/2023\/02\/rue-des-tanneries.jpg?fit=1000%2C750&ssl=1&resize=700%2C400 2x"},"classes":[]},{"id":594,"url":"https:\/\/pl-graphisme.org\/Vente\/product\/182-184-rue-edouard-maury\/","url_meta":{"origin":74,"position":1},"title":"182-184 Rue Edouard Maury","author":"phil.levasseur","date":"03\/02\/2023","format":false,"excerpt":"182-184 Rue Edouard Maury \u00e0 Fontenay sous bois est une aquarelle originale de Philippe Levasseur peinte en 1996. Sans cadre elle mesure 35x23cm. Encadr\u00e9 sous verre le cadre en bois vernis et filet dor\u00e9 mesure 44x54cm. Lors a commande il est n\u00e9cessaire de choisir la pr\u00e9sentation.","rel":"","context":"Article similaire","block_context":{"text":"Article similaire","link":""},"img":{"alt_text":"182-184 Rue Edouard Maury \u00e0 Fontenay sous bois est une aquarelle originale de Philippe Levasseur peinte en 1996. Sans cadre elle mesure 35x23cm. Encadr\u00e9 sous verre le cadre en bois vernis et filet dor\u00e9 mesure 44x54cm. Lors a commande il est n\u00e9cessaire de choisir la pr\u00e9sentation.","src":"https:\/\/i0.wp.com\/pl-graphisme.org\/Vente\/wp-content\/uploads\/2023\/02\/182_184.jpg?fit=800%2C561&ssl=1&resize=350%2C200","width":350,"height":200,"srcset":"https:\/\/i0.wp.com\/pl-graphisme.org\/Vente\/wp-content\/uploads\/2023\/02\/182_184.jpg?fit=800%2C561&ssl=1&resize=350%2C200 1x, https:\/\/i0.wp.com\/pl-graphisme.org\/Vente\/wp-content\/uploads\/2023\/02\/182_184.jpg?fit=800%2C561&ssl=1&resize=525%2C300 1.5x, https:\/\/i0.wp.com\/pl-graphisme.org\/Vente\/wp-content\/uploads\/2023\/02\/182_184.jpg?fit=800%2C561&ssl=1&resize=700%2C400 2x"},"classes":[]},{"id":558,"url":"https:\/\/pl-graphisme.org\/Vente\/product\/porte-de-munster\/","url_meta":{"origin":74,"position":2},"title":"Porte de Munster \u00e0 Turkheim","author":"phil.levasseur","date":"01\/02\/2023","format":false,"excerpt":"Porte de Munster \u00e0 Turkheim. Aquarelle originale de Philippe Levasseur. Peinte en 2008. Mesures 21x29,7cm sans cadre. Peut \u00eatre vendue encadr\u00e9e sous verre 33x43,5cm. Cadre bois vernis filet or. Lors de la commande il est n\u00e9cessaire de choisir la pr\u00e9sentation.","rel":"","context":"Article similaire","block_context":{"text":"Article similaire","link":""},"img":{"alt_text":"Porte de Munster \u00e0 Turkheim. Aquarelle originale de Philippe Levasseur. Peinte en 2008. Mesures 21x29,7cm sans cadre. Peut \u00eatre vendue encadr\u00e9e sous verre 33x43,5cm. Cadre bois vernis filet or. Lors de la commande il est n\u00e9cessaire de choisir la pr\u00e9sentation.","src":"https:\/\/i0.wp.com\/pl-graphisme.org\/Vente\/wp-content\/uploads\/2023\/02\/porte-de-muster-turkheim-mod.jpg?fit=1000%2C676&ssl=1&resize=350%2C200","width":350,"height":200,"srcset":"https:\/\/i0.wp.com\/pl-graphisme.org\/Vente\/wp-content\/uploads\/2023\/02\/porte-de-muster-turkheim-mod.jpg?fit=1000%2C676&ssl=1&resize=350%2C200 1x, https:\/\/i0.wp.com\/pl-graphisme.org\/Vente\/wp-content\/uploads\/2023\/02\/porte-de-muster-turkheim-mod.jpg?fit=1000%2C676&ssl=1&resize=525%2C300 1.5x, https:\/\/i0.wp.com\/pl-graphisme.org\/Vente\/wp-content\/uploads\/2023\/02\/porte-de-muster-turkheim-mod.jpg?fit=1000%2C676&ssl=1&resize=700%2C400 2x"},"classes":[]},{"id":583,"url":"https:\/\/pl-graphisme.org\/Vente\/product\/ponte-dei-tre-archi\/","url_meta":{"origin":74,"position":3},"title":"Ponte dei tre archi","author":"phil.levasseur","date":"02\/02\/2023","format":false,"excerpt":"Ponte dei tre archi \u00e0 Venise. Aquarelle originale de Philippe Levasseur. Peinte en 2010. Mesures 21x29,7cm sans cadre. Peut \u00eatre vendue encadr\u00e9e sous verre 33x43,5cm. Cadre bois vernis filet or. Lors de la commande il est n\u00e9cessaire de choisir la pr\u00e9sentation.","rel":"","context":"Article similaire","block_context":{"text":"Article similaire","link":""},"img":{"alt_text":"Ponte dei tre archi \u00e0 Venise. Aquarelle originale de Philippe Levasseur. Peinte en 2010. Mesures 21x29,7cm sans cadre. Peut \u00eatre vendue encadr\u00e9e sous verre 33x43,5cm. Cadre bois vernis filet or. Lors de la commande il est n\u00e9cessaire de choisir la pr\u00e9sentation.","src":"https:\/\/i0.wp.com\/pl-graphisme.org\/Vente\/wp-content\/uploads\/2023\/02\/ponte_dei_tre_archi600x426.jpg?fit=600%2C426&ssl=1&resize=350%2C200","width":350,"height":200,"srcset":"https:\/\/i0.wp.com\/pl-graphisme.org\/Vente\/wp-content\/uploads\/2023\/02\/ponte_dei_tre_archi600x426.jpg?fit=600%2C426&ssl=1&resize=350%2C200 1x, https:\/\/i0.wp.com\/pl-graphisme.org\/Vente\/wp-content\/uploads\/2023\/02\/ponte_dei_tre_archi600x426.jpg?fit=600%2C426&ssl=1&resize=525%2C300 1.5x"},"classes":[]},{"id":569,"url":"https:\/\/pl-graphisme.org\/Vente\/product\/hermance-en-suisse\/","url_meta":{"origin":74,"position":4},"title":"Hermance en Suisse","author":"phil.levasseur","date":"01\/02\/2023","format":false,"excerpt":"Hermance en Suisse Aquarelle originale de Philippe Levasseur. Peinte en 1994. Mesures 29,7x21cm sans cadre. Peut \u00eatre vendue encadr\u00e9e sous verre 43,5\u00d733,5cm. Lors a commande il est n\u00e9cessaire de choisir la pr\u00e9sentation.","rel":"","context":"Article similaire","block_context":{"text":"Article similaire","link":""},"img":{"alt_text":"Hermance en Suisse, aquarelle, 21x29,7cm, encadr\u00e9e sous verres 33,5x43cm. Philippe Levasseur, 1994.","src":"https:\/\/i0.wp.com\/pl-graphisme.org\/Vente\/wp-content\/uploads\/2023\/02\/hermance.jpg?fit=871%2C1200&ssl=1&resize=350%2C200","width":350,"height":200,"srcset":"https:\/\/i0.wp.com\/pl-graphisme.org\/Vente\/wp-content\/uploads\/2023\/02\/hermance.jpg?fit=871%2C1200&ssl=1&resize=350%2C200 1x, https:\/\/i0.wp.com\/pl-graphisme.org\/Vente\/wp-content\/uploads\/2023\/02\/hermance.jpg?fit=871%2C1200&ssl=1&resize=525%2C300 1.5x, https:\/\/i0.wp.com\/pl-graphisme.org\/Vente\/wp-content\/uploads\/2023\/02\/hermance.jpg?fit=871%2C1200&ssl=1&resize=700%2C400 2x"},"classes":[]},{"id":388,"url":"https:\/\/pl-graphisme.org\/Vente\/product\/eguisheim\/","url_meta":{"origin":74,"position":5},"title":"Eguisheim","author":"phil.levasseur","date":"14\/01\/2023","format":false,"excerpt":"Eguisheim, Auberge du rempart, aquarelle originale de Philippe Levasseur peinte en 2008. Sans cadre elle mesure 20x24cm. Peut \u00eatre vendue encadr\u00e9e sous verre 29x35cm. Cadre en bois. Lors a commande il est n\u00e9cessaire de choisir la pr\u00e9sentation.","rel":"","context":"Article similaire","block_context":{"text":"Article similaire","link":""},"img":{"alt_text":"Eguisheim, Auberge du rempart, aquarelle, 20x24cm, Peut \u00eatre vendue encadr\u00e9e sous verre 29x35cm. La commande devra inclure les deux r\u00e9f\u00e9rences, aquarelle et cadre ref.03.","src":"https:\/\/i0.wp.com\/pl-graphisme.org\/Vente\/wp-content\/uploads\/2023\/01\/eguisheim-scaled.jpg?fit=987%2C1200&ssl=1&resize=350%2C200","width":350,"height":200,"srcset":"https:\/\/i0.wp.com\/pl-graphisme.org\/Vente\/wp-content\/uploads\/2023\/01\/eguisheim-scaled.jpg?fit=987%2C1200&ssl=1&resize=350%2C200 1x, https:\/\/i0.wp.com\/pl-graphisme.org\/Vente\/wp-content\/uploads\/2023\/01\/eguisheim-scaled.jpg?fit=987%2C1200&ssl=1&resize=525%2C300 1.5x, https:\/\/i0.wp.com\/pl-graphisme.org\/Vente\/wp-content\/uploads\/2023\/01\/eguisheim-scaled.jpg?fit=987%2C1200&ssl=1&resize=700%2C400 2x"},"classes":[]}],"jetpack_sharing_enabled":true,"_links":{"self":[{"href":"https:\/\/pl-graphisme.org\/Vente\/wp-json\/wp\/v2\/product\/74","targetHints":{"allow":["GET"]}}],"collection":[{"href":"https:\/\/pl-graphisme.org\/Vente\/wp-json\/wp\/v2\/product"}],"about":[{"href":"https:\/\/pl-graphisme.org\/Vente\/wp-json\/wp\/v2\/types\/product"}],"replies":[{"embeddable":true,"href":"https:\/\/pl-graphisme.org\/Vente\/wp-json\/wp\/v2\/comments?post=74"}],"wp:featuredmedia":[{"embeddable":true,"href":"https:\/\/pl-graphisme.org\/Vente\/wp-json\/wp\/v2\/media\/77"}],"wp:attachment":[{"href":"https:\/\/pl-graphisme.org\/Vente\/wp-json\/wp\/v2\/media?parent=74"}],"wp:term":[{"taxonomy":"product_brand","embeddable":true,"href":"https:\/\/pl-graphisme.org\/Vente\/wp-json\/wp\/v2\/product_brand?post=74"},{"taxonomy":"product_cat","embeddable":true,"href":"https:\/\/pl-graphisme.org\/Vente\/wp-json\/wp\/v2\/product_cat?post=74"},{"taxonomy":"product_tag","embeddable":true,"href":"https:\/\/pl-graphisme.org\/Vente\/wp-json\/wp\/v2\/product_tag?post=74"}],"curies":[{"name":"wp","href":"https:\/\/api.w.org\/{rel}","templated":true}]}}