{"id":64,"date":"2022-12-02T09:06:14","date_gmt":"2022-12-02T09:06:14","guid":{"rendered":"https:\/\/pl-graphisme.org\/Vente\/?post_type=product&#038;p=64"},"modified":"2023-03-01T04:59:13","modified_gmt":"2023-03-01T04:59:13","slug":"eglise-de-st-astier","status":"publish","type":"product","link":"https:\/\/pl-graphisme.org\/Vente\/product\/eglise-de-st-astier\/","title":{"rendered":"Eglise de Saint Astier"},"content":{"rendered":"<p>Eglise de <a href=\"https:\/\/fr.wikipedia.org\/wiki\/Saint-Astier_(Dordogne)\" target=\"_blank\" rel=\"noopener\">St Astier<\/a> est une aquarelle originale de Philippe Levasseur peinte en 1999.<\/p>\n<p>Elle mesure 29x39cm sans cadre.<\/p>\n<p>Encadr\u00e9 sous verre le cadre en bois vernis et filet dor\u00e9 mesure 44x54cm.<\/p>\n<p>Lors a commande il est n\u00e9cessaire de choisir la pr\u00e9sentation.<\/p>\n","protected":false},"excerpt":{"rendered":"<p>Eglise de <a href=\"https:\/\/fr.wikipedia.org\/wiki\/Saint-Astier_(Dordogne)\" target=\"_blank\" rel=\"noopener\">St Astier<\/a> est une aquarelle originale de Philippe Levasseur peinte en 1999.<\/p>\n<p>Elle mesure 29x39cm sans cadre.<\/p>\n<p>Encadr\u00e9 sous verre le cadre en bois vernis et filet dor\u00e9 mesure 44x54cm.<\/p>\n<p>Lors a commande il est n\u00e9cessaire de choisir la pr\u00e9sentation.<\/p>\n","protected":false},"featured_media":65,"comment_status":"open","ping_status":"closed","template":"","meta":{"nf_dc_page":"","om_disable_all_campaigns":false,"_monsterinsights_skip_tracking":false,"_monsterinsights_sitenote_active":false,"_monsterinsights_sitenote_note":"","_monsterinsights_sitenote_category":0},"product_brand":[],"product_cat":[30],"product_tag":[31,45,25,43,49,46,48,47,44,42,36],"class_list":{"0":"post-64","1":"product","2":"type-product","3":"status-publish","4":"has-post-thumbnail","6":"product_cat-aquarelles","7":"product_tag-aquarelles","8":"product_tag-dordogne","9":"product_tag-encadree","10":"product_tag-murs","11":"product_tag-peinture","12":"product_tag-perigord","13":"product_tag-philippe-levasseur","14":"product_tag-pierres","15":"product_tag-rue","16":"product_tag-sous-verre","17":"product_tag-tableau","19":"first","20":"instock","21":"shipping-taxable","22":"purchasable","23":"product-type-variable"},"aioseo_notices":[],"jetpack-related-posts":[{"id":561,"url":"https:\/\/pl-graphisme.org\/Vente\/product\/arnay-le-duc-chateau\/","url_meta":{"origin":64,"position":0},"title":"Arnay le Duc, Ch\u00e2teau","author":"phil.levasseur","date":"01\/02\/2023","format":false,"excerpt":"Arnay le Duc, Ch\u00e2teau est une aquarelle originale de Philippe Levasseur peinte en 1993. Elle mesure 34x44cm sans cadre. Encadr\u00e9 sous verre le cadre en bois vernis et filet dor\u00e9 mesure 44x54cm. Lors a commande il est n\u00e9cessaire de choisir la pr\u00e9sentation. \u00a0","rel":"","context":"Article similaire","block_context":{"text":"Article similaire","link":""},"img":{"alt_text":"Arnay le Duc, Ch\u00e2teau est une aquarelle originale de Philippe Levasseur peinte en 1999. Elle mesure 34x44cm sans cadre. Encadr\u00e9 sous verre le cadre en bois vernis et filet dor\u00e9 mesure 44x54cm. Lors a commande il est n\u00e9cessaire de choisir la pr\u00e9sentation.","src":"https:\/\/i0.wp.com\/pl-graphisme.org\/Vente\/wp-content\/uploads\/2023\/02\/arnay-le-duc-Chateau.jpg?fit=896%2C1200&ssl=1&resize=350%2C200","width":350,"height":200,"srcset":"https:\/\/i0.wp.com\/pl-graphisme.org\/Vente\/wp-content\/uploads\/2023\/02\/arnay-le-duc-Chateau.jpg?fit=896%2C1200&ssl=1&resize=350%2C200 1x, https:\/\/i0.wp.com\/pl-graphisme.org\/Vente\/wp-content\/uploads\/2023\/02\/arnay-le-duc-Chateau.jpg?fit=896%2C1200&ssl=1&resize=525%2C300 1.5x, https:\/\/i0.wp.com\/pl-graphisme.org\/Vente\/wp-content\/uploads\/2023\/02\/arnay-le-duc-Chateau.jpg?fit=896%2C1200&ssl=1&resize=700%2C400 2x"},"classes":[]},{"id":594,"url":"https:\/\/pl-graphisme.org\/Vente\/product\/182-184-rue-edouard-maury\/","url_meta":{"origin":64,"position":1},"title":"182-184 Rue Edouard Maury","author":"phil.levasseur","date":"03\/02\/2023","format":false,"excerpt":"182-184 Rue Edouard Maury \u00e0 Fontenay sous bois est une aquarelle originale de Philippe Levasseur peinte en 1996. Sans cadre elle mesure 35x23cm. Encadr\u00e9 sous verre le cadre en bois vernis et filet dor\u00e9 mesure 44x54cm. Lors a commande il est n\u00e9cessaire de choisir la pr\u00e9sentation.","rel":"","context":"Article similaire","block_context":{"text":"Article similaire","link":""},"img":{"alt_text":"182-184 Rue Edouard Maury \u00e0 Fontenay sous bois est une aquarelle originale de Philippe Levasseur peinte en 1996. Sans cadre elle mesure 35x23cm. Encadr\u00e9 sous verre le cadre en bois vernis et filet dor\u00e9 mesure 44x54cm. Lors a commande il est n\u00e9cessaire de choisir la pr\u00e9sentation.","src":"https:\/\/i0.wp.com\/pl-graphisme.org\/Vente\/wp-content\/uploads\/2023\/02\/182_184.jpg?fit=800%2C561&ssl=1&resize=350%2C200","width":350,"height":200,"srcset":"https:\/\/i0.wp.com\/pl-graphisme.org\/Vente\/wp-content\/uploads\/2023\/02\/182_184.jpg?fit=800%2C561&ssl=1&resize=350%2C200 1x, https:\/\/i0.wp.com\/pl-graphisme.org\/Vente\/wp-content\/uploads\/2023\/02\/182_184.jpg?fit=800%2C561&ssl=1&resize=525%2C300 1.5x, https:\/\/i0.wp.com\/pl-graphisme.org\/Vente\/wp-content\/uploads\/2023\/02\/182_184.jpg?fit=800%2C561&ssl=1&resize=700%2C400 2x"},"classes":[]},{"id":558,"url":"https:\/\/pl-graphisme.org\/Vente\/product\/porte-de-munster\/","url_meta":{"origin":64,"position":2},"title":"Porte de Munster \u00e0 Turkheim","author":"phil.levasseur","date":"01\/02\/2023","format":false,"excerpt":"Porte de Munster \u00e0 Turkheim. Aquarelle originale de Philippe Levasseur. Peinte en 2008. Mesures 21x29,7cm sans cadre. Peut \u00eatre vendue encadr\u00e9e sous verre 33x43,5cm. Cadre bois vernis filet or. Lors de la commande il est n\u00e9cessaire de choisir la pr\u00e9sentation.","rel":"","context":"Article similaire","block_context":{"text":"Article similaire","link":""},"img":{"alt_text":"Porte de Munster \u00e0 Turkheim. Aquarelle originale de Philippe Levasseur. Peinte en 2008. Mesures 21x29,7cm sans cadre. Peut \u00eatre vendue encadr\u00e9e sous verre 33x43,5cm. Cadre bois vernis filet or. Lors de la commande il est n\u00e9cessaire de choisir la pr\u00e9sentation.","src":"https:\/\/i0.wp.com\/pl-graphisme.org\/Vente\/wp-content\/uploads\/2023\/02\/porte-de-muster-turkheim-mod.jpg?fit=1000%2C676&ssl=1&resize=350%2C200","width":350,"height":200,"srcset":"https:\/\/i0.wp.com\/pl-graphisme.org\/Vente\/wp-content\/uploads\/2023\/02\/porte-de-muster-turkheim-mod.jpg?fit=1000%2C676&ssl=1&resize=350%2C200 1x, https:\/\/i0.wp.com\/pl-graphisme.org\/Vente\/wp-content\/uploads\/2023\/02\/porte-de-muster-turkheim-mod.jpg?fit=1000%2C676&ssl=1&resize=525%2C300 1.5x, https:\/\/i0.wp.com\/pl-graphisme.org\/Vente\/wp-content\/uploads\/2023\/02\/porte-de-muster-turkheim-mod.jpg?fit=1000%2C676&ssl=1&resize=700%2C400 2x"},"classes":[]},{"id":583,"url":"https:\/\/pl-graphisme.org\/Vente\/product\/ponte-dei-tre-archi\/","url_meta":{"origin":64,"position":3},"title":"Ponte dei tre archi","author":"phil.levasseur","date":"02\/02\/2023","format":false,"excerpt":"Ponte dei tre archi \u00e0 Venise. Aquarelle originale de Philippe Levasseur. Peinte en 2010. Mesures 21x29,7cm sans cadre. Peut \u00eatre vendue encadr\u00e9e sous verre 33x43,5cm. Cadre bois vernis filet or. Lors de la commande il est n\u00e9cessaire de choisir la pr\u00e9sentation.","rel":"","context":"Article similaire","block_context":{"text":"Article similaire","link":""},"img":{"alt_text":"Ponte dei tre archi \u00e0 Venise. Aquarelle originale de Philippe Levasseur. Peinte en 2010. Mesures 21x29,7cm sans cadre. Peut \u00eatre vendue encadr\u00e9e sous verre 33x43,5cm. Cadre bois vernis filet or. Lors de la commande il est n\u00e9cessaire de choisir la pr\u00e9sentation.","src":"https:\/\/i0.wp.com\/pl-graphisme.org\/Vente\/wp-content\/uploads\/2023\/02\/ponte_dei_tre_archi600x426.jpg?fit=600%2C426&ssl=1&resize=350%2C200","width":350,"height":200,"srcset":"https:\/\/i0.wp.com\/pl-graphisme.org\/Vente\/wp-content\/uploads\/2023\/02\/ponte_dei_tre_archi600x426.jpg?fit=600%2C426&ssl=1&resize=350%2C200 1x, https:\/\/i0.wp.com\/pl-graphisme.org\/Vente\/wp-content\/uploads\/2023\/02\/ponte_dei_tre_archi600x426.jpg?fit=600%2C426&ssl=1&resize=525%2C300 1.5x"},"classes":[]},{"id":78,"url":"https:\/\/pl-graphisme.org\/Vente\/product\/rue-de-rouffach\/","url_meta":{"origin":64,"position":4},"title":"Vieille rue de Rouffach","author":"phil.levasseur","date":"02\/12\/2022","format":false,"excerpt":"Vieille rue de Rouffach, aquarelle originale de Philippe Levasseur peinte en 2008. Sans cadre elle mesure 20x25cm Peut \u00eatre vendue encadr\u00e9e sous verre 33.5x43.5cm, cadre bois vernis et filet or. Lors a commande il est n\u00e9cessaire de choisir la pr\u00e9sentation.","rel":"","context":"Article similaire","block_context":{"text":"Article similaire","link":""},"img":{"alt_text":"Rue de Rouffach, aquarelle sous verre.","src":"https:\/\/i0.wp.com\/pl-graphisme.org\/Vente\/wp-content\/uploads\/2022\/12\/Rue-de-Rouffach.jpg?fit=468%2C600&ssl=1&resize=350%2C200","width":350,"height":200},"classes":[]},{"id":601,"url":"https:\/\/pl-graphisme.org\/Vente\/product\/rue-des-tanneries\/","url_meta":{"origin":64,"position":5},"title":"Rue des Tanneries, Ligny en Barrois.","author":"phil.levasseur","date":"05\/02\/2023","format":false,"excerpt":"Rue des tanneries \u00e0 Ligny en Barrois est une aquarelle originale de Philippe Levasseur peinte en 1996. Mesures sans cadre 38x53cm. Encadr\u00e9e sous verre, cadre en bois filet dor\u00e9 75,5x55,5cm. Lors a commande il est n\u00e9cessaire de choisir la pr\u00e9sentation.","rel":"","context":"Article similaire","block_context":{"text":"Article similaire","link":""},"img":{"alt_text":"Rue des tanneries \u00e0 Ligny en Barrois est une aquarelle originale de Philippe Levasseur peinte en 1996. Mesures sans cadre 38x53cm. Encadr\u00e9e sous verre, cadre en bois filet dor\u00e9 75,5x55,5cm.","src":"https:\/\/i0.wp.com\/pl-graphisme.org\/Vente\/wp-content\/uploads\/2023\/02\/rue-des-tanneries.jpg?fit=1000%2C750&ssl=1&resize=350%2C200","width":350,"height":200,"srcset":"https:\/\/i0.wp.com\/pl-graphisme.org\/Vente\/wp-content\/uploads\/2023\/02\/rue-des-tanneries.jpg?fit=1000%2C750&ssl=1&resize=350%2C200 1x, https:\/\/i0.wp.com\/pl-graphisme.org\/Vente\/wp-content\/uploads\/2023\/02\/rue-des-tanneries.jpg?fit=1000%2C750&ssl=1&resize=525%2C300 1.5x, https:\/\/i0.wp.com\/pl-graphisme.org\/Vente\/wp-content\/uploads\/2023\/02\/rue-des-tanneries.jpg?fit=1000%2C750&ssl=1&resize=700%2C400 2x"},"classes":[]}],"jetpack_sharing_enabled":true,"_links":{"self":[{"href":"https:\/\/pl-graphisme.org\/Vente\/wp-json\/wp\/v2\/product\/64","targetHints":{"allow":["GET"]}}],"collection":[{"href":"https:\/\/pl-graphisme.org\/Vente\/wp-json\/wp\/v2\/product"}],"about":[{"href":"https:\/\/pl-graphisme.org\/Vente\/wp-json\/wp\/v2\/types\/product"}],"replies":[{"embeddable":true,"href":"https:\/\/pl-graphisme.org\/Vente\/wp-json\/wp\/v2\/comments?post=64"}],"wp:featuredmedia":[{"embeddable":true,"href":"https:\/\/pl-graphisme.org\/Vente\/wp-json\/wp\/v2\/media\/65"}],"wp:attachment":[{"href":"https:\/\/pl-graphisme.org\/Vente\/wp-json\/wp\/v2\/media?parent=64"}],"wp:term":[{"taxonomy":"product_brand","embeddable":true,"href":"https:\/\/pl-graphisme.org\/Vente\/wp-json\/wp\/v2\/product_brand?post=64"},{"taxonomy":"product_cat","embeddable":true,"href":"https:\/\/pl-graphisme.org\/Vente\/wp-json\/wp\/v2\/product_cat?post=64"},{"taxonomy":"product_tag","embeddable":true,"href":"https:\/\/pl-graphisme.org\/Vente\/wp-json\/wp\/v2\/product_tag?post=64"}],"curies":[{"name":"wp","href":"https:\/\/api.w.org\/{rel}","templated":true}]}}