{"id":53,"date":"2022-11-30T13:18:48","date_gmt":"2022-11-30T13:18:48","guid":{"rendered":"https:\/\/pl-graphisme.org\/Vente\/product\/hoodie-with-logo\/"},"modified":"2025-03-09T10:01:45","modified_gmt":"2025-03-09T10:01:45","slug":"aube-a-wolfganzen","status":"publish","type":"product","link":"https:\/\/pl-graphisme.org\/Vente\/product\/aube-a-wolfganzen\/","title":{"rendered":"Aube \u00e0 Wolfganzen, (Indisponible)"},"content":{"rendered":"<p>Aube \u00e0 Wolfganzen, Peinture acrylique sur toile de Philippe Levasseur de 2012, dimensions 39x29cm encadr\u00e9e 44x34cm.<\/p>\n<p>Il a \u00e9t\u00e9 offert au Rotary Club Montpellier Etang de l&#8217;or pour une tombola au profit de ses \u0153uvres le 7 mars 2025.<\/p>\n","protected":false},"excerpt":{"rendered":"<p>Aube \u00e0 Wolfganzen, Peinture acrylique sur toile de 2012, 39x29cm encadr\u00e9e 44x34cm. Philippe Levasseur.<\/p>\n<p>Cadre en bois vernis filet dor\u00e9.<\/p>\n","protected":false},"featured_media":55,"comment_status":"open","ping_status":"closed","template":"","meta":{"nf_dc_page":"","om_disable_all_campaigns":false,"_monsterinsights_skip_tracking":false,"_monsterinsights_sitenote_active":false,"_monsterinsights_sitenote_note":"","_monsterinsights_sitenote_category":0},"product_brand":[],"product_cat":[20],"product_tag":[21,23,29,25,49,48,36,24],"class_list":{"0":"post-53","1":"product","2":"type-product","3":"status-publish","4":"has-post-thumbnail","6":"product_cat-peintures-acryliques","7":"product_tag-acrylique","8":"product_tag-alsace","9":"product_tag-coucher-de-soleil","10":"product_tag-encadree","11":"product_tag-peinture","12":"product_tag-philippe-levasseur","13":"product_tag-tableau","14":"product_tag-toile","16":"first","17":"outofstock","18":"shipping-taxable","19":"purchasable","20":"product-type-simple"},"aioseo_notices":[],"jetpack-related-posts":[{"id":426,"url":"https:\/\/pl-graphisme.org\/Vente\/product\/col-du-granier-a-laube\/","url_meta":{"origin":53,"position":0},"title":"Col du Granier \u00e0 l&#8217;aube","author":"phil.levasseur","date":"17\/01\/2023","format":false,"excerpt":"Col du Granier \u00e0 l'aube. Huile sur isorel de Philippe Levasseur, peinte en 1995. Dimensions 50x40cm encadr\u00e9 60x50cm. Cadre bois r\u00e9alis\u00e9 par lui m\u00eame. En fonction de l'affichage des \u00e9crans les teintes peuvent diff\u00e9rer l\u00e9g\u00e8rement de l'original.","rel":"","context":"Article similaire","block_context":{"text":"Article similaire","link":""},"img":{"alt_text":"Col du Granier \u00e0 l'aube, huile sur isorel peinte par Philippe Levasseur en 1995, 50x40cm, encadr\u00e9 60x50cm","src":"https:\/\/i0.wp.com\/pl-graphisme.org\/Vente\/wp-content\/uploads\/2023\/01\/Graniersans-cadre-site.jpg?fit=800%2C621&ssl=1&resize=350%2C200","width":350,"height":200,"srcset":"https:\/\/i0.wp.com\/pl-graphisme.org\/Vente\/wp-content\/uploads\/2023\/01\/Graniersans-cadre-site.jpg?fit=800%2C621&ssl=1&resize=350%2C200 1x, https:\/\/i0.wp.com\/pl-graphisme.org\/Vente\/wp-content\/uploads\/2023\/01\/Graniersans-cadre-site.jpg?fit=800%2C621&ssl=1&resize=525%2C300 1.5x, https:\/\/i0.wp.com\/pl-graphisme.org\/Vente\/wp-content\/uploads\/2023\/01\/Graniersans-cadre-site.jpg?fit=800%2C621&ssl=1&resize=700%2C400 2x"},"classes":[]},{"id":194,"url":"https:\/\/pl-graphisme.org\/Vente\/product\/la-glycine\/","url_meta":{"origin":53,"position":1},"title":"La glycine","author":"phil.levasseur","date":"05\/12\/2022","format":false,"excerpt":"La glycine, peinture acrylique sur carton, 30x42 cm, caisse am\u00e9ricaine, 37x49 cm. Mat\u00e9riaux recycl\u00e9s. Par Philippe Levasseur.","rel":"","context":"Article similaire","block_context":{"text":"Article similaire","link":""},"img":{"alt_text":"la glycine, acrylique sur carton, Philippe levasseur","src":"https:\/\/i0.wp.com\/pl-graphisme.org\/Vente\/wp-content\/uploads\/2022\/12\/la-glycine-sans-cadre.jpg?fit=442%2C600&ssl=1&resize=350%2C200","width":350,"height":200},"classes":[]},{"id":197,"url":"https:\/\/pl-graphisme.org\/Vente\/product\/fujiyama-au-printemps\/","url_meta":{"origin":53,"position":2},"title":"Fujiyama au printemps","author":"phil.levasseur","date":"05\/12\/2022","format":false,"excerpt":"Fujiyama au printemps, acrylique sur carton 42x30 cm, encadr\u00e9 en caisse am\u00e9ricaine 48.5x36.5, d'apr\u00e8s photo anonyme, peinture Philippe Levasseur.","rel":"","context":"Article similaire","block_context":{"text":"Article similaire","link":""},"img":{"alt_text":"Fujiyama au printemps, acrylique sur carton 42x30 cm, encadr\u00e9 en caisse am\u00e9ricaine 48.5x36.5, d'apr\u00e8s photo anonyme, peinture Philippe Levasseur.","src":"https:\/\/i0.wp.com\/pl-graphisme.org\/Vente\/wp-content\/uploads\/2022\/12\/Fujiyama-au-printemps-sans-cadre.jpg?fit=600%2C427&ssl=1&resize=350%2C200","width":350,"height":200,"srcset":"https:\/\/i0.wp.com\/pl-graphisme.org\/Vente\/wp-content\/uploads\/2022\/12\/Fujiyama-au-printemps-sans-cadre.jpg?fit=600%2C427&ssl=1&resize=350%2C200 1x, https:\/\/i0.wp.com\/pl-graphisme.org\/Vente\/wp-content\/uploads\/2022\/12\/Fujiyama-au-printemps-sans-cadre.jpg?fit=600%2C427&ssl=1&resize=525%2C300 1.5x"},"classes":[]},{"id":200,"url":"https:\/\/pl-graphisme.org\/Vente\/product\/piazza-san-marco-aqua-alta\/","url_meta":{"origin":53,"position":3},"title":"Piazza San Marco, aqua alta","author":"phil.levasseur","date":"05\/12\/2022","format":false,"excerpt":"Piazza San Marco, aqua alta ; Venise, acrylique sur carton 30x42 cm, encadr\u00e9 en caisse am\u00e9ricaine 37x49 cm, d\u2019apr\u00e8s photo Philippe Levasseur. Mat\u00e9riaux recycl\u00e9s.","rel":"","context":"Article similaire","block_context":{"text":"Article similaire","link":""},"img":{"alt_text":"Piazza San Marco, aqua alta ; Venise, acrylique sur carton 30x42 cm, encadr\u00e9 en caisse am\u00e9ricaine 37x49 cm, d\u2019apr\u00e8s photo Philippe Levasseur. Mat\u00e9riaux recycl\u00e9s.","src":"https:\/\/i0.wp.com\/pl-graphisme.org\/Vente\/wp-content\/uploads\/2022\/12\/san-marco-01-sans-cadre.jpg?fit=438%2C600&ssl=1&resize=350%2C200","width":350,"height":200},"classes":[]},{"id":450,"url":"https:\/\/pl-graphisme.org\/Vente\/product\/un-anneau\/","url_meta":{"origin":53,"position":4},"title":"Un Anneau","author":"phil.levasseur","date":"19\/01\/2023","format":false,"excerpt":"Un anneau, acrylique cir\u00e9 et papier m\u00e2ch\u00e9 sur isorel de Philippe Levasseur, R\u00e9alis\u00e9 en octobre 2022 dimensions 24x24cm, encadr\u00e9 caisse am\u00e9ricaine 33x33cm. Tous les mat\u00e9riaux sont issus de recyclage. En fonctions des \u00e9crans les teintes peuvent \u00eatre l\u00e9g\u00e8rement diff\u00e9rentes.","rel":"","context":"Article similaire","block_context":{"text":"Article similaire","link":""},"img":{"alt_text":"","src":"","width":0,"height":0},"classes":[]},{"id":599,"url":"https:\/\/pl-graphisme.org\/Vente\/product\/duo\/","url_meta":{"origin":53,"position":5},"title":"Duo","author":"phil.levasseur","date":"03\/02\/2023","format":false,"excerpt":"Duo, acrylique cir\u00e9 et papier m\u00e2ch\u00e9 sur isorel de Philippe Levasseur, r\u00e9alis\u00e9 en janvier 2023. Dimensions 25,5x50cm, encadr\u00e9 caisse am\u00e9ricaine 36,5x61cm. Tous les mat\u00e9riaux sont issus de recyclage. En fonctions des \u00e9crans les teintes peuvent \u00eatre l\u00e9g\u00e8rement diff\u00e9rentes.","rel":"","context":"Article similaire","block_context":{"text":"Article similaire","link":""},"img":{"alt_text":"Duo, acrylique cir\u00e9e sur papier m\u00e2ch\u00e9 et isoren.","src":"https:\/\/i0.wp.com\/pl-graphisme.org\/Vente\/wp-content\/uploads\/2023\/02\/duo.jpg?fit=712%2C1200&ssl=1&resize=350%2C200","width":350,"height":200,"srcset":"https:\/\/i0.wp.com\/pl-graphisme.org\/Vente\/wp-content\/uploads\/2023\/02\/duo.jpg?fit=712%2C1200&ssl=1&resize=350%2C200 1x, https:\/\/i0.wp.com\/pl-graphisme.org\/Vente\/wp-content\/uploads\/2023\/02\/duo.jpg?fit=712%2C1200&ssl=1&resize=525%2C300 1.5x, https:\/\/i0.wp.com\/pl-graphisme.org\/Vente\/wp-content\/uploads\/2023\/02\/duo.jpg?fit=712%2C1200&ssl=1&resize=700%2C400 2x"},"classes":[]}],"jetpack_sharing_enabled":true,"_links":{"self":[{"href":"https:\/\/pl-graphisme.org\/Vente\/wp-json\/wp\/v2\/product\/53","targetHints":{"allow":["GET"]}}],"collection":[{"href":"https:\/\/pl-graphisme.org\/Vente\/wp-json\/wp\/v2\/product"}],"about":[{"href":"https:\/\/pl-graphisme.org\/Vente\/wp-json\/wp\/v2\/types\/product"}],"replies":[{"embeddable":true,"href":"https:\/\/pl-graphisme.org\/Vente\/wp-json\/wp\/v2\/comments?post=53"}],"wp:featuredmedia":[{"embeddable":true,"href":"https:\/\/pl-graphisme.org\/Vente\/wp-json\/wp\/v2\/media\/55"}],"wp:attachment":[{"href":"https:\/\/pl-graphisme.org\/Vente\/wp-json\/wp\/v2\/media?parent=53"}],"wp:term":[{"taxonomy":"product_brand","embeddable":true,"href":"https:\/\/pl-graphisme.org\/Vente\/wp-json\/wp\/v2\/product_brand?post=53"},{"taxonomy":"product_cat","embeddable":true,"href":"https:\/\/pl-graphisme.org\/Vente\/wp-json\/wp\/v2\/product_cat?post=53"},{"taxonomy":"product_tag","embeddable":true,"href":"https:\/\/pl-graphisme.org\/Vente\/wp-json\/wp\/v2\/product_tag?post=53"}],"curies":[{"name":"wp","href":"https:\/\/api.w.org\/{rel}","templated":true}]}}