{"id":473,"date":"2023-01-23T09:12:58","date_gmt":"2023-01-23T09:12:58","guid":{"rendered":"https:\/\/pl-graphisme.org\/Vente\/?post_type=product&#038;p=473"},"modified":"2023-01-23T09:13:10","modified_gmt":"2023-01-23T09:13:10","slug":"livret-daquarelles","status":"publish","type":"product","link":"https:\/\/pl-graphisme.org\/Vente\/product\/livret-daquarelles\/","title":{"rendered":"Livret d&#8217;aquarelles"},"content":{"rendered":"<p>Livret d&#8217;aquarelles:<\/p>\n<p>Ce carnet contient les reproductions de 25 aquarelles de Philippe Levasseur.<\/p>\n<p>Dimensions 18&#215;13,5cm<\/p>\n<p>Couverture en papier glac\u00e9, pages en papier mat.<\/p>\n<p>Chaque exemplaire sera d\u00e9dicac\u00e9.<\/p>\n","protected":false},"excerpt":{"rendered":"<p>Carnet d&#8217;aquarelles:<\/p>\n<p>Ce carnet contient les reproductions de 25 aquarelles de Philippe Levasseur.<\/p>\n<p>Dimensions 18&#215;13,5cm<\/p>\n<p>Couverture en papier glac\u00e9, pages en papier mat.<\/p>\n<p>Chaque exemplaire sera d\u00e9dicac\u00e9.<\/p>\n","protected":false},"featured_media":474,"comment_status":"open","ping_status":"closed","template":"","meta":{"nf_dc_page":"","om_disable_all_campaigns":false,"_monsterinsights_skip_tracking":false,"_monsterinsights_sitenote_active":false,"_monsterinsights_sitenote_note":"","_monsterinsights_sitenote_category":0},"product_brand":[],"product_cat":[30,113,114],"product_tag":[31,116,117,48,115],"class_list":{"0":"post-473","1":"product","2":"type-product","3":"status-publish","4":"has-post-thumbnail","6":"product_cat-aquarelles","7":"product_cat-bibliotheque","8":"product_cat-reproductions","9":"product_tag-aquarelles","10":"product_tag-carnet","11":"product_tag-livret","12":"product_tag-philippe-levasseur","13":"product_tag-reproductions","15":"first","16":"instock","17":"shipping-taxable","18":"purchasable","19":"product-type-simple"},"aioseo_notices":[],"jetpack-related-posts":[{"id":338,"url":"https:\/\/pl-graphisme.org\/Vente\/product\/reflexion-dartiste-sur-la-beaute\/","url_meta":{"origin":473,"position":0},"title":"R\u00e9flexion d&#8217;artiste sur la beaut\u00e9","author":"phil.levasseur","date":"10\/01\/2023","format":false,"excerpt":"R\u00e9flexion d'artiste sur la beaut\u00e9 photographie originale de Philippe Levasseur 20x30cm sign\u00e9e et num\u00e9rot\u00e9e 1\/30 sur support rigide Forex. S\u00e9rie limit\u00e9e \u00e0 30 exemplaires tous formats et supports confondus ou reproduction sur papier photo sur commande, dimensions sur devis","rel":"","context":"Article similaire","block_context":{"text":"Article similaire","link":""},"img":{"alt_text":"photographie originale sur support rigide Forex, 30x20cm est disponible. S\u00e9rie limit\u00e9e \u00e0 30 exemplaires ou reproduction sur papier photo, les dimensions et support sont \u00e0 d\u00e9terminer sur devis.","src":"https:\/\/i0.wp.com\/pl-graphisme.org\/Vente\/wp-content\/uploads\/2023\/01\/reflexion-coeff-15-1500.jpg?fit=798%2C1200&ssl=1&resize=350%2C200","width":350,"height":200,"srcset":"https:\/\/i0.wp.com\/pl-graphisme.org\/Vente\/wp-content\/uploads\/2023\/01\/reflexion-coeff-15-1500.jpg?fit=798%2C1200&ssl=1&resize=350%2C200 1x, https:\/\/i0.wp.com\/pl-graphisme.org\/Vente\/wp-content\/uploads\/2023\/01\/reflexion-coeff-15-1500.jpg?fit=798%2C1200&ssl=1&resize=525%2C300 1.5x, https:\/\/i0.wp.com\/pl-graphisme.org\/Vente\/wp-content\/uploads\/2023\/01\/reflexion-coeff-15-1500.jpg?fit=798%2C1200&ssl=1&resize=700%2C400 2x"},"classes":[]},{"id":336,"url":"https:\/\/pl-graphisme.org\/Vente\/product\/papillon-sur-un-filet\/","url_meta":{"origin":473,"position":1},"title":"Papillon sur un filet","author":"phil.levasseur","date":"10\/01\/2023","format":false,"excerpt":"Port de Palavas, photographie originale sign\u00e9e et num\u00e9rot\u00e9e 1\/30 sur support rigide Forex. S\u00e9rie limit\u00e9e \u00e0 30 exemplaires tous formats et supports confondus ou reproductions photographiques sur papier Fuji sur devis.","rel":"","context":"Article similaire","block_context":{"text":"Article similaire","link":""},"img":{"alt_text":"Papillon sur un filet. Photographie de Philippe Levasseur. Juillet 2021. 360x30cm support rigide Forex Originale sign\u00e9e et num\u00e9rot\u00e9e 1\/30. S\u00e9rie limit\u00e9e \u00e0 30 exemplaires tous formats et supports confondus ou reproduction sur papier photo sur commande, dimensions sur devis","src":"https:\/\/i0.wp.com\/pl-graphisme.org\/Vente\/wp-content\/uploads\/2023\/01\/2021-07-18-papillon-coef-2-1500.jpg?fit=1200%2C600&ssl=1&resize=350%2C200","width":350,"height":200,"srcset":"https:\/\/i0.wp.com\/pl-graphisme.org\/Vente\/wp-content\/uploads\/2023\/01\/2021-07-18-papillon-coef-2-1500.jpg?fit=1200%2C600&ssl=1&resize=350%2C200 1x, https:\/\/i0.wp.com\/pl-graphisme.org\/Vente\/wp-content\/uploads\/2023\/01\/2021-07-18-papillon-coef-2-1500.jpg?fit=1200%2C600&ssl=1&resize=525%2C300 1.5x, https:\/\/i0.wp.com\/pl-graphisme.org\/Vente\/wp-content\/uploads\/2023\/01\/2021-07-18-papillon-coef-2-1500.jpg?fit=1200%2C600&ssl=1&resize=700%2C400 2x, https:\/\/i0.wp.com\/pl-graphisme.org\/Vente\/wp-content\/uploads\/2023\/01\/2021-07-18-papillon-coef-2-1500.jpg?fit=1200%2C600&ssl=1&resize=1050%2C600 3x"},"classes":[]},{"id":345,"url":"https:\/\/pl-graphisme.org\/Vente\/product\/retour-de-peche-au-grau-du-roi\/","url_meta":{"origin":473,"position":2},"title":"Retour de p\u00eache au Grau du Roi","author":"phil.levasseur","date":"11\/01\/2023","format":false,"excerpt":"Retour de p\u00eache au Grau du Roi. Photographie originale de Philippe Levasseur du 09 2018, disponible en 30x60cm sign\u00e9e et num\u00e9rot\u00e9e 1\/30 sur support rigide Forex. S\u00e9rie limit\u00e9e \u00e0 30 exemplaires tous formats et supports confondus ou reproduction sur papier photo Fuji sur commande, dimensions sur devis","rel":"","context":"Article similaire","block_context":{"text":"Article similaire","link":""},"img":{"alt_text":"Retour de p\u00eache au Grau du Roi, 09 2018, photographie originale sur support rigide, s\u00e9rie limit\u00e9e \u00e0 30 exemplaires ou reproduction sur papier photo, dimensions sur devis.","src":"https:\/\/i0.wp.com\/pl-graphisme.org\/Vente\/wp-content\/uploads\/2023\/01\/retour-de-peche-au-Grau-du-Roy-coef-2-1500.jpg?fit=1200%2C600&ssl=1&resize=350%2C200","width":350,"height":200,"srcset":"https:\/\/i0.wp.com\/pl-graphisme.org\/Vente\/wp-content\/uploads\/2023\/01\/retour-de-peche-au-Grau-du-Roy-coef-2-1500.jpg?fit=1200%2C600&ssl=1&resize=350%2C200 1x, https:\/\/i0.wp.com\/pl-graphisme.org\/Vente\/wp-content\/uploads\/2023\/01\/retour-de-peche-au-Grau-du-Roy-coef-2-1500.jpg?fit=1200%2C600&ssl=1&resize=525%2C300 1.5x, https:\/\/i0.wp.com\/pl-graphisme.org\/Vente\/wp-content\/uploads\/2023\/01\/retour-de-peche-au-Grau-du-Roy-coef-2-1500.jpg?fit=1200%2C600&ssl=1&resize=700%2C400 2x, https:\/\/i0.wp.com\/pl-graphisme.org\/Vente\/wp-content\/uploads\/2023\/01\/retour-de-peche-au-Grau-du-Roy-coef-2-1500.jpg?fit=1200%2C600&ssl=1&resize=1050%2C600 3x"},"classes":[]},{"id":342,"url":"https:\/\/pl-graphisme.org\/Vente\/product\/promenade-du-peyrou\/","url_meta":{"origin":473,"position":3},"title":"Promenade du Peyrou","author":"phil.levasseur","date":"10\/01\/2023","format":false,"excerpt":"Promenade du Peyrou, photographie originale sign\u00e9e et num\u00e9rot\u00e9e 1\/30 sur support rigide Forex. S\u00e9rie limit\u00e9e \u00e0 30 exemplaires tous formats et supports confondus ou reproductions photographiques sur papier Fuji sur devis.","rel":"","context":"Article similaire","block_context":{"text":"Article similaire","link":""},"img":{"alt_text":"Promenade du Peyrou, Montpellier. Photographie originale sur support rigide, s\u00e9rie limit\u00e9e \u00e0 30 exemplaires ou reproduction sur papier photo, dimensions sur devis.","src":"https:\/\/i0.wp.com\/pl-graphisme.org\/Vente\/wp-content\/uploads\/2023\/01\/esplanade-du-peyrou-montpellier-coef-2-1500.jpg?fit=1200%2C598&ssl=1&resize=350%2C200","width":350,"height":200,"srcset":"https:\/\/i0.wp.com\/pl-graphisme.org\/Vente\/wp-content\/uploads\/2023\/01\/esplanade-du-peyrou-montpellier-coef-2-1500.jpg?fit=1200%2C598&ssl=1&resize=350%2C200 1x, https:\/\/i0.wp.com\/pl-graphisme.org\/Vente\/wp-content\/uploads\/2023\/01\/esplanade-du-peyrou-montpellier-coef-2-1500.jpg?fit=1200%2C598&ssl=1&resize=525%2C300 1.5x, https:\/\/i0.wp.com\/pl-graphisme.org\/Vente\/wp-content\/uploads\/2023\/01\/esplanade-du-peyrou-montpellier-coef-2-1500.jpg?fit=1200%2C598&ssl=1&resize=700%2C400 2x, https:\/\/i0.wp.com\/pl-graphisme.org\/Vente\/wp-content\/uploads\/2023\/01\/esplanade-du-peyrou-montpellier-coef-2-1500.jpg?fit=1200%2C598&ssl=1&resize=1050%2C600 3x"},"classes":[]},{"id":334,"url":"https:\/\/pl-graphisme.org\/Vente\/product\/port-de-palavas\/","url_meta":{"origin":473,"position":4},"title":"Port de Palavas","author":"phil.levasseur","date":"10\/01\/2023","format":false,"excerpt":"Port de Palavas, photographie originale sign\u00e9e et num\u00e9rot\u00e9e 1\/30 sur support rigide Forex. S\u00e9rie limit\u00e9e \u00e0 30 exemplaires tous formats et supports confondus ou reproductions photographiques sur papier Fuji sur devis.","rel":"","context":"Article similaire","block_context":{"text":"Article similaire","link":""},"img":{"alt_text":"Port de Palavas. photo sur commande, dimensions sur devis par la page contact.","src":"https:\/\/i0.wp.com\/pl-graphisme.org\/Vente\/wp-content\/uploads\/2023\/01\/port-de-palavas-coef-2-1500.jpg?fit=1200%2C600&ssl=1&resize=350%2C200","width":350,"height":200,"srcset":"https:\/\/i0.wp.com\/pl-graphisme.org\/Vente\/wp-content\/uploads\/2023\/01\/port-de-palavas-coef-2-1500.jpg?fit=1200%2C600&ssl=1&resize=350%2C200 1x, https:\/\/i0.wp.com\/pl-graphisme.org\/Vente\/wp-content\/uploads\/2023\/01\/port-de-palavas-coef-2-1500.jpg?fit=1200%2C600&ssl=1&resize=525%2C300 1.5x, https:\/\/i0.wp.com\/pl-graphisme.org\/Vente\/wp-content\/uploads\/2023\/01\/port-de-palavas-coef-2-1500.jpg?fit=1200%2C600&ssl=1&resize=700%2C400 2x, https:\/\/i0.wp.com\/pl-graphisme.org\/Vente\/wp-content\/uploads\/2023\/01\/port-de-palavas-coef-2-1500.jpg?fit=1200%2C600&ssl=1&resize=1050%2C600 3x"},"classes":[]},{"id":343,"url":"https:\/\/pl-graphisme.org\/Vente\/product\/graphe-a-lille\/","url_meta":{"origin":473,"position":5},"title":"Graphe \u00e0 Lille","author":"phil.levasseur","date":"10\/01\/2023","format":false,"excerpt":"Graphe \u00e0 Lille, photographie originale sign\u00e9e et num\u00e9rot\u00e9e 1\/30 sur support rigide Forex. S\u00e9rie limit\u00e9e \u00e0 30 exemplaires tous formats et supports confondus ou reproductions photographiques sur papier Fuji sur devis.","rel":"","context":"Article similaire","block_context":{"text":"Article similaire","link":""},"img":{"alt_text":"Graphe \u00e0 Lille, Photographie originale sur support rigide, s\u00e9rie limit\u00e9e \u00e0 30 exemplaires ou reproduction sur papier photo, dimensions sur devis.","src":"https:\/\/i0.wp.com\/pl-graphisme.org\/Vente\/wp-content\/uploads\/2023\/01\/graphe-a-lille-coef-2-1500.jpg?fit=1200%2C598&ssl=1&resize=350%2C200","width":350,"height":200,"srcset":"https:\/\/i0.wp.com\/pl-graphisme.org\/Vente\/wp-content\/uploads\/2023\/01\/graphe-a-lille-coef-2-1500.jpg?fit=1200%2C598&ssl=1&resize=350%2C200 1x, https:\/\/i0.wp.com\/pl-graphisme.org\/Vente\/wp-content\/uploads\/2023\/01\/graphe-a-lille-coef-2-1500.jpg?fit=1200%2C598&ssl=1&resize=525%2C300 1.5x, https:\/\/i0.wp.com\/pl-graphisme.org\/Vente\/wp-content\/uploads\/2023\/01\/graphe-a-lille-coef-2-1500.jpg?fit=1200%2C598&ssl=1&resize=700%2C400 2x, https:\/\/i0.wp.com\/pl-graphisme.org\/Vente\/wp-content\/uploads\/2023\/01\/graphe-a-lille-coef-2-1500.jpg?fit=1200%2C598&ssl=1&resize=1050%2C600 3x"},"classes":[]}],"jetpack_sharing_enabled":true,"_links":{"self":[{"href":"https:\/\/pl-graphisme.org\/Vente\/wp-json\/wp\/v2\/product\/473","targetHints":{"allow":["GET"]}}],"collection":[{"href":"https:\/\/pl-graphisme.org\/Vente\/wp-json\/wp\/v2\/product"}],"about":[{"href":"https:\/\/pl-graphisme.org\/Vente\/wp-json\/wp\/v2\/types\/product"}],"replies":[{"embeddable":true,"href":"https:\/\/pl-graphisme.org\/Vente\/wp-json\/wp\/v2\/comments?post=473"}],"wp:featuredmedia":[{"embeddable":true,"href":"https:\/\/pl-graphisme.org\/Vente\/wp-json\/wp\/v2\/media\/474"}],"wp:attachment":[{"href":"https:\/\/pl-graphisme.org\/Vente\/wp-json\/wp\/v2\/media?parent=473"}],"wp:term":[{"taxonomy":"product_brand","embeddable":true,"href":"https:\/\/pl-graphisme.org\/Vente\/wp-json\/wp\/v2\/product_brand?post=473"},{"taxonomy":"product_cat","embeddable":true,"href":"https:\/\/pl-graphisme.org\/Vente\/wp-json\/wp\/v2\/product_cat?post=473"},{"taxonomy":"product_tag","embeddable":true,"href":"https:\/\/pl-graphisme.org\/Vente\/wp-json\/wp\/v2\/product_tag?post=473"}],"curies":[{"name":"wp","href":"https:\/\/api.w.org\/{rel}","templated":true}]}}