{"id":459,"date":"2023-01-22T10:32:00","date_gmt":"2023-01-22T10:32:00","guid":{"rendered":"https:\/\/pl-graphisme.org\/Vente\/?post_type=product&#038;p=459"},"modified":"2023-03-01T04:59:09","modified_gmt":"2023-03-01T04:59:09","slug":"variations-chromatiques-rouge","status":"publish","type":"product","link":"https:\/\/pl-graphisme.org\/Vente\/product\/variations-chromatiques-rouge\/","title":{"rendered":"Variations chromatiques rouge"},"content":{"rendered":"<p>Variations chromatiques rouge, acrylique cir\u00e9 et papier m\u00e2ch\u00e9 sur isorel de Philippe Levasseur, r\u00e9alis\u00e9 en novembre 2022<\/p>\n<p>Fait partie d&#8217;une s\u00e9rie de 4 tableaux.<\/p>\n<p>Dimensions 38x38cm, encadr\u00e9 caisse am\u00e9ricaine 48x48cm.<\/p>\n<p>Tous les mat\u00e9riaux sont issus de recyclage.<\/p>\n<p>En fonctions des \u00e9crans les teintes peuvent \u00eatre l\u00e9g\u00e8rement diff\u00e9rentes.<\/p>\n","protected":false},"excerpt":{"rendered":"<p>Variations chromatiques rouge, acrylique cir\u00e9 et papier m\u00e2ch\u00e9 sur isorel de Philippe Levasseur, r\u00e9alis\u00e9 en novembre 2022<\/p>\n<p>Fait partie d&#8217;une s\u00e9rie de 4 tableaux.<\/p>\n<p>Dimensions 38x38cm, encadr\u00e9 caisse am\u00e9ricaine 48x48cm.<\/p>\n<p>Tous les mat\u00e9riaux sont issus de recyclage.<\/p>\n<p>En fonctions des \u00e9crans les teintes peuvent \u00eatre l\u00e9g\u00e8rement diff\u00e9rentes.<\/p>\n<p><a href=\"https:\/\/pl-graphisme.org\/Vente\/product\/variations-chromatiques-serie\/\" target=\"_blank\" rel=\"noopener\">Acheter la s\u00e9rie<\/a><\/p>\n<p>&nbsp;<\/p>\n","protected":false},"featured_media":460,"comment_status":"open","ping_status":"closed","template":"","meta":{"nf_dc_page":"","om_disable_all_campaigns":false,"_monsterinsights_skip_tracking":false,"_monsterinsights_sitenote_active":false,"_monsterinsights_sitenote_note":"","_monsterinsights_sitenote_category":0},"product_brand":[],"product_cat":[20,32],"product_tag":[50,21,25,35,49,48,61,36,34,112],"class_list":{"0":"post-459","1":"product","2":"type-product","3":"status-publish","4":"has-post-thumbnail","6":"product_cat-peintures-acryliques","7":"product_cat-technique-mixte","8":"product_tag-abstrait","9":"product_tag-acrylique","10":"product_tag-encadree","11":"product_tag-papier-mache","12":"product_tag-peinture","13":"product_tag-philippe-levasseur","14":"product_tag-recyclage","15":"product_tag-tableau","16":"product_tag-technique-mixte","17":"product_tag-variations-chromatiques","19":"first","20":"instock","21":"shipping-taxable","22":"purchasable","23":"product-type-simple"},"aioseo_notices":[],"jetpack-related-posts":[{"id":454,"url":"https:\/\/pl-graphisme.org\/Vente\/product\/variations-chromatiques-jaune\/","url_meta":{"origin":459,"position":0},"title":"Variations chromatiques jaune","author":"phil.levasseur","date":"20\/01\/2023","format":false,"excerpt":"Variations chromatiques jaune, acrylique cir\u00e9 et papier m\u00e2ch\u00e9 sur isorel de Philippe Levasseur, r\u00e9alis\u00e9 en novembre 2022 Dimensions 38x38cm, encadr\u00e9 caisse am\u00e9ricaine 48x48cm. Tous les mat\u00e9riaux sont issus de recyclage. En fonctions des \u00e9crans les teintes peuvent \u00eatre l\u00e9g\u00e8rement diff\u00e9rentes. Acheter la s\u00e9rie","rel":"","context":"Article similaire","block_context":{"text":"Article similaire","link":""},"img":{"alt_text":"Variations chromatiques jaune, acrylique cir\u00e9 et papier m\u00e2ch\u00e9 sur isorel de Philippe Levasseur, r\u00e9alis\u00e9 en novembre 2022 Dimensions 38x38cm, encadr\u00e9 caisse am\u00e9ricaine 48x48cm. Tous les mat\u00e9riaux sont issus de recyclage. En fonctions des \u00e9crans les teintes peuvent \u00eatre l\u00e9g\u00e8rement diff\u00e9rentes.","src":"https:\/\/i0.wp.com\/pl-graphisme.org\/Vente\/wp-content\/uploads\/2023\/01\/variations-chromatiques-jaune-encadree.jpg?fit=1000%2C1001&ssl=1&resize=350%2C200","width":350,"height":200,"srcset":"https:\/\/i0.wp.com\/pl-graphisme.org\/Vente\/wp-content\/uploads\/2023\/01\/variations-chromatiques-jaune-encadree.jpg?fit=1000%2C1001&ssl=1&resize=350%2C200 1x, https:\/\/i0.wp.com\/pl-graphisme.org\/Vente\/wp-content\/uploads\/2023\/01\/variations-chromatiques-jaune-encadree.jpg?fit=1000%2C1001&ssl=1&resize=525%2C300 1.5x, https:\/\/i0.wp.com\/pl-graphisme.org\/Vente\/wp-content\/uploads\/2023\/01\/variations-chromatiques-jaune-encadree.jpg?fit=1000%2C1001&ssl=1&resize=700%2C400 2x"},"classes":[]},{"id":462,"url":"https:\/\/pl-graphisme.org\/Vente\/product\/variations-chromatiques-bleu\/","url_meta":{"origin":459,"position":1},"title":"Variations chromatiques bleu","author":"phil.levasseur","date":"22\/01\/2023","format":false,"excerpt":"Variations chromatiques bleu, acrylique cir\u00e9 et papier m\u00e2ch\u00e9 sur isorel de Philippe Levasseur, r\u00e9alis\u00e9 en octobre 2022 Fait partie d'une s\u00e9rie de 4 tableaux. Dimensions 38x38cm, encadr\u00e9 caisse am\u00e9ricaine 48x48cm. Tous les mat\u00e9riaux sont issus de recyclage. En fonctions des \u00e9crans les teintes peuvent \u00eatre l\u00e9g\u00e8rement diff\u00e9rentes. Acheter la s\u00e9rie","rel":"","context":"Article similaire","block_context":{"text":"Article similaire","link":""},"img":{"alt_text":"Variations chromatiques bleu, acrylique cir\u00e9 et papier m\u00e2ch\u00e9 sur isorel de Philippe Levasseur, r\u00e9alis\u00e9 en octobre 2022 Dimensions 38x38cm, encadr\u00e9 caisse am\u00e9ricaine 48x48cm. Tous les mat\u00e9riaux sont issus de recyclage. En fonctions des \u00e9crans les teintes peuvent \u00eatre l\u00e9g\u00e8rement diff\u00e9rentes.","src":"https:\/\/i0.wp.com\/pl-graphisme.org\/Vente\/wp-content\/uploads\/2023\/01\/variations-chromatiquesbleu-encadre.jpg?fit=1000%2C986&ssl=1&resize=350%2C200","width":350,"height":200,"srcset":"https:\/\/i0.wp.com\/pl-graphisme.org\/Vente\/wp-content\/uploads\/2023\/01\/variations-chromatiquesbleu-encadre.jpg?fit=1000%2C986&ssl=1&resize=350%2C200 1x, https:\/\/i0.wp.com\/pl-graphisme.org\/Vente\/wp-content\/uploads\/2023\/01\/variations-chromatiquesbleu-encadre.jpg?fit=1000%2C986&ssl=1&resize=525%2C300 1.5x, https:\/\/i0.wp.com\/pl-graphisme.org\/Vente\/wp-content\/uploads\/2023\/01\/variations-chromatiquesbleu-encadre.jpg?fit=1000%2C986&ssl=1&resize=700%2C400 2x"},"classes":[]},{"id":470,"url":"https:\/\/pl-graphisme.org\/Vente\/product\/variations-chromatiques-blanc\/","url_meta":{"origin":459,"position":2},"title":"Variations chromatiques blanc","author":"phil.levasseur","date":"22\/01\/2023","format":false,"excerpt":"Variations chromatiques blanc, acrylique cir\u00e9 et papier m\u00e2ch\u00e9 sur isorel de Philippe Levasseur, r\u00e9alis\u00e9 en octobre 2022 Fait partie d'une s\u00e9rie de 4 tableaux. Dimensions 38x38cm, encadr\u00e9 caisse am\u00e9ricaine 48x48cm. Tous les mat\u00e9riaux sont issus de recyclage. En fonctions des \u00e9crans les teintes peuvent \u00eatre l\u00e9g\u00e8rement diff\u00e9rentes. Acheter la s\u00e9rie","rel":"","context":"Article similaire","block_context":{"text":"Article similaire","link":""},"img":{"alt_text":"Variations chromatiques blanc, acrylique cir\u00e9 et papier m\u00e2ch\u00e9 sur isorel de Philippe Levasseur, r\u00e9alis\u00e9 en octobre 2022 Dimensions 38x38cm, encadr\u00e9 caisse am\u00e9ricaine 48x48cm. Tous les mat\u00e9riaux sont issus de recyclage. En fonctions des \u00e9crans les teintes peuvent \u00eatre l\u00e9g\u00e8rement diff\u00e9rentes.","src":"https:\/\/i0.wp.com\/pl-graphisme.org\/Vente\/wp-content\/uploads\/2023\/01\/variations-chromatiques-blanc-encadre.jpg?fit=1000%2C999&ssl=1&resize=350%2C200","width":350,"height":200,"srcset":"https:\/\/i0.wp.com\/pl-graphisme.org\/Vente\/wp-content\/uploads\/2023\/01\/variations-chromatiques-blanc-encadre.jpg?fit=1000%2C999&ssl=1&resize=350%2C200 1x, https:\/\/i0.wp.com\/pl-graphisme.org\/Vente\/wp-content\/uploads\/2023\/01\/variations-chromatiques-blanc-encadre.jpg?fit=1000%2C999&ssl=1&resize=525%2C300 1.5x, https:\/\/i0.wp.com\/pl-graphisme.org\/Vente\/wp-content\/uploads\/2023\/01\/variations-chromatiques-blanc-encadre.jpg?fit=1000%2C999&ssl=1&resize=700%2C400 2x"},"classes":[]},{"id":466,"url":"https:\/\/pl-graphisme.org\/Vente\/product\/variations-chromatiques-serie\/","url_meta":{"origin":459,"position":3},"title":"Variations chromatiques s\u00e9rie","author":"phil.levasseur","date":"22\/01\/2023","format":false,"excerpt":"Variations chromatiques, s\u00e9rie de 4 tableaux en peinture acrylique cir\u00e9e et papier m\u00e2ch\u00e9 sur isorel de Philippe Levasseur, r\u00e9alis\u00e9 en octobre 2022. Dimensions de chaque tableau 38x38cm, encadr\u00e9 caisse am\u00e9ricaine 48x48cm. Tous les mat\u00e9riaux sont issus de recyclage. En fonctions des \u00e9crans les teintes peuvent \u00eatre l\u00e9g\u00e8rement diff\u00e9rentes. S'il me\u2026","rel":"","context":"Article similaire","block_context":{"text":"Article similaire","link":""},"img":{"alt_text":"Variations chromatiques , s\u00e9rie de 4 tableaux acrylique cir\u00e9 et papier m\u00e2ch\u00e9 sur isorel de Philippe Levasseur, r\u00e9alis\u00e9 en octobre 2022 Dimensions 38x38cm, encadr\u00e9 caisse am\u00e9ricaine 48x48cm. Tous les mat\u00e9riaux sont issus de recyclage. En fonctions des \u00e9crans les teintes peuvent \u00eatre l\u00e9g\u00e8rement diff\u00e9rentes.","src":"https:\/\/i0.wp.com\/pl-graphisme.org\/Vente\/wp-content\/uploads\/2023\/01\/variations-chromatiques.jpg?fit=1030%2C1030&ssl=1&resize=350%2C200","width":350,"height":200,"srcset":"https:\/\/i0.wp.com\/pl-graphisme.org\/Vente\/wp-content\/uploads\/2023\/01\/variations-chromatiques.jpg?fit=1030%2C1030&ssl=1&resize=350%2C200 1x, https:\/\/i0.wp.com\/pl-graphisme.org\/Vente\/wp-content\/uploads\/2023\/01\/variations-chromatiques.jpg?fit=1030%2C1030&ssl=1&resize=525%2C300 1.5x, https:\/\/i0.wp.com\/pl-graphisme.org\/Vente\/wp-content\/uploads\/2023\/01\/variations-chromatiques.jpg?fit=1030%2C1030&ssl=1&resize=700%2C400 2x"},"classes":[]},{"id":450,"url":"https:\/\/pl-graphisme.org\/Vente\/product\/un-anneau\/","url_meta":{"origin":459,"position":4},"title":"Un Anneau","author":"phil.levasseur","date":"19\/01\/2023","format":false,"excerpt":"Un anneau, acrylique cir\u00e9 et papier m\u00e2ch\u00e9 sur isorel de Philippe Levasseur, R\u00e9alis\u00e9 en octobre 2022 dimensions 24x24cm, encadr\u00e9 caisse am\u00e9ricaine 33x33cm. Tous les mat\u00e9riaux sont issus de recyclage. En fonctions des \u00e9crans les teintes peuvent \u00eatre l\u00e9g\u00e8rement diff\u00e9rentes.","rel":"","context":"Article similaire","block_context":{"text":"Article similaire","link":""},"img":{"alt_text":"","src":"","width":0,"height":0},"classes":[]},{"id":599,"url":"https:\/\/pl-graphisme.org\/Vente\/product\/duo\/","url_meta":{"origin":459,"position":5},"title":"Duo","author":"phil.levasseur","date":"03\/02\/2023","format":false,"excerpt":"Duo, acrylique cir\u00e9 et papier m\u00e2ch\u00e9 sur isorel de Philippe Levasseur, r\u00e9alis\u00e9 en janvier 2023. Dimensions 25,5x50cm, encadr\u00e9 caisse am\u00e9ricaine 36,5x61cm. Tous les mat\u00e9riaux sont issus de recyclage. En fonctions des \u00e9crans les teintes peuvent \u00eatre l\u00e9g\u00e8rement diff\u00e9rentes.","rel":"","context":"Article similaire","block_context":{"text":"Article similaire","link":""},"img":{"alt_text":"Duo, acrylique cir\u00e9e sur papier m\u00e2ch\u00e9 et isoren.","src":"https:\/\/i0.wp.com\/pl-graphisme.org\/Vente\/wp-content\/uploads\/2023\/02\/duo.jpg?fit=712%2C1200&ssl=1&resize=350%2C200","width":350,"height":200,"srcset":"https:\/\/i0.wp.com\/pl-graphisme.org\/Vente\/wp-content\/uploads\/2023\/02\/duo.jpg?fit=712%2C1200&ssl=1&resize=350%2C200 1x, https:\/\/i0.wp.com\/pl-graphisme.org\/Vente\/wp-content\/uploads\/2023\/02\/duo.jpg?fit=712%2C1200&ssl=1&resize=525%2C300 1.5x, https:\/\/i0.wp.com\/pl-graphisme.org\/Vente\/wp-content\/uploads\/2023\/02\/duo.jpg?fit=712%2C1200&ssl=1&resize=700%2C400 2x"},"classes":[]}],"jetpack_sharing_enabled":true,"_links":{"self":[{"href":"https:\/\/pl-graphisme.org\/Vente\/wp-json\/wp\/v2\/product\/459","targetHints":{"allow":["GET"]}}],"collection":[{"href":"https:\/\/pl-graphisme.org\/Vente\/wp-json\/wp\/v2\/product"}],"about":[{"href":"https:\/\/pl-graphisme.org\/Vente\/wp-json\/wp\/v2\/types\/product"}],"replies":[{"embeddable":true,"href":"https:\/\/pl-graphisme.org\/Vente\/wp-json\/wp\/v2\/comments?post=459"}],"wp:featuredmedia":[{"embeddable":true,"href":"https:\/\/pl-graphisme.org\/Vente\/wp-json\/wp\/v2\/media\/460"}],"wp:attachment":[{"href":"https:\/\/pl-graphisme.org\/Vente\/wp-json\/wp\/v2\/media?parent=459"}],"wp:term":[{"taxonomy":"product_brand","embeddable":true,"href":"https:\/\/pl-graphisme.org\/Vente\/wp-json\/wp\/v2\/product_brand?post=459"},{"taxonomy":"product_cat","embeddable":true,"href":"https:\/\/pl-graphisme.org\/Vente\/wp-json\/wp\/v2\/product_cat?post=459"},{"taxonomy":"product_tag","embeddable":true,"href":"https:\/\/pl-graphisme.org\/Vente\/wp-json\/wp\/v2\/product_tag?post=459"}],"curies":[{"name":"wp","href":"https:\/\/api.w.org\/{rel}","templated":true}]}}