{"id":446,"date":"2023-01-18T17:04:33","date_gmt":"2023-01-18T17:04:33","guid":{"rendered":"https:\/\/pl-graphisme.org\/Vente\/?post_type=product&#038;p=446"},"modified":"2023-03-01T04:59:12","modified_gmt":"2023-03-01T04:59:12","slug":"mer-de-glace","status":"publish","type":"product","link":"https:\/\/pl-graphisme.org\/Vente\/product\/mer-de-glace\/","title":{"rendered":"Mer de glace"},"content":{"rendered":"<p>La Mer de glace, \u00e0 <a title=\"Chamonix\" href=\"https:\/\/www.chamonix.com\/\" target=\"_blank\" rel=\"noopener\">Chamonix<\/a>. Aquarelle originale de Philippe Levasseur. Peinte en 1995.<\/p>\n<p>Mesures 29,7x21cm sans cadre.<\/p>\n<p>Peut \u00eatre vendue encadr\u00e9e sous verre 43,5\u00d733,5cm.<\/p>\n<p>Lors a commande il est n\u00e9cessaire de choisir la pr\u00e9sentation.<\/p>\n","protected":false},"excerpt":{"rendered":"<p>La Mer de glace, \u00e0 <a title=\"Chamonix\" href=\"https:\/\/www.chamonix.com\/\" target=\"_blank\" rel=\"noopener\">Chamonix<\/a>. Aquarelle originale de Philippe Levasseur. 1995.<\/p>\n<p>Mesures 29,7x21cm sans cadre.<\/p>\n<p>Peut \u00eatre vendue encadr\u00e9e sous verre 43,5\u00d733,5cm.<\/p>\n<p>Lors a commande il est n\u00e9cessaire de choisir la pr\u00e9sentation.<\/p>\n","protected":false},"featured_media":447,"comment_status":"open","ping_status":"closed","template":"","meta":{"nf_dc_page":"","om_disable_all_campaigns":false,"_monsterinsights_skip_tracking":false,"_monsterinsights_sitenote_active":false,"_monsterinsights_sitenote_note":"","_monsterinsights_sitenote_category":0},"product_brand":[],"product_cat":[30],"product_tag":[31,109,25,110,49,48,111,42,36],"class_list":{"0":"post-446","1":"product","2":"type-product","3":"status-publish","4":"has-post-thumbnail","6":"product_cat-aquarelles","7":"product_tag-aquarelles","8":"product_tag-chamonix","9":"product_tag-encadree","10":"product_tag-montagne","11":"product_tag-peinture","12":"product_tag-philippe-levasseur","13":"product_tag-savoie","14":"product_tag-sous-verre","15":"product_tag-tableau","16":"product_shipping_class-exp03","18":"first","19":"instock","20":"shipping-taxable","21":"purchasable","22":"product-type-variable"},"aioseo_notices":[],"jetpack-related-posts":[{"id":569,"url":"https:\/\/pl-graphisme.org\/Vente\/product\/hermance-en-suisse\/","url_meta":{"origin":446,"position":0},"title":"Hermance en Suisse","author":"phil.levasseur","date":"01\/02\/2023","format":false,"excerpt":"Hermance en Suisse Aquarelle originale de Philippe Levasseur. Peinte en 1994. Mesures 29,7x21cm sans cadre. Peut \u00eatre vendue encadr\u00e9e sous verre 43,5\u00d733,5cm. Lors a commande il est n\u00e9cessaire de choisir la pr\u00e9sentation.","rel":"","context":"Article similaire","block_context":{"text":"Article similaire","link":""},"img":{"alt_text":"Hermance en Suisse, aquarelle, 21x29,7cm, encadr\u00e9e sous verres 33,5x43cm. Philippe Levasseur, 1994.","src":"https:\/\/i0.wp.com\/pl-graphisme.org\/Vente\/wp-content\/uploads\/2023\/02\/hermance.jpg?fit=871%2C1200&ssl=1&resize=350%2C200","width":350,"height":200,"srcset":"https:\/\/i0.wp.com\/pl-graphisme.org\/Vente\/wp-content\/uploads\/2023\/02\/hermance.jpg?fit=871%2C1200&ssl=1&resize=350%2C200 1x, https:\/\/i0.wp.com\/pl-graphisme.org\/Vente\/wp-content\/uploads\/2023\/02\/hermance.jpg?fit=871%2C1200&ssl=1&resize=525%2C300 1.5x, https:\/\/i0.wp.com\/pl-graphisme.org\/Vente\/wp-content\/uploads\/2023\/02\/hermance.jpg?fit=871%2C1200&ssl=1&resize=700%2C400 2x"},"classes":[]},{"id":401,"url":"https:\/\/pl-graphisme.org\/Vente\/product\/sortie-du-port\/","url_meta":{"origin":446,"position":1},"title":"Sortie du port de Honfleur","author":"phil.levasseur","date":"17\/01\/2023","format":false,"excerpt":"Sortie du port de Honfleur, aquarelle originale de Philippe Levasseur peinte en 1995. Dimensions 20x25cm sans cadre. Ou encadr\u00e9e sous verre 33.5x43.5cm Lors a commande il est n\u00e9cessaire de choisir la pr\u00e9sentation.","rel":"","context":"Article similaire","block_context":{"text":"Article similaire","link":""},"img":{"alt_text":"Sortie du port de Honfleur, le Phare, Aquarelle de Philippe Levasseur, 1995, 29,7x21cm encadr\u00e9e sous verre 42 x 32 cm. Un chalutier sort du port devant le phare","src":"https:\/\/i0.wp.com\/pl-graphisme.org\/Vente\/wp-content\/uploads\/2023\/01\/Sortie-du-port-de-Honfleur-phare-scaled.jpg?fit=1200%2C898&ssl=1&resize=350%2C200","width":350,"height":200,"srcset":"https:\/\/i0.wp.com\/pl-graphisme.org\/Vente\/wp-content\/uploads\/2023\/01\/Sortie-du-port-de-Honfleur-phare-scaled.jpg?fit=1200%2C898&ssl=1&resize=350%2C200 1x, https:\/\/i0.wp.com\/pl-graphisme.org\/Vente\/wp-content\/uploads\/2023\/01\/Sortie-du-port-de-Honfleur-phare-scaled.jpg?fit=1200%2C898&ssl=1&resize=525%2C300 1.5x, https:\/\/i0.wp.com\/pl-graphisme.org\/Vente\/wp-content\/uploads\/2023\/01\/Sortie-du-port-de-Honfleur-phare-scaled.jpg?fit=1200%2C898&ssl=1&resize=700%2C400 2x, https:\/\/i0.wp.com\/pl-graphisme.org\/Vente\/wp-content\/uploads\/2023\/01\/Sortie-du-port-de-Honfleur-phare-scaled.jpg?fit=1200%2C898&ssl=1&resize=1050%2C600 3x"},"classes":[]},{"id":385,"url":"https:\/\/pl-graphisme.org\/Vente\/product\/porche-a-rouffach\/","url_meta":{"origin":446,"position":2},"title":"Porche \u00e0 Rouffach","author":"phil.levasseur","date":"14\/01\/2023","format":false,"excerpt":"Porche \u00e0\u00a0Rouffach dans une vieille rue. Aquarelle originale de Philippe Levasseur. 2008 Mesures 25x20cm sans cadre. Peut \u00eatre vendue encadr\u00e9e sous verre 43,5\u00d733,5cm. Cadre bois vernis filet or. Lors de la commande il est n\u00e9cessaire de choisir la pr\u00e9sentation.","rel":"","context":"Article similaire","block_context":{"text":"Article similaire","link":""},"img":{"alt_text":"Porche \u00e0\u00a0Rouffach dans une vieille rue.\u00a0 Mesures 25x20cm sans cadre. Peut \u00eatre vendue encadr\u00e9e sous verre 43,5\u00d733,5cm. La commande devra inclure les deux r\u00e9f\u00e9rences, aquarelle et cadre ref.01.","src":"https:\/\/i0.wp.com\/pl-graphisme.org\/Vente\/wp-content\/uploads\/2023\/01\/porche-a-rouffach-sans-cadre.jpg?fit=800%2C633&ssl=1&resize=350%2C200","width":350,"height":200,"srcset":"https:\/\/i0.wp.com\/pl-graphisme.org\/Vente\/wp-content\/uploads\/2023\/01\/porche-a-rouffach-sans-cadre.jpg?fit=800%2C633&ssl=1&resize=350%2C200 1x, https:\/\/i0.wp.com\/pl-graphisme.org\/Vente\/wp-content\/uploads\/2023\/01\/porche-a-rouffach-sans-cadre.jpg?fit=800%2C633&ssl=1&resize=525%2C300 1.5x, https:\/\/i0.wp.com\/pl-graphisme.org\/Vente\/wp-content\/uploads\/2023\/01\/porche-a-rouffach-sans-cadre.jpg?fit=800%2C633&ssl=1&resize=700%2C400 2x"},"classes":[]},{"id":553,"url":"https:\/\/pl-graphisme.org\/Vente\/product\/cour-du-chateau-depoisse\/","url_meta":{"origin":446,"position":3},"title":"Cour du ch\u00e2teau d&#8217;Epoisse","author":"phil.levasseur","date":"30\/01\/2023","format":false,"excerpt":"Cour du ch\u00e2teau d'Epoisse. Aquarelle originale de Philippe Levasseur. 1993. Mesures 32x24cm sans cadre. Peut \u00eatre vendue encadr\u00e9e sous verre 43,5\u00d733,5cm. Cadre bois vernis filet or. Lors de la commande il est n\u00e9cessaire de choisir la pr\u00e9sentation.","rel":"","context":"Article similaire","block_context":{"text":"Article similaire","link":""},"img":{"alt_text":"Cour du Ch\u00e2teau d'Epoisse, 1993, Aquarelle 32x24cm, encadr\u00e9e sous verre 52,5x42,5cm","src":"https:\/\/i0.wp.com\/pl-graphisme.org\/Vente\/wp-content\/uploads\/2023\/01\/cour-du-chateau-depoisse-2.jpg?fit=1000%2C752&ssl=1&resize=350%2C200","width":350,"height":200,"srcset":"https:\/\/i0.wp.com\/pl-graphisme.org\/Vente\/wp-content\/uploads\/2023\/01\/cour-du-chateau-depoisse-2.jpg?fit=1000%2C752&ssl=1&resize=350%2C200 1x, https:\/\/i0.wp.com\/pl-graphisme.org\/Vente\/wp-content\/uploads\/2023\/01\/cour-du-chateau-depoisse-2.jpg?fit=1000%2C752&ssl=1&resize=525%2C300 1.5x, https:\/\/i0.wp.com\/pl-graphisme.org\/Vente\/wp-content\/uploads\/2023\/01\/cour-du-chateau-depoisse-2.jpg?fit=1000%2C752&ssl=1&resize=700%2C400 2x"},"classes":[]},{"id":407,"url":"https:\/\/pl-graphisme.org\/Vente\/product\/capitainerie-de-honfleur\/","url_meta":{"origin":446,"position":4},"title":"Capitainerie de Honfleur","author":"phil.levasseur","date":"17\/01\/2023","format":false,"excerpt":"Capitainerie de Honfleur. Aquarelle peinte en 1995. Dimension sans cadre 29,7x21cm, peut \u00eatre vendue encadr\u00e9e sous verre 33,5x43,5cm, Pour la commande il est n\u00e9cessaire de choisir la pr\u00e9sentation.","rel":"","context":"Article similaire","block_context":{"text":"Article similaire","link":""},"img":{"alt_text":"Capitainerie de Honfleur. Aquarelle peinte en 1995. Dimension sans cadre 29,7x21cm, peut \u00eatre vendue encadr\u00e9e sous verre 33,5x43,5cm, La commande devra inclure les deux r\u00e9f\u00e9rences, aquarelle et cadre ref.06.","src":"https:\/\/i0.wp.com\/pl-graphisme.org\/Vente\/wp-content\/uploads\/2023\/01\/capitainerie-de-honfleur-sans-cadre.jpg?fit=600%2C423&ssl=1&resize=350%2C200","width":350,"height":200,"srcset":"https:\/\/i0.wp.com\/pl-graphisme.org\/Vente\/wp-content\/uploads\/2023\/01\/capitainerie-de-honfleur-sans-cadre.jpg?fit=600%2C423&ssl=1&resize=350%2C200 1x, https:\/\/i0.wp.com\/pl-graphisme.org\/Vente\/wp-content\/uploads\/2023\/01\/capitainerie-de-honfleur-sans-cadre.jpg?fit=600%2C423&ssl=1&resize=525%2C300 1.5x"},"classes":[]},{"id":588,"url":"https:\/\/pl-graphisme.org\/Vente\/product\/argenton-sur-creuse\/","url_meta":{"origin":446,"position":5},"title":"Argenton sur Creuse","author":"phil.levasseur","date":"03\/02\/2023","format":false,"excerpt":"Argenton sur Creuse. Aquarelle peinte en 1997. Dimension sans cadre 29,7x21cm. Peut \u00eatre vendue encadr\u00e9e sous verre 32x42cm. Lors a commande il est n\u00e9cessaire de choisir la pr\u00e9sentation.","rel":"","context":"Article similaire","block_context":{"text":"Article similaire","link":""},"img":{"alt_text":"Argenton sur Creuse. Aquarelle peinte en 1997. Dimension sans cadre 29,7x21cm. Peut \u00eatre vendue encadr\u00e9e sous verre 32x42cm. Lors a commande il est n\u00e9cessaire de choisir la pr\u00e9sentation.","src":"https:\/\/i0.wp.com\/pl-graphisme.org\/Vente\/wp-content\/uploads\/2023\/02\/argenton.jpg?fit=1000%2C704&ssl=1&resize=350%2C200","width":350,"height":200,"srcset":"https:\/\/i0.wp.com\/pl-graphisme.org\/Vente\/wp-content\/uploads\/2023\/02\/argenton.jpg?fit=1000%2C704&ssl=1&resize=350%2C200 1x, https:\/\/i0.wp.com\/pl-graphisme.org\/Vente\/wp-content\/uploads\/2023\/02\/argenton.jpg?fit=1000%2C704&ssl=1&resize=525%2C300 1.5x, https:\/\/i0.wp.com\/pl-graphisme.org\/Vente\/wp-content\/uploads\/2023\/02\/argenton.jpg?fit=1000%2C704&ssl=1&resize=700%2C400 2x"},"classes":[]}],"jetpack_sharing_enabled":true,"_links":{"self":[{"href":"https:\/\/pl-graphisme.org\/Vente\/wp-json\/wp\/v2\/product\/446","targetHints":{"allow":["GET"]}}],"collection":[{"href":"https:\/\/pl-graphisme.org\/Vente\/wp-json\/wp\/v2\/product"}],"about":[{"href":"https:\/\/pl-graphisme.org\/Vente\/wp-json\/wp\/v2\/types\/product"}],"replies":[{"embeddable":true,"href":"https:\/\/pl-graphisme.org\/Vente\/wp-json\/wp\/v2\/comments?post=446"}],"wp:featuredmedia":[{"embeddable":true,"href":"https:\/\/pl-graphisme.org\/Vente\/wp-json\/wp\/v2\/media\/447"}],"wp:attachment":[{"href":"https:\/\/pl-graphisme.org\/Vente\/wp-json\/wp\/v2\/media?parent=446"}],"wp:term":[{"taxonomy":"product_brand","embeddable":true,"href":"https:\/\/pl-graphisme.org\/Vente\/wp-json\/wp\/v2\/product_brand?post=446"},{"taxonomy":"product_cat","embeddable":true,"href":"https:\/\/pl-graphisme.org\/Vente\/wp-json\/wp\/v2\/product_cat?post=446"},{"taxonomy":"product_tag","embeddable":true,"href":"https:\/\/pl-graphisme.org\/Vente\/wp-json\/wp\/v2\/product_tag?post=446"}],"curies":[{"name":"wp","href":"https:\/\/api.w.org\/{rel}","templated":true}]}}