{"id":429,"date":"2023-01-17T17:10:17","date_gmt":"2023-01-17T17:10:17","guid":{"rendered":"https:\/\/pl-graphisme.org\/Vente\/?post_type=product&#038;p=429"},"modified":"2023-03-01T04:59:09","modified_gmt":"2023-03-01T04:59:09","slug":"souffrance","status":"publish","type":"product","link":"https:\/\/pl-graphisme.org\/Vente\/product\/souffrance\/","title":{"rendered":"Souffrance"},"content":{"rendered":"<p>Souffrance.<\/p>\n<p>Huile sur isorel, peinte et encadr\u00e9e par Philippe Levasseur en 1995.<\/p>\n<p>Dimensions 46x62cm, encadr\u00e9e 56&#215;72 cm.<\/p>\n<p>Cadre bois r\u00e9alis\u00e9 par lui m\u00eame.<\/p>\n<p>En fonction de l&#8217;affichage des \u00e9crans les teintes peuvent diff\u00e9rer l\u00e9g\u00e8rement de l&#8217;original.<\/p>\n","protected":false},"excerpt":{"rendered":"<p>Souffrance.<\/p>\n<p>Huile sur isorel , peinte et encadr\u00e9e par Philippe Levasseur en 1995.<\/p>\n<p>Dimensions 46x62cm, encadr\u00e9e 56&#215;72 cm.<\/p>\n<p>Cadre bois.<\/p>\n<p>En fonction de l&#8217;affichage des \u00e9crans les teintes peuvent diff\u00e9rer l\u00e9g\u00e8rement de l&#8217;original.<\/p>\n","protected":false},"featured_media":430,"comment_status":"open","ping_status":"closed","template":"","meta":{"nf_dc_page":"","om_disable_all_campaigns":false,"_monsterinsights_skip_tracking":false,"_monsterinsights_sitenote_active":false,"_monsterinsights_sitenote_note":"","_monsterinsights_sitenote_category":0},"product_brand":[],"product_cat":[95],"product_tag":[25,103,105,49,48,36],"class_list":{"0":"post-429","1":"product","2":"type-product","3":"status-publish","4":"has-post-thumbnail","6":"product_cat-huiles","7":"product_tag-encadree","8":"product_tag-huile","9":"product_tag-isorel","10":"product_tag-peinture","11":"product_tag-philippe-levasseur","12":"product_tag-tableau","13":"product_shipping_class-exp03","15":"first","16":"instock","17":"sold-individually","18":"shipping-taxable","19":"purchasable","20":"product-type-simple"},"aioseo_notices":[],"jetpack-related-posts":[{"id":426,"url":"https:\/\/pl-graphisme.org\/Vente\/product\/col-du-granier-a-laube\/","url_meta":{"origin":429,"position":0},"title":"Col du Granier \u00e0 l&#8217;aube","author":"phil.levasseur","date":"17\/01\/2023","format":false,"excerpt":"Col du Granier \u00e0 l'aube. Huile sur isorel de Philippe Levasseur, peinte en 1995. Dimensions 50x40cm encadr\u00e9 60x50cm. Cadre bois r\u00e9alis\u00e9 par lui m\u00eame. En fonction de l'affichage des \u00e9crans les teintes peuvent diff\u00e9rer l\u00e9g\u00e8rement de l'original.","rel":"","context":"Article similaire","block_context":{"text":"Article similaire","link":""},"img":{"alt_text":"Col du Granier \u00e0 l'aube, huile sur isorel peinte par Philippe Levasseur en 1995, 50x40cm, encadr\u00e9 60x50cm","src":"https:\/\/i0.wp.com\/pl-graphisme.org\/Vente\/wp-content\/uploads\/2023\/01\/Graniersans-cadre-site.jpg?fit=800%2C621&ssl=1&resize=350%2C200","width":350,"height":200,"srcset":"https:\/\/i0.wp.com\/pl-graphisme.org\/Vente\/wp-content\/uploads\/2023\/01\/Graniersans-cadre-site.jpg?fit=800%2C621&ssl=1&resize=350%2C200 1x, https:\/\/i0.wp.com\/pl-graphisme.org\/Vente\/wp-content\/uploads\/2023\/01\/Graniersans-cadre-site.jpg?fit=800%2C621&ssl=1&resize=525%2C300 1.5x, https:\/\/i0.wp.com\/pl-graphisme.org\/Vente\/wp-content\/uploads\/2023\/01\/Graniersans-cadre-site.jpg?fit=800%2C621&ssl=1&resize=700%2C400 2x"},"classes":[]},{"id":422,"url":"https:\/\/pl-graphisme.org\/Vente\/product\/gironde-soir\/","url_meta":{"origin":429,"position":1},"title":"Gironde, soir","author":"phil.levasseur","date":"17\/01\/2023","format":false,"excerpt":"Gironde, soir. Huile sur isorel de Philippe Levasseur, peinte en 1995. Dimensions 58x50cm vendue encadr\u00e9e 70,5x62,5cm. L'exactitude des coloris ne peut \u00eatre garantie en fonctions des affichages.","rel":"","context":"Article similaire","block_context":{"text":"Article similaire","link":""},"img":{"alt_text":"Gironde, soir. Huile sur isorel de Philippe Levasseur, peinte en 1995. Dimensions 58x50cm vendue encadr\u00e9e 70,5x62,5cm. L'exactitude des coloris ne peut \u00eatre garantie en fonctions des affichages.","src":"https:\/\/i0.wp.com\/pl-graphisme.org\/Vente\/wp-content\/uploads\/2023\/01\/garonne-02-sans-cadre.jpg?fit=800%2C661&ssl=1&resize=350%2C200","width":350,"height":200,"srcset":"https:\/\/i0.wp.com\/pl-graphisme.org\/Vente\/wp-content\/uploads\/2023\/01\/garonne-02-sans-cadre.jpg?fit=800%2C661&ssl=1&resize=350%2C200 1x, https:\/\/i0.wp.com\/pl-graphisme.org\/Vente\/wp-content\/uploads\/2023\/01\/garonne-02-sans-cadre.jpg?fit=800%2C661&ssl=1&resize=525%2C300 1.5x, https:\/\/i0.wp.com\/pl-graphisme.org\/Vente\/wp-content\/uploads\/2023\/01\/garonne-02-sans-cadre.jpg?fit=800%2C661&ssl=1&resize=700%2C400 2x"},"classes":[]},{"id":418,"url":"https:\/\/pl-graphisme.org\/Vente\/product\/pas-du-frou-soir\/","url_meta":{"origin":429,"position":2},"title":"Pas du Frou, soir","author":"phil.levasseur","date":"17\/01\/2023","format":false,"excerpt":"Pas du Frou au soir. Huile sur isorel de Philippe Levasseur, peinte en 1993. Dimensions 62x49cm encadr\u00e9 73x59cm. En fonction de l'affichage des \u00e9crans les teintes peuvent diff\u00e9rer l\u00e9g\u00e8rement de l'original.","rel":"","context":"Article similaire","block_context":{"text":"Article similaire","link":""},"img":{"alt_text":"Pas du Frou au soir. Huile sur isorel de Philippe Levasseur, peinte en 1993. Dimensions 62x49cm encadr\u00e9 73x59cm. En fonction de l'affichage des \u00e9crans les teintes peuvent diff\u00e9rer l\u00e9g\u00e8rement de l'original.","src":"https:\/\/i0.wp.com\/pl-graphisme.org\/Vente\/wp-content\/uploads\/2023\/01\/Pas-du-Frou-sans-cadre-site-1.jpg?fit=800%2C618&ssl=1&resize=350%2C200","width":350,"height":200,"srcset":"https:\/\/i0.wp.com\/pl-graphisme.org\/Vente\/wp-content\/uploads\/2023\/01\/Pas-du-Frou-sans-cadre-site-1.jpg?fit=800%2C618&ssl=1&resize=350%2C200 1x, https:\/\/i0.wp.com\/pl-graphisme.org\/Vente\/wp-content\/uploads\/2023\/01\/Pas-du-Frou-sans-cadre-site-1.jpg?fit=800%2C618&ssl=1&resize=525%2C300 1.5x, https:\/\/i0.wp.com\/pl-graphisme.org\/Vente\/wp-content\/uploads\/2023\/01\/Pas-du-Frou-sans-cadre-site-1.jpg?fit=800%2C618&ssl=1&resize=700%2C400 2x"},"classes":[]},{"id":452,"url":"https:\/\/pl-graphisme.org\/Vente\/product\/pan\/","url_meta":{"origin":429,"position":3},"title":"Pan","author":"phil.levasseur","date":"19\/01\/2023","format":false,"excerpt":"Pan. Huile au couteau sur contre plaqu\u00e9, peinte et encadr\u00e9e par Philippe Levasseur. R\u00e9alisation 1993, encadrement caisse am\u00e9ricaine 2023. Dimensions 38x40cm, encadr\u00e9e 47x47 cm. Mat\u00e9riaux issus de recyclage. En fonction de l'affichage des \u00e9crans les teintes peuvent diff\u00e9rer l\u00e9g\u00e8rement de l'original.","rel":"","context":"Article similaire","block_context":{"text":"Article similaire","link":""},"img":{"alt_text":"Pan. Huile au couteau sur contre plaqu\u00e9 de Philippe Levasseur, 38x40cm, encadr\u00e9e 47x47cm","src":"https:\/\/i0.wp.com\/pl-graphisme.org\/Vente\/wp-content\/uploads\/2023\/01\/pan-encadre.jpg?fit=1000%2C983&ssl=1&resize=350%2C200","width":350,"height":200,"srcset":"https:\/\/i0.wp.com\/pl-graphisme.org\/Vente\/wp-content\/uploads\/2023\/01\/pan-encadre.jpg?fit=1000%2C983&ssl=1&resize=350%2C200 1x, https:\/\/i0.wp.com\/pl-graphisme.org\/Vente\/wp-content\/uploads\/2023\/01\/pan-encadre.jpg?fit=1000%2C983&ssl=1&resize=525%2C300 1.5x, https:\/\/i0.wp.com\/pl-graphisme.org\/Vente\/wp-content\/uploads\/2023\/01\/pan-encadre.jpg?fit=1000%2C983&ssl=1&resize=700%2C400 2x"},"classes":[]},{"id":450,"url":"https:\/\/pl-graphisme.org\/Vente\/product\/un-anneau\/","url_meta":{"origin":429,"position":4},"title":"Un Anneau","author":"phil.levasseur","date":"19\/01\/2023","format":false,"excerpt":"Un anneau, acrylique cir\u00e9 et papier m\u00e2ch\u00e9 sur isorel de Philippe Levasseur, R\u00e9alis\u00e9 en octobre 2022 dimensions 24x24cm, encadr\u00e9 caisse am\u00e9ricaine 33x33cm. Tous les mat\u00e9riaux sont issus de recyclage. En fonctions des \u00e9crans les teintes peuvent \u00eatre l\u00e9g\u00e8rement diff\u00e9rentes.","rel":"","context":"Article similaire","block_context":{"text":"Article similaire","link":""},"img":{"alt_text":"","src":"","width":0,"height":0},"classes":[]},{"id":454,"url":"https:\/\/pl-graphisme.org\/Vente\/product\/variations-chromatiques-jaune\/","url_meta":{"origin":429,"position":5},"title":"Variations chromatiques jaune","author":"phil.levasseur","date":"20\/01\/2023","format":false,"excerpt":"Variations chromatiques jaune, acrylique cir\u00e9 et papier m\u00e2ch\u00e9 sur isorel de Philippe Levasseur, r\u00e9alis\u00e9 en novembre 2022 Dimensions 38x38cm, encadr\u00e9 caisse am\u00e9ricaine 48x48cm. Tous les mat\u00e9riaux sont issus de recyclage. En fonctions des \u00e9crans les teintes peuvent \u00eatre l\u00e9g\u00e8rement diff\u00e9rentes. Acheter la s\u00e9rie","rel":"","context":"Article similaire","block_context":{"text":"Article similaire","link":""},"img":{"alt_text":"Variations chromatiques jaune, acrylique cir\u00e9 et papier m\u00e2ch\u00e9 sur isorel de Philippe Levasseur, r\u00e9alis\u00e9 en novembre 2022 Dimensions 38x38cm, encadr\u00e9 caisse am\u00e9ricaine 48x48cm. Tous les mat\u00e9riaux sont issus de recyclage. En fonctions des \u00e9crans les teintes peuvent \u00eatre l\u00e9g\u00e8rement diff\u00e9rentes.","src":"https:\/\/i0.wp.com\/pl-graphisme.org\/Vente\/wp-content\/uploads\/2023\/01\/variations-chromatiques-jaune-encadree.jpg?fit=1000%2C1001&ssl=1&resize=350%2C200","width":350,"height":200,"srcset":"https:\/\/i0.wp.com\/pl-graphisme.org\/Vente\/wp-content\/uploads\/2023\/01\/variations-chromatiques-jaune-encadree.jpg?fit=1000%2C1001&ssl=1&resize=350%2C200 1x, https:\/\/i0.wp.com\/pl-graphisme.org\/Vente\/wp-content\/uploads\/2023\/01\/variations-chromatiques-jaune-encadree.jpg?fit=1000%2C1001&ssl=1&resize=525%2C300 1.5x, https:\/\/i0.wp.com\/pl-graphisme.org\/Vente\/wp-content\/uploads\/2023\/01\/variations-chromatiques-jaune-encadree.jpg?fit=1000%2C1001&ssl=1&resize=700%2C400 2x"},"classes":[]}],"jetpack_sharing_enabled":true,"_links":{"self":[{"href":"https:\/\/pl-graphisme.org\/Vente\/wp-json\/wp\/v2\/product\/429","targetHints":{"allow":["GET"]}}],"collection":[{"href":"https:\/\/pl-graphisme.org\/Vente\/wp-json\/wp\/v2\/product"}],"about":[{"href":"https:\/\/pl-graphisme.org\/Vente\/wp-json\/wp\/v2\/types\/product"}],"replies":[{"embeddable":true,"href":"https:\/\/pl-graphisme.org\/Vente\/wp-json\/wp\/v2\/comments?post=429"}],"wp:featuredmedia":[{"embeddable":true,"href":"https:\/\/pl-graphisme.org\/Vente\/wp-json\/wp\/v2\/media\/430"}],"wp:attachment":[{"href":"https:\/\/pl-graphisme.org\/Vente\/wp-json\/wp\/v2\/media?parent=429"}],"wp:term":[{"taxonomy":"product_brand","embeddable":true,"href":"https:\/\/pl-graphisme.org\/Vente\/wp-json\/wp\/v2\/product_brand?post=429"},{"taxonomy":"product_cat","embeddable":true,"href":"https:\/\/pl-graphisme.org\/Vente\/wp-json\/wp\/v2\/product_cat?post=429"},{"taxonomy":"product_tag","embeddable":true,"href":"https:\/\/pl-graphisme.org\/Vente\/wp-json\/wp\/v2\/product_tag?post=429"}],"curies":[{"name":"wp","href":"https:\/\/api.w.org\/{rel}","templated":true}]}}