{"id":422,"date":"2023-01-17T15:30:13","date_gmt":"2023-01-17T15:30:13","guid":{"rendered":"https:\/\/pl-graphisme.org\/Vente\/?post_type=product&#038;p=422"},"modified":"2023-03-01T04:59:09","modified_gmt":"2023-03-01T04:59:09","slug":"gironde-soir","status":"publish","type":"product","link":"https:\/\/pl-graphisme.org\/Vente\/product\/gironde-soir\/","title":{"rendered":"Gironde, soir"},"content":{"rendered":"<p>Gironde, soir.<\/p>\n<p>Huile sur isorel de Philippe Levasseur, peinte en 1995.<\/p>\n<p>Dimensions 58x50cm encadr\u00e9e 70,5&#215;62,5cm.<\/p>\n<p>En fonction de l&#8217;affichage des \u00e9crans les teintes peuvent diff\u00e9rer l\u00e9g\u00e8rement de l&#8217;original.<\/p>\n","protected":false},"excerpt":{"rendered":"<p>Gironde, soir.<\/p>\n<p>Huile sur isorel de Philippe Levasseur, peinte en 1995.<\/p>\n<p>Dimensions 58x50cm vendue encadr\u00e9e 70,5&#215;62,5cm.<\/p>\n<p>L&#8217;exactitude des coloris ne peut \u00eatre garantie en fonctions des affichages.<\/p>\n","protected":false},"featured_media":423,"comment_status":"open","ping_status":"closed","template":"","meta":{"nf_dc_page":"","om_disable_all_campaigns":false,"_monsterinsights_skip_tracking":false,"_monsterinsights_sitenote_active":false,"_monsterinsights_sitenote_note":"","_monsterinsights_sitenote_category":0},"product_brand":[],"product_cat":[95],"product_tag":[29,25,103,105,58,49,48,36],"class_list":{"0":"post-422","1":"product","2":"type-product","3":"status-publish","4":"has-post-thumbnail","6":"product_cat-huiles","7":"product_tag-coucher-de-soleil","8":"product_tag-encadree","9":"product_tag-huile","10":"product_tag-isorel","11":"product_tag-paysage","12":"product_tag-peinture","13":"product_tag-philippe-levasseur","14":"product_tag-tableau","15":"product_shipping_class-exp03","17":"first","18":"instock","19":"shipping-taxable","20":"purchasable","21":"product-type-simple"},"aioseo_notices":[],"jetpack-related-posts":[{"id":418,"url":"https:\/\/pl-graphisme.org\/Vente\/product\/pas-du-frou-soir\/","url_meta":{"origin":422,"position":0},"title":"Pas du Frou, soir","author":"phil.levasseur","date":"17\/01\/2023","format":false,"excerpt":"Pas du Frou au soir. Huile sur isorel de Philippe Levasseur, peinte en 1993. Dimensions 62x49cm encadr\u00e9 73x59cm. En fonction de l'affichage des \u00e9crans les teintes peuvent diff\u00e9rer l\u00e9g\u00e8rement de l'original.","rel":"","context":"Article similaire","block_context":{"text":"Article similaire","link":""},"img":{"alt_text":"Pas du Frou au soir. Huile sur isorel de Philippe Levasseur, peinte en 1993. Dimensions 62x49cm encadr\u00e9 73x59cm. En fonction de l'affichage des \u00e9crans les teintes peuvent diff\u00e9rer l\u00e9g\u00e8rement de l'original.","src":"https:\/\/i0.wp.com\/pl-graphisme.org\/Vente\/wp-content\/uploads\/2023\/01\/Pas-du-Frou-sans-cadre-site-1.jpg?fit=800%2C618&ssl=1&resize=350%2C200","width":350,"height":200,"srcset":"https:\/\/i0.wp.com\/pl-graphisme.org\/Vente\/wp-content\/uploads\/2023\/01\/Pas-du-Frou-sans-cadre-site-1.jpg?fit=800%2C618&ssl=1&resize=350%2C200 1x, https:\/\/i0.wp.com\/pl-graphisme.org\/Vente\/wp-content\/uploads\/2023\/01\/Pas-du-Frou-sans-cadre-site-1.jpg?fit=800%2C618&ssl=1&resize=525%2C300 1.5x, https:\/\/i0.wp.com\/pl-graphisme.org\/Vente\/wp-content\/uploads\/2023\/01\/Pas-du-Frou-sans-cadre-site-1.jpg?fit=800%2C618&ssl=1&resize=700%2C400 2x"},"classes":[]},{"id":429,"url":"https:\/\/pl-graphisme.org\/Vente\/product\/souffrance\/","url_meta":{"origin":422,"position":1},"title":"Souffrance","author":"phil.levasseur","date":"17\/01\/2023","format":false,"excerpt":"Souffrance. Huile sur isorel , peinte et encadr\u00e9e par Philippe Levasseur en 1995. Dimensions 46x62cm, encadr\u00e9e 56x72 cm. Cadre bois. En fonction de l'affichage des \u00e9crans les teintes peuvent diff\u00e9rer l\u00e9g\u00e8rement de l'original.","rel":"","context":"Article similaire","block_context":{"text":"Article similaire","link":""},"img":{"alt_text":"Souffrance, huile sur isorel peinte par Philippe Levasseur en 1995, 46x62cm, encadr\u00e9e 56x72cm.","src":"https:\/\/i0.wp.com\/pl-graphisme.org\/Vente\/wp-content\/uploads\/2023\/01\/souffance-sans-cadre-site.jpg?fit=600%2C787&ssl=1&resize=350%2C200","width":350,"height":200,"srcset":"https:\/\/i0.wp.com\/pl-graphisme.org\/Vente\/wp-content\/uploads\/2023\/01\/souffance-sans-cadre-site.jpg?fit=600%2C787&ssl=1&resize=350%2C200 1x, https:\/\/i0.wp.com\/pl-graphisme.org\/Vente\/wp-content\/uploads\/2023\/01\/souffance-sans-cadre-site.jpg?fit=600%2C787&ssl=1&resize=525%2C300 1.5x"},"classes":[]},{"id":426,"url":"https:\/\/pl-graphisme.org\/Vente\/product\/col-du-granier-a-laube\/","url_meta":{"origin":422,"position":2},"title":"Col du Granier \u00e0 l&#8217;aube","author":"phil.levasseur","date":"17\/01\/2023","format":false,"excerpt":"Col du Granier \u00e0 l'aube. Huile sur isorel de Philippe Levasseur, peinte en 1995. Dimensions 50x40cm encadr\u00e9 60x50cm. Cadre bois r\u00e9alis\u00e9 par lui m\u00eame. En fonction de l'affichage des \u00e9crans les teintes peuvent diff\u00e9rer l\u00e9g\u00e8rement de l'original.","rel":"","context":"Article similaire","block_context":{"text":"Article similaire","link":""},"img":{"alt_text":"Col du Granier \u00e0 l'aube, huile sur isorel peinte par Philippe Levasseur en 1995, 50x40cm, encadr\u00e9 60x50cm","src":"https:\/\/i0.wp.com\/pl-graphisme.org\/Vente\/wp-content\/uploads\/2023\/01\/Graniersans-cadre-site.jpg?fit=800%2C621&ssl=1&resize=350%2C200","width":350,"height":200,"srcset":"https:\/\/i0.wp.com\/pl-graphisme.org\/Vente\/wp-content\/uploads\/2023\/01\/Graniersans-cadre-site.jpg?fit=800%2C621&ssl=1&resize=350%2C200 1x, https:\/\/i0.wp.com\/pl-graphisme.org\/Vente\/wp-content\/uploads\/2023\/01\/Graniersans-cadre-site.jpg?fit=800%2C621&ssl=1&resize=525%2C300 1.5x, https:\/\/i0.wp.com\/pl-graphisme.org\/Vente\/wp-content\/uploads\/2023\/01\/Graniersans-cadre-site.jpg?fit=800%2C621&ssl=1&resize=700%2C400 2x"},"classes":[]},{"id":452,"url":"https:\/\/pl-graphisme.org\/Vente\/product\/pan\/","url_meta":{"origin":422,"position":3},"title":"Pan","author":"phil.levasseur","date":"19\/01\/2023","format":false,"excerpt":"Pan. Huile au couteau sur contre plaqu\u00e9, peinte et encadr\u00e9e par Philippe Levasseur. R\u00e9alisation 1993, encadrement caisse am\u00e9ricaine 2023. Dimensions 38x40cm, encadr\u00e9e 47x47 cm. Mat\u00e9riaux issus de recyclage. En fonction de l'affichage des \u00e9crans les teintes peuvent diff\u00e9rer l\u00e9g\u00e8rement de l'original.","rel":"","context":"Article similaire","block_context":{"text":"Article similaire","link":""},"img":{"alt_text":"Pan. Huile au couteau sur contre plaqu\u00e9 de Philippe Levasseur, 38x40cm, encadr\u00e9e 47x47cm","src":"https:\/\/i0.wp.com\/pl-graphisme.org\/Vente\/wp-content\/uploads\/2023\/01\/pan-encadre.jpg?fit=1000%2C983&ssl=1&resize=350%2C200","width":350,"height":200,"srcset":"https:\/\/i0.wp.com\/pl-graphisme.org\/Vente\/wp-content\/uploads\/2023\/01\/pan-encadre.jpg?fit=1000%2C983&ssl=1&resize=350%2C200 1x, https:\/\/i0.wp.com\/pl-graphisme.org\/Vente\/wp-content\/uploads\/2023\/01\/pan-encadre.jpg?fit=1000%2C983&ssl=1&resize=525%2C300 1.5x, https:\/\/i0.wp.com\/pl-graphisme.org\/Vente\/wp-content\/uploads\/2023\/01\/pan-encadre.jpg?fit=1000%2C983&ssl=1&resize=700%2C400 2x"},"classes":[]},{"id":401,"url":"https:\/\/pl-graphisme.org\/Vente\/product\/sortie-du-port\/","url_meta":{"origin":422,"position":4},"title":"Sortie du port de Honfleur","author":"phil.levasseur","date":"17\/01\/2023","format":false,"excerpt":"Sortie du port de Honfleur, aquarelle originale de Philippe Levasseur peinte en 1995. Dimensions 20x25cm sans cadre. Ou encadr\u00e9e sous verre 33.5x43.5cm Lors a commande il est n\u00e9cessaire de choisir la pr\u00e9sentation.","rel":"","context":"Article similaire","block_context":{"text":"Article similaire","link":""},"img":{"alt_text":"Sortie du port de Honfleur, le Phare, Aquarelle de Philippe Levasseur, 1995, 29,7x21cm encadr\u00e9e sous verre 42 x 32 cm. Un chalutier sort du port devant le phare","src":"https:\/\/i0.wp.com\/pl-graphisme.org\/Vente\/wp-content\/uploads\/2023\/01\/Sortie-du-port-de-Honfleur-phare-scaled.jpg?fit=1200%2C898&ssl=1&resize=350%2C200","width":350,"height":200,"srcset":"https:\/\/i0.wp.com\/pl-graphisme.org\/Vente\/wp-content\/uploads\/2023\/01\/Sortie-du-port-de-Honfleur-phare-scaled.jpg?fit=1200%2C898&ssl=1&resize=350%2C200 1x, https:\/\/i0.wp.com\/pl-graphisme.org\/Vente\/wp-content\/uploads\/2023\/01\/Sortie-du-port-de-Honfleur-phare-scaled.jpg?fit=1200%2C898&ssl=1&resize=525%2C300 1.5x, https:\/\/i0.wp.com\/pl-graphisme.org\/Vente\/wp-content\/uploads\/2023\/01\/Sortie-du-port-de-Honfleur-phare-scaled.jpg?fit=1200%2C898&ssl=1&resize=700%2C400 2x, https:\/\/i0.wp.com\/pl-graphisme.org\/Vente\/wp-content\/uploads\/2023\/01\/Sortie-du-port-de-Honfleur-phare-scaled.jpg?fit=1200%2C898&ssl=1&resize=1050%2C600 3x"},"classes":[]},{"id":395,"url":"https:\/\/pl-graphisme.org\/Vente\/product\/port-de-lile-dyeu\/","url_meta":{"origin":422,"position":5},"title":"Port de l&#8217;ile d&#8217;Yeu","author":"phil.levasseur","date":"16\/01\/2023","format":false,"excerpt":"Port de l'ile d'Yeu. Aquarelle peinte en 1995. Dimension sans cadre 40x30cm. Peut \u00eatre vendue encadr\u00e9e sous verre 56x46cm. Lors a commande il est n\u00e9cessaire de choisir la pr\u00e9sentation.","rel":"","context":"Article similaire","block_context":{"text":"Article similaire","link":""},"img":{"alt_text":"Port de l'ile d'Yeu. Aquarelle peinte par Philippe Levasseur en 1995. Dimension sans cadre ans cadre 40x30cm, peut \u00eatre vendue encadr\u00e9e sous verre 56x46cm.","src":"https:\/\/i0.wp.com\/pl-graphisme.org\/Vente\/wp-content\/uploads\/2023\/01\/Port-Ile-dYeux-sans-cadre-scaled.jpg?fit=1200%2C885&ssl=1&resize=350%2C200","width":350,"height":200,"srcset":"https:\/\/i0.wp.com\/pl-graphisme.org\/Vente\/wp-content\/uploads\/2023\/01\/Port-Ile-dYeux-sans-cadre-scaled.jpg?fit=1200%2C885&ssl=1&resize=350%2C200 1x, https:\/\/i0.wp.com\/pl-graphisme.org\/Vente\/wp-content\/uploads\/2023\/01\/Port-Ile-dYeux-sans-cadre-scaled.jpg?fit=1200%2C885&ssl=1&resize=525%2C300 1.5x, https:\/\/i0.wp.com\/pl-graphisme.org\/Vente\/wp-content\/uploads\/2023\/01\/Port-Ile-dYeux-sans-cadre-scaled.jpg?fit=1200%2C885&ssl=1&resize=700%2C400 2x, https:\/\/i0.wp.com\/pl-graphisme.org\/Vente\/wp-content\/uploads\/2023\/01\/Port-Ile-dYeux-sans-cadre-scaled.jpg?fit=1200%2C885&ssl=1&resize=1050%2C600 3x"},"classes":[]}],"jetpack_sharing_enabled":true,"_links":{"self":[{"href":"https:\/\/pl-graphisme.org\/Vente\/wp-json\/wp\/v2\/product\/422","targetHints":{"allow":["GET"]}}],"collection":[{"href":"https:\/\/pl-graphisme.org\/Vente\/wp-json\/wp\/v2\/product"}],"about":[{"href":"https:\/\/pl-graphisme.org\/Vente\/wp-json\/wp\/v2\/types\/product"}],"replies":[{"embeddable":true,"href":"https:\/\/pl-graphisme.org\/Vente\/wp-json\/wp\/v2\/comments?post=422"}],"wp:featuredmedia":[{"embeddable":true,"href":"https:\/\/pl-graphisme.org\/Vente\/wp-json\/wp\/v2\/media\/423"}],"wp:attachment":[{"href":"https:\/\/pl-graphisme.org\/Vente\/wp-json\/wp\/v2\/media?parent=422"}],"wp:term":[{"taxonomy":"product_brand","embeddable":true,"href":"https:\/\/pl-graphisme.org\/Vente\/wp-json\/wp\/v2\/product_brand?post=422"},{"taxonomy":"product_cat","embeddable":true,"href":"https:\/\/pl-graphisme.org\/Vente\/wp-json\/wp\/v2\/product_cat?post=422"},{"taxonomy":"product_tag","embeddable":true,"href":"https:\/\/pl-graphisme.org\/Vente\/wp-json\/wp\/v2\/product_tag?post=422"}],"curies":[{"name":"wp","href":"https:\/\/api.w.org\/{rel}","templated":true}]}}