{"id":395,"date":"2023-01-16T17:01:20","date_gmt":"2023-01-16T17:01:20","guid":{"rendered":"https:\/\/pl-graphisme.org\/Vente\/?post_type=product&#038;p=395"},"modified":"2023-03-01T04:59:12","modified_gmt":"2023-03-01T04:59:12","slug":"port-de-lile-dyeu","status":"publish","type":"product","link":"https:\/\/pl-graphisme.org\/Vente\/product\/port-de-lile-dyeu\/","title":{"rendered":"Port de l&#8217;ile d&#8217;Yeu"},"content":{"rendered":"<p>Port de l&#8217;ile d&#8217;Yeu. Aquarelle peinte en 1995. Dimension sans cadre 40x30cm.<\/p>\n<p>Peut \u00eatre vendue encadr\u00e9e sous verre 56x46cm.<\/p>\n<p>Lors a commande il est n\u00e9cessaire de choisir la pr\u00e9sentation.<\/p>\n","protected":false},"excerpt":{"rendered":"<p>Port de l&#8217;ile d&#8217;Yeu. Aquarelle peinte en 1995. Dimension sans cadre 40x30cm.<\/p>\n<p>Peut \u00eatre vendue encadr\u00e9e sous verre 56x46cm.<\/p>\n<p>Lors a commande il est n\u00e9cessaire de choisir la pr\u00e9sentation.<\/p>\n","protected":false},"featured_media":396,"comment_status":"open","ping_status":"closed","template":"","meta":{"nf_dc_page":"","om_disable_all_campaigns":false,"_monsterinsights_skip_tracking":false,"_monsterinsights_sitenote_active":false,"_monsterinsights_sitenote_note":"","_monsterinsights_sitenote_category":0},"product_brand":[],"product_cat":[30],"product_tag":[31,82,25,63,97,96,49,48,81,42,36],"class_list":{"0":"post-395","1":"product","2":"type-product","3":"status-publish","4":"has-post-thumbnail","6":"product_cat-aquarelles","7":"product_tag-aquarelles","8":"product_tag-bateaux","9":"product_tag-encadree","10":"product_tag-france","11":"product_tag-ile-dyeu","12":"product_tag-marine","13":"product_tag-peinture","14":"product_tag-philippe-levasseur","15":"product_tag-port","16":"product_tag-sous-verre","17":"product_tag-tableau","18":"product_shipping_class-exp03","20":"first","21":"instock","22":"shipping-taxable","23":"purchasable","24":"product-type-variable"},"aioseo_notices":[],"jetpack-related-posts":[{"id":433,"url":"https:\/\/pl-graphisme.org\/Vente\/product\/honfleur-le-port\/","url_meta":{"origin":395,"position":0},"title":"Honfleur le port","author":"phil.levasseur","date":"18\/01\/2023","format":false,"excerpt":"Honfleur le port. Aquarelle originale peinte en 1996. Dimension sans cadre 40x30cm, Peut \u00eatre vendue encadr\u00e9e sous verre 55x45cm, Lors a commande il est n\u00e9cessaire de choisir la pr\u00e9sentation.","rel":"","context":"Article similaire","block_context":{"text":"Article similaire","link":""},"img":{"alt_text":"","src":"","width":0,"height":0},"classes":[]},{"id":407,"url":"https:\/\/pl-graphisme.org\/Vente\/product\/capitainerie-de-honfleur\/","url_meta":{"origin":395,"position":1},"title":"Capitainerie de Honfleur","author":"phil.levasseur","date":"17\/01\/2023","format":false,"excerpt":"Capitainerie de Honfleur. Aquarelle peinte en 1995. Dimension sans cadre 29,7x21cm, peut \u00eatre vendue encadr\u00e9e sous verre 33,5x43,5cm, Pour la commande il est n\u00e9cessaire de choisir la pr\u00e9sentation.","rel":"","context":"Article similaire","block_context":{"text":"Article similaire","link":""},"img":{"alt_text":"Capitainerie de Honfleur. Aquarelle peinte en 1995. Dimension sans cadre 29,7x21cm, peut \u00eatre vendue encadr\u00e9e sous verre 33,5x43,5cm, La commande devra inclure les deux r\u00e9f\u00e9rences, aquarelle et cadre ref.06.","src":"https:\/\/i0.wp.com\/pl-graphisme.org\/Vente\/wp-content\/uploads\/2023\/01\/capitainerie-de-honfleur-sans-cadre.jpg?fit=600%2C423&ssl=1&resize=350%2C200","width":350,"height":200,"srcset":"https:\/\/i0.wp.com\/pl-graphisme.org\/Vente\/wp-content\/uploads\/2023\/01\/capitainerie-de-honfleur-sans-cadre.jpg?fit=600%2C423&ssl=1&resize=350%2C200 1x, https:\/\/i0.wp.com\/pl-graphisme.org\/Vente\/wp-content\/uploads\/2023\/01\/capitainerie-de-honfleur-sans-cadre.jpg?fit=600%2C423&ssl=1&resize=525%2C300 1.5x"},"classes":[]},{"id":401,"url":"https:\/\/pl-graphisme.org\/Vente\/product\/sortie-du-port\/","url_meta":{"origin":395,"position":2},"title":"Sortie du port de Honfleur","author":"phil.levasseur","date":"17\/01\/2023","format":false,"excerpt":"Sortie du port de Honfleur, aquarelle originale de Philippe Levasseur peinte en 1995. Dimensions 20x25cm sans cadre. Ou encadr\u00e9e sous verre 33.5x43.5cm Lors a commande il est n\u00e9cessaire de choisir la pr\u00e9sentation.","rel":"","context":"Article similaire","block_context":{"text":"Article similaire","link":""},"img":{"alt_text":"Sortie du port de Honfleur, le Phare, Aquarelle de Philippe Levasseur, 1995, 29,7x21cm encadr\u00e9e sous verre 42 x 32 cm. Un chalutier sort du port devant le phare","src":"https:\/\/i0.wp.com\/pl-graphisme.org\/Vente\/wp-content\/uploads\/2023\/01\/Sortie-du-port-de-Honfleur-phare-scaled.jpg?fit=1200%2C898&ssl=1&resize=350%2C200","width":350,"height":200,"srcset":"https:\/\/i0.wp.com\/pl-graphisme.org\/Vente\/wp-content\/uploads\/2023\/01\/Sortie-du-port-de-Honfleur-phare-scaled.jpg?fit=1200%2C898&ssl=1&resize=350%2C200 1x, https:\/\/i0.wp.com\/pl-graphisme.org\/Vente\/wp-content\/uploads\/2023\/01\/Sortie-du-port-de-Honfleur-phare-scaled.jpg?fit=1200%2C898&ssl=1&resize=525%2C300 1.5x, https:\/\/i0.wp.com\/pl-graphisme.org\/Vente\/wp-content\/uploads\/2023\/01\/Sortie-du-port-de-Honfleur-phare-scaled.jpg?fit=1200%2C898&ssl=1&resize=700%2C400 2x, https:\/\/i0.wp.com\/pl-graphisme.org\/Vente\/wp-content\/uploads\/2023\/01\/Sortie-du-port-de-Honfleur-phare-scaled.jpg?fit=1200%2C898&ssl=1&resize=1050%2C600 3x"},"classes":[]},{"id":392,"url":"https:\/\/pl-graphisme.org\/Vente\/product\/porte-bleue-a-lorgerie\/","url_meta":{"origin":395,"position":3},"title":"Porte bleue \u00e0 l&#8217;Orgerie","author":"phil.levasseur","date":"16\/01\/2023","format":false,"excerpt":"Porte bleue \u00e0 l\u2019Orgerie. Aquarelle peinte en 1996. Dimension sans cadre 29,7x21cm. Peut \u00eatre vendue encadr\u00e9e sous verre 32x42cm. Lors a commande il est n\u00e9cessaire de choisir la pr\u00e9sentation.","rel":"","context":"Article similaire","block_context":{"text":"Article similaire","link":""},"img":{"alt_text":"","src":"","width":0,"height":0},"classes":[]},{"id":588,"url":"https:\/\/pl-graphisme.org\/Vente\/product\/argenton-sur-creuse\/","url_meta":{"origin":395,"position":4},"title":"Argenton sur Creuse","author":"phil.levasseur","date":"03\/02\/2023","format":false,"excerpt":"Argenton sur Creuse. Aquarelle peinte en 1997. Dimension sans cadre 29,7x21cm. Peut \u00eatre vendue encadr\u00e9e sous verre 32x42cm. Lors a commande il est n\u00e9cessaire de choisir la pr\u00e9sentation.","rel":"","context":"Article similaire","block_context":{"text":"Article similaire","link":""},"img":{"alt_text":"Argenton sur Creuse. Aquarelle peinte en 1997. Dimension sans cadre 29,7x21cm. Peut \u00eatre vendue encadr\u00e9e sous verre 32x42cm. Lors a commande il est n\u00e9cessaire de choisir la pr\u00e9sentation.","src":"https:\/\/i0.wp.com\/pl-graphisme.org\/Vente\/wp-content\/uploads\/2023\/02\/argenton.jpg?fit=1000%2C704&ssl=1&resize=350%2C200","width":350,"height":200,"srcset":"https:\/\/i0.wp.com\/pl-graphisme.org\/Vente\/wp-content\/uploads\/2023\/02\/argenton.jpg?fit=1000%2C704&ssl=1&resize=350%2C200 1x, https:\/\/i0.wp.com\/pl-graphisme.org\/Vente\/wp-content\/uploads\/2023\/02\/argenton.jpg?fit=1000%2C704&ssl=1&resize=525%2C300 1.5x, https:\/\/i0.wp.com\/pl-graphisme.org\/Vente\/wp-content\/uploads\/2023\/02\/argenton.jpg?fit=1000%2C704&ssl=1&resize=700%2C400 2x"},"classes":[]},{"id":558,"url":"https:\/\/pl-graphisme.org\/Vente\/product\/porte-de-munster\/","url_meta":{"origin":395,"position":5},"title":"Porte de Munster \u00e0 Turkheim","author":"phil.levasseur","date":"01\/02\/2023","format":false,"excerpt":"Porte de Munster \u00e0 Turkheim. Aquarelle originale de Philippe Levasseur. Peinte en 2008. Mesures 21x29,7cm sans cadre. Peut \u00eatre vendue encadr\u00e9e sous verre 33x43,5cm. Cadre bois vernis filet or. Lors de la commande il est n\u00e9cessaire de choisir la pr\u00e9sentation.","rel":"","context":"Article similaire","block_context":{"text":"Article similaire","link":""},"img":{"alt_text":"Porte de Munster \u00e0 Turkheim. Aquarelle originale de Philippe Levasseur. Peinte en 2008. Mesures 21x29,7cm sans cadre. Peut \u00eatre vendue encadr\u00e9e sous verre 33x43,5cm. Cadre bois vernis filet or. Lors de la commande il est n\u00e9cessaire de choisir la pr\u00e9sentation.","src":"https:\/\/i0.wp.com\/pl-graphisme.org\/Vente\/wp-content\/uploads\/2023\/02\/porte-de-muster-turkheim-mod.jpg?fit=1000%2C676&ssl=1&resize=350%2C200","width":350,"height":200,"srcset":"https:\/\/i0.wp.com\/pl-graphisme.org\/Vente\/wp-content\/uploads\/2023\/02\/porte-de-muster-turkheim-mod.jpg?fit=1000%2C676&ssl=1&resize=350%2C200 1x, https:\/\/i0.wp.com\/pl-graphisme.org\/Vente\/wp-content\/uploads\/2023\/02\/porte-de-muster-turkheim-mod.jpg?fit=1000%2C676&ssl=1&resize=525%2C300 1.5x, https:\/\/i0.wp.com\/pl-graphisme.org\/Vente\/wp-content\/uploads\/2023\/02\/porte-de-muster-turkheim-mod.jpg?fit=1000%2C676&ssl=1&resize=700%2C400 2x"},"classes":[]}],"jetpack_sharing_enabled":true,"_links":{"self":[{"href":"https:\/\/pl-graphisme.org\/Vente\/wp-json\/wp\/v2\/product\/395","targetHints":{"allow":["GET"]}}],"collection":[{"href":"https:\/\/pl-graphisme.org\/Vente\/wp-json\/wp\/v2\/product"}],"about":[{"href":"https:\/\/pl-graphisme.org\/Vente\/wp-json\/wp\/v2\/types\/product"}],"replies":[{"embeddable":true,"href":"https:\/\/pl-graphisme.org\/Vente\/wp-json\/wp\/v2\/comments?post=395"}],"wp:featuredmedia":[{"embeddable":true,"href":"https:\/\/pl-graphisme.org\/Vente\/wp-json\/wp\/v2\/media\/396"}],"wp:attachment":[{"href":"https:\/\/pl-graphisme.org\/Vente\/wp-json\/wp\/v2\/media?parent=395"}],"wp:term":[{"taxonomy":"product_brand","embeddable":true,"href":"https:\/\/pl-graphisme.org\/Vente\/wp-json\/wp\/v2\/product_brand?post=395"},{"taxonomy":"product_cat","embeddable":true,"href":"https:\/\/pl-graphisme.org\/Vente\/wp-json\/wp\/v2\/product_cat?post=395"},{"taxonomy":"product_tag","embeddable":true,"href":"https:\/\/pl-graphisme.org\/Vente\/wp-json\/wp\/v2\/product_tag?post=395"}],"curies":[{"name":"wp","href":"https:\/\/api.w.org\/{rel}","templated":true}]}}