{"id":392,"date":"2023-01-16T16:33:05","date_gmt":"2023-01-16T16:33:05","guid":{"rendered":"https:\/\/pl-graphisme.org\/Vente\/?post_type=product&#038;p=392"},"modified":"2023-03-01T04:59:13","modified_gmt":"2023-03-01T04:59:13","slug":"porte-bleue-a-lorgerie","status":"publish","type":"product","link":"https:\/\/pl-graphisme.org\/Vente\/product\/porte-bleue-a-lorgerie\/","title":{"rendered":"Porte bleue \u00e0 l&#8217;Orgerie"},"content":{"rendered":"<p>Porte bleue \u00e0 l\u2019Orgerie. Aquarelle peinte en 1996.<\/p>\n<p>Dimension sans cadre 29,7x21cm.<\/p>\n<p>Peut \u00eatre vendue encadr\u00e9e sous verre 32x42cm.<\/p>\n<p>Lors a commande il est n\u00e9cessaire de choisir la pr\u00e9sentation.<\/p>\n","protected":false},"excerpt":{"rendered":"<p>Porte bleue \u00e0 l\u2019Orgerie. Aquarelle peinte en 1996.<\/p>\n<p>Dimension sans cadre 29,7x21cm.<\/p>\n<p>Peut \u00eatre vendue encadr\u00e9e sous verre 32x42cm.<\/p>\n<p>Lors a commande il est n\u00e9cessaire de choisir la pr\u00e9sentation.<\/p>\n","protected":false},"featured_media":393,"comment_status":"open","ping_status":"closed","template":"","meta":{"nf_dc_page":"","om_disable_all_campaigns":false,"_monsterinsights_skip_tracking":false,"_monsterinsights_sitenote_active":false,"_monsterinsights_sitenote_note":"","_monsterinsights_sitenote_category":0},"product_brand":[],"product_cat":[30],"product_tag":[31,60,25,43,49,48,36],"class_list":{"0":"post-392","1":"product","2":"type-product","3":"status-publish","4":"has-post-thumbnail","6":"product_cat-aquarelles","7":"product_tag-aquarelles","8":"product_tag-architecture","9":"product_tag-encadree","10":"product_tag-murs","11":"product_tag-peinture","12":"product_tag-philippe-levasseur","13":"product_tag-tableau","14":"product_shipping_class-exp03","16":"first","17":"instock","18":"shipping-taxable","19":"purchasable","20":"product-type-variable"},"aioseo_notices":[],"jetpack-related-posts":[{"id":588,"url":"https:\/\/pl-graphisme.org\/Vente\/product\/argenton-sur-creuse\/","url_meta":{"origin":392,"position":0},"title":"Argenton sur Creuse","author":"phil.levasseur","date":"03\/02\/2023","format":false,"excerpt":"Argenton sur Creuse. Aquarelle peinte en 1997. Dimension sans cadre 29,7x21cm. Peut \u00eatre vendue encadr\u00e9e sous verre 32x42cm. Lors a commande il est n\u00e9cessaire de choisir la pr\u00e9sentation.","rel":"","context":"Article similaire","block_context":{"text":"Article similaire","link":""},"img":{"alt_text":"Argenton sur Creuse. Aquarelle peinte en 1997. Dimension sans cadre 29,7x21cm. Peut \u00eatre vendue encadr\u00e9e sous verre 32x42cm. Lors a commande il est n\u00e9cessaire de choisir la pr\u00e9sentation.","src":"https:\/\/i0.wp.com\/pl-graphisme.org\/Vente\/wp-content\/uploads\/2023\/02\/argenton.jpg?fit=1000%2C704&ssl=1&resize=350%2C200","width":350,"height":200,"srcset":"https:\/\/i0.wp.com\/pl-graphisme.org\/Vente\/wp-content\/uploads\/2023\/02\/argenton.jpg?fit=1000%2C704&ssl=1&resize=350%2C200 1x, https:\/\/i0.wp.com\/pl-graphisme.org\/Vente\/wp-content\/uploads\/2023\/02\/argenton.jpg?fit=1000%2C704&ssl=1&resize=525%2C300 1.5x, https:\/\/i0.wp.com\/pl-graphisme.org\/Vente\/wp-content\/uploads\/2023\/02\/argenton.jpg?fit=1000%2C704&ssl=1&resize=700%2C400 2x"},"classes":[]},{"id":407,"url":"https:\/\/pl-graphisme.org\/Vente\/product\/capitainerie-de-honfleur\/","url_meta":{"origin":392,"position":1},"title":"Capitainerie de Honfleur","author":"phil.levasseur","date":"17\/01\/2023","format":false,"excerpt":"Capitainerie de Honfleur. Aquarelle peinte en 1995. Dimension sans cadre 29,7x21cm, peut \u00eatre vendue encadr\u00e9e sous verre 33,5x43,5cm, Pour la commande il est n\u00e9cessaire de choisir la pr\u00e9sentation.","rel":"","context":"Article similaire","block_context":{"text":"Article similaire","link":""},"img":{"alt_text":"Capitainerie de Honfleur. Aquarelle peinte en 1995. Dimension sans cadre 29,7x21cm, peut \u00eatre vendue encadr\u00e9e sous verre 33,5x43,5cm, La commande devra inclure les deux r\u00e9f\u00e9rences, aquarelle et cadre ref.06.","src":"https:\/\/i0.wp.com\/pl-graphisme.org\/Vente\/wp-content\/uploads\/2023\/01\/capitainerie-de-honfleur-sans-cadre.jpg?fit=600%2C423&ssl=1&resize=350%2C200","width":350,"height":200,"srcset":"https:\/\/i0.wp.com\/pl-graphisme.org\/Vente\/wp-content\/uploads\/2023\/01\/capitainerie-de-honfleur-sans-cadre.jpg?fit=600%2C423&ssl=1&resize=350%2C200 1x, https:\/\/i0.wp.com\/pl-graphisme.org\/Vente\/wp-content\/uploads\/2023\/01\/capitainerie-de-honfleur-sans-cadre.jpg?fit=600%2C423&ssl=1&resize=525%2C300 1.5x"},"classes":[]},{"id":401,"url":"https:\/\/pl-graphisme.org\/Vente\/product\/sortie-du-port\/","url_meta":{"origin":392,"position":2},"title":"Sortie du port de Honfleur","author":"phil.levasseur","date":"17\/01\/2023","format":false,"excerpt":"Sortie du port de Honfleur, aquarelle originale de Philippe Levasseur peinte en 1995. Dimensions 20x25cm sans cadre. Ou encadr\u00e9e sous verre 33.5x43.5cm Lors a commande il est n\u00e9cessaire de choisir la pr\u00e9sentation.","rel":"","context":"Article similaire","block_context":{"text":"Article similaire","link":""},"img":{"alt_text":"Sortie du port de Honfleur, le Phare, Aquarelle de Philippe Levasseur, 1995, 29,7x21cm encadr\u00e9e sous verre 42 x 32 cm. Un chalutier sort du port devant le phare","src":"https:\/\/i0.wp.com\/pl-graphisme.org\/Vente\/wp-content\/uploads\/2023\/01\/Sortie-du-port-de-Honfleur-phare-scaled.jpg?fit=1200%2C898&ssl=1&resize=350%2C200","width":350,"height":200,"srcset":"https:\/\/i0.wp.com\/pl-graphisme.org\/Vente\/wp-content\/uploads\/2023\/01\/Sortie-du-port-de-Honfleur-phare-scaled.jpg?fit=1200%2C898&ssl=1&resize=350%2C200 1x, https:\/\/i0.wp.com\/pl-graphisme.org\/Vente\/wp-content\/uploads\/2023\/01\/Sortie-du-port-de-Honfleur-phare-scaled.jpg?fit=1200%2C898&ssl=1&resize=525%2C300 1.5x, https:\/\/i0.wp.com\/pl-graphisme.org\/Vente\/wp-content\/uploads\/2023\/01\/Sortie-du-port-de-Honfleur-phare-scaled.jpg?fit=1200%2C898&ssl=1&resize=700%2C400 2x, https:\/\/i0.wp.com\/pl-graphisme.org\/Vente\/wp-content\/uploads\/2023\/01\/Sortie-du-port-de-Honfleur-phare-scaled.jpg?fit=1200%2C898&ssl=1&resize=1050%2C600 3x"},"classes":[]},{"id":433,"url":"https:\/\/pl-graphisme.org\/Vente\/product\/honfleur-le-port\/","url_meta":{"origin":392,"position":3},"title":"Honfleur le port","author":"phil.levasseur","date":"18\/01\/2023","format":false,"excerpt":"Honfleur le port. Aquarelle originale peinte en 1996. Dimension sans cadre 40x30cm, Peut \u00eatre vendue encadr\u00e9e sous verre 55x45cm, Lors a commande il est n\u00e9cessaire de choisir la pr\u00e9sentation.","rel":"","context":"Article similaire","block_context":{"text":"Article similaire","link":""},"img":{"alt_text":"","src":"","width":0,"height":0},"classes":[]},{"id":446,"url":"https:\/\/pl-graphisme.org\/Vente\/product\/mer-de-glace\/","url_meta":{"origin":392,"position":4},"title":"Mer de glace","author":"phil.levasseur","date":"18\/01\/2023","format":false,"excerpt":"La Mer de glace, \u00e0 Chamonix. Aquarelle originale de Philippe Levasseur. 1995. Mesures 29,7x21cm sans cadre. Peut \u00eatre vendue encadr\u00e9e sous verre 43,5\u00d733,5cm. Lors a commande il est n\u00e9cessaire de choisir la pr\u00e9sentation.","rel":"","context":"Article similaire","block_context":{"text":"Article similaire","link":""},"img":{"alt_text":"La Mer de glace, \u00e0 Chamonix. Aquarelle originale de Philippe Levasseur. 1995. Mesures 29,7x21cm sans cadre. Peut \u00eatre vendue encadr\u00e9e sous verre 43,5\u00d733,5cm. La commande devra inclure les deux r\u00e9f\u00e9rences, aquarelle et cadre ref.01.","src":"https:\/\/i0.wp.com\/pl-graphisme.org\/Vente\/wp-content\/uploads\/2023\/01\/Mer-de-glace.jpg?fit=950%2C664&ssl=1&resize=350%2C200","width":350,"height":200,"srcset":"https:\/\/i0.wp.com\/pl-graphisme.org\/Vente\/wp-content\/uploads\/2023\/01\/Mer-de-glace.jpg?fit=950%2C664&ssl=1&resize=350%2C200 1x, https:\/\/i0.wp.com\/pl-graphisme.org\/Vente\/wp-content\/uploads\/2023\/01\/Mer-de-glace.jpg?fit=950%2C664&ssl=1&resize=525%2C300 1.5x, https:\/\/i0.wp.com\/pl-graphisme.org\/Vente\/wp-content\/uploads\/2023\/01\/Mer-de-glace.jpg?fit=950%2C664&ssl=1&resize=700%2C400 2x"},"classes":[]},{"id":569,"url":"https:\/\/pl-graphisme.org\/Vente\/product\/hermance-en-suisse\/","url_meta":{"origin":392,"position":5},"title":"Hermance en Suisse","author":"phil.levasseur","date":"01\/02\/2023","format":false,"excerpt":"Hermance en Suisse Aquarelle originale de Philippe Levasseur. Peinte en 1994. Mesures 29,7x21cm sans cadre. Peut \u00eatre vendue encadr\u00e9e sous verre 43,5\u00d733,5cm. Lors a commande il est n\u00e9cessaire de choisir la pr\u00e9sentation.","rel":"","context":"Article similaire","block_context":{"text":"Article similaire","link":""},"img":{"alt_text":"Hermance en Suisse, aquarelle, 21x29,7cm, encadr\u00e9e sous verres 33,5x43cm. Philippe Levasseur, 1994.","src":"https:\/\/i0.wp.com\/pl-graphisme.org\/Vente\/wp-content\/uploads\/2023\/02\/hermance.jpg?fit=871%2C1200&ssl=1&resize=350%2C200","width":350,"height":200,"srcset":"https:\/\/i0.wp.com\/pl-graphisme.org\/Vente\/wp-content\/uploads\/2023\/02\/hermance.jpg?fit=871%2C1200&ssl=1&resize=350%2C200 1x, https:\/\/i0.wp.com\/pl-graphisme.org\/Vente\/wp-content\/uploads\/2023\/02\/hermance.jpg?fit=871%2C1200&ssl=1&resize=525%2C300 1.5x, https:\/\/i0.wp.com\/pl-graphisme.org\/Vente\/wp-content\/uploads\/2023\/02\/hermance.jpg?fit=871%2C1200&ssl=1&resize=700%2C400 2x"},"classes":[]}],"jetpack_sharing_enabled":true,"_links":{"self":[{"href":"https:\/\/pl-graphisme.org\/Vente\/wp-json\/wp\/v2\/product\/392","targetHints":{"allow":["GET"]}}],"collection":[{"href":"https:\/\/pl-graphisme.org\/Vente\/wp-json\/wp\/v2\/product"}],"about":[{"href":"https:\/\/pl-graphisme.org\/Vente\/wp-json\/wp\/v2\/types\/product"}],"replies":[{"embeddable":true,"href":"https:\/\/pl-graphisme.org\/Vente\/wp-json\/wp\/v2\/comments?post=392"}],"wp:featuredmedia":[{"embeddable":true,"href":"https:\/\/pl-graphisme.org\/Vente\/wp-json\/wp\/v2\/media\/393"}],"wp:attachment":[{"href":"https:\/\/pl-graphisme.org\/Vente\/wp-json\/wp\/v2\/media?parent=392"}],"wp:term":[{"taxonomy":"product_brand","embeddable":true,"href":"https:\/\/pl-graphisme.org\/Vente\/wp-json\/wp\/v2\/product_brand?post=392"},{"taxonomy":"product_cat","embeddable":true,"href":"https:\/\/pl-graphisme.org\/Vente\/wp-json\/wp\/v2\/product_cat?post=392"},{"taxonomy":"product_tag","embeddable":true,"href":"https:\/\/pl-graphisme.org\/Vente\/wp-json\/wp\/v2\/product_tag?post=392"}],"curies":[{"name":"wp","href":"https:\/\/api.w.org\/{rel}","templated":true}]}}