{"id":388,"date":"2023-01-14T18:50:39","date_gmt":"2023-01-14T18:50:39","guid":{"rendered":"https:\/\/pl-graphisme.org\/Vente\/?post_type=product&#038;p=388"},"modified":"2023-03-01T04:59:13","modified_gmt":"2023-03-01T04:59:13","slug":"eguisheim","status":"publish","type":"product","link":"https:\/\/pl-graphisme.org\/Vente\/product\/eguisheim\/","title":{"rendered":"Eguisheim"},"content":{"rendered":"<p>Eguisheim, Auberge du rempart, aquarelle originale de Philippe Levasseur peinte en 2008.<\/p>\n<p>Sans cadre elle mesure 20x24cm.<\/p>\n<p>Peut \u00eatre vendue encadr\u00e9e sous verre 29x35cm. Cadre en bois.<\/p>\n<p>Lors a commande il est n\u00e9cessaire de choisir la pr\u00e9sentation.<\/p>\n","protected":false},"excerpt":{"rendered":"<p>Eguisheim, Auberge du rempart, aquarelle originale de Philippe Levasseur peinte en 2008.<\/p>\n<p>Sans cadre elle mesure 20x24cm.<\/p>\n<p>Peut \u00eatre vendue encadr\u00e9e sous verre 29x35cm. Cadre en bois.<\/p>\n<p>Lors a commande il est n\u00e9cessaire de choisir la pr\u00e9sentation.<\/p>\n","protected":false},"featured_media":391,"comment_status":"open","ping_status":"closed","template":"","meta":{"nf_dc_page":"","om_disable_all_campaigns":false,"_monsterinsights_skip_tracking":false,"_monsterinsights_sitenote_active":false,"_monsterinsights_sitenote_note":"","_monsterinsights_sitenote_category":0},"product_brand":[],"product_cat":[30],"product_tag":[23,31,127,25,43,49,48,44,36],"class_list":{"0":"post-388","1":"product","2":"type-product","3":"status-publish","4":"has-post-thumbnail","6":"product_cat-aquarelles","7":"product_tag-alsace","8":"product_tag-aquarelles","9":"product_tag-eguisheim","10":"product_tag-encadree","11":"product_tag-murs","12":"product_tag-peinture","13":"product_tag-philippe-levasseur","14":"product_tag-rue","15":"product_tag-tableau","16":"product_shipping_class-exp03","18":"first","19":"instock","20":"shipping-taxable","21":"purchasable","22":"product-type-variable"},"aioseo_notices":[],"jetpack-related-posts":[{"id":558,"url":"https:\/\/pl-graphisme.org\/Vente\/product\/porte-de-munster\/","url_meta":{"origin":388,"position":0},"title":"Porte de Munster \u00e0 Turkheim","author":"phil.levasseur","date":"01\/02\/2023","format":false,"excerpt":"Porte de Munster \u00e0 Turkheim. Aquarelle originale de Philippe Levasseur. Peinte en 2008. Mesures 21x29,7cm sans cadre. Peut \u00eatre vendue encadr\u00e9e sous verre 33x43,5cm. Cadre bois vernis filet or. Lors de la commande il est n\u00e9cessaire de choisir la pr\u00e9sentation.","rel":"","context":"Article similaire","block_context":{"text":"Article similaire","link":""},"img":{"alt_text":"Porte de Munster \u00e0 Turkheim. Aquarelle originale de Philippe Levasseur. Peinte en 2008. Mesures 21x29,7cm sans cadre. Peut \u00eatre vendue encadr\u00e9e sous verre 33x43,5cm. Cadre bois vernis filet or. Lors de la commande il est n\u00e9cessaire de choisir la pr\u00e9sentation.","src":"https:\/\/i0.wp.com\/pl-graphisme.org\/Vente\/wp-content\/uploads\/2023\/02\/porte-de-muster-turkheim-mod.jpg?fit=1000%2C676&ssl=1&resize=350%2C200","width":350,"height":200,"srcset":"https:\/\/i0.wp.com\/pl-graphisme.org\/Vente\/wp-content\/uploads\/2023\/02\/porte-de-muster-turkheim-mod.jpg?fit=1000%2C676&ssl=1&resize=350%2C200 1x, https:\/\/i0.wp.com\/pl-graphisme.org\/Vente\/wp-content\/uploads\/2023\/02\/porte-de-muster-turkheim-mod.jpg?fit=1000%2C676&ssl=1&resize=525%2C300 1.5x, https:\/\/i0.wp.com\/pl-graphisme.org\/Vente\/wp-content\/uploads\/2023\/02\/porte-de-muster-turkheim-mod.jpg?fit=1000%2C676&ssl=1&resize=700%2C400 2x"},"classes":[]},{"id":78,"url":"https:\/\/pl-graphisme.org\/Vente\/product\/rue-de-rouffach\/","url_meta":{"origin":388,"position":1},"title":"Vieille rue de Rouffach","author":"phil.levasseur","date":"02\/12\/2022","format":false,"excerpt":"Vieille rue de Rouffach, aquarelle originale de Philippe Levasseur peinte en 2008. Sans cadre elle mesure 20x25cm Peut \u00eatre vendue encadr\u00e9e sous verre 33.5x43.5cm, cadre bois vernis et filet or. Lors a commande il est n\u00e9cessaire de choisir la pr\u00e9sentation.","rel":"","context":"Article similaire","block_context":{"text":"Article similaire","link":""},"img":{"alt_text":"Rue de Rouffach, aquarelle sous verre.","src":"https:\/\/i0.wp.com\/pl-graphisme.org\/Vente\/wp-content\/uploads\/2022\/12\/Rue-de-Rouffach.jpg?fit=468%2C600&ssl=1&resize=350%2C200","width":350,"height":200},"classes":[]},{"id":574,"url":"https:\/\/pl-graphisme.org\/Vente\/product\/colmar-rue-des-marchands\/","url_meta":{"origin":388,"position":2},"title":"Colmar Rue des marchands","author":"phil.levasseur","date":"02\/02\/2023","format":false,"excerpt":"Colmar Rue des marchands, aquarelle originale de Philippe Levasseur peinte en 2008. Sans cadre elle mesure 25cm en hauteur. Peut \u00eatre vendue encadr\u00e9e sous verre 33.5x43.5cm, cadre bois vernis et filet or. Lors a commande il est n\u00e9cessaire de choisir la pr\u00e9sentation.","rel":"","context":"Article similaire","block_context":{"text":"Article similaire","link":""},"img":{"alt_text":"","src":"https:\/\/i0.wp.com\/pl-graphisme.org\/Vente\/wp-content\/uploads\/2023\/02\/colmar-rue-des-marchands.jpg?fit=927%2C1200&ssl=1&resize=350%2C200","width":350,"height":200,"srcset":"https:\/\/i0.wp.com\/pl-graphisme.org\/Vente\/wp-content\/uploads\/2023\/02\/colmar-rue-des-marchands.jpg?fit=927%2C1200&ssl=1&resize=350%2C200 1x, https:\/\/i0.wp.com\/pl-graphisme.org\/Vente\/wp-content\/uploads\/2023\/02\/colmar-rue-des-marchands.jpg?fit=927%2C1200&ssl=1&resize=525%2C300 1.5x, https:\/\/i0.wp.com\/pl-graphisme.org\/Vente\/wp-content\/uploads\/2023\/02\/colmar-rue-des-marchands.jpg?fit=927%2C1200&ssl=1&resize=700%2C400 2x"},"classes":[]},{"id":583,"url":"https:\/\/pl-graphisme.org\/Vente\/product\/ponte-dei-tre-archi\/","url_meta":{"origin":388,"position":3},"title":"Ponte dei tre archi","author":"phil.levasseur","date":"02\/02\/2023","format":false,"excerpt":"Ponte dei tre archi \u00e0 Venise. Aquarelle originale de Philippe Levasseur. Peinte en 2010. Mesures 21x29,7cm sans cadre. Peut \u00eatre vendue encadr\u00e9e sous verre 33x43,5cm. Cadre bois vernis filet or. Lors de la commande il est n\u00e9cessaire de choisir la pr\u00e9sentation.","rel":"","context":"Article similaire","block_context":{"text":"Article similaire","link":""},"img":{"alt_text":"Ponte dei tre archi \u00e0 Venise. Aquarelle originale de Philippe Levasseur. Peinte en 2010. Mesures 21x29,7cm sans cadre. Peut \u00eatre vendue encadr\u00e9e sous verre 33x43,5cm. Cadre bois vernis filet or. Lors de la commande il est n\u00e9cessaire de choisir la pr\u00e9sentation.","src":"https:\/\/i0.wp.com\/pl-graphisme.org\/Vente\/wp-content\/uploads\/2023\/02\/ponte_dei_tre_archi600x426.jpg?fit=600%2C426&ssl=1&resize=350%2C200","width":350,"height":200,"srcset":"https:\/\/i0.wp.com\/pl-graphisme.org\/Vente\/wp-content\/uploads\/2023\/02\/ponte_dei_tre_archi600x426.jpg?fit=600%2C426&ssl=1&resize=350%2C200 1x, https:\/\/i0.wp.com\/pl-graphisme.org\/Vente\/wp-content\/uploads\/2023\/02\/ponte_dei_tre_archi600x426.jpg?fit=600%2C426&ssl=1&resize=525%2C300 1.5x"},"classes":[]},{"id":385,"url":"https:\/\/pl-graphisme.org\/Vente\/product\/porche-a-rouffach\/","url_meta":{"origin":388,"position":4},"title":"Porche \u00e0 Rouffach","author":"phil.levasseur","date":"14\/01\/2023","format":false,"excerpt":"Porche \u00e0\u00a0Rouffach dans une vieille rue. Aquarelle originale de Philippe Levasseur. 2008 Mesures 25x20cm sans cadre. Peut \u00eatre vendue encadr\u00e9e sous verre 43,5\u00d733,5cm. Cadre bois vernis filet or. Lors de la commande il est n\u00e9cessaire de choisir la pr\u00e9sentation.","rel":"","context":"Article similaire","block_context":{"text":"Article similaire","link":""},"img":{"alt_text":"Porche \u00e0\u00a0Rouffach dans une vieille rue.\u00a0 Mesures 25x20cm sans cadre. Peut \u00eatre vendue encadr\u00e9e sous verre 43,5\u00d733,5cm. La commande devra inclure les deux r\u00e9f\u00e9rences, aquarelle et cadre ref.01.","src":"https:\/\/i0.wp.com\/pl-graphisme.org\/Vente\/wp-content\/uploads\/2023\/01\/porche-a-rouffach-sans-cadre.jpg?fit=800%2C633&ssl=1&resize=350%2C200","width":350,"height":200,"srcset":"https:\/\/i0.wp.com\/pl-graphisme.org\/Vente\/wp-content\/uploads\/2023\/01\/porche-a-rouffach-sans-cadre.jpg?fit=800%2C633&ssl=1&resize=350%2C200 1x, https:\/\/i0.wp.com\/pl-graphisme.org\/Vente\/wp-content\/uploads\/2023\/01\/porche-a-rouffach-sans-cadre.jpg?fit=800%2C633&ssl=1&resize=525%2C300 1.5x, https:\/\/i0.wp.com\/pl-graphisme.org\/Vente\/wp-content\/uploads\/2023\/01\/porche-a-rouffach-sans-cadre.jpg?fit=800%2C633&ssl=1&resize=700%2C400 2x"},"classes":[]},{"id":569,"url":"https:\/\/pl-graphisme.org\/Vente\/product\/hermance-en-suisse\/","url_meta":{"origin":388,"position":5},"title":"Hermance en Suisse","author":"phil.levasseur","date":"01\/02\/2023","format":false,"excerpt":"Hermance en Suisse Aquarelle originale de Philippe Levasseur. Peinte en 1994. Mesures 29,7x21cm sans cadre. Peut \u00eatre vendue encadr\u00e9e sous verre 43,5\u00d733,5cm. Lors a commande il est n\u00e9cessaire de choisir la pr\u00e9sentation.","rel":"","context":"Article similaire","block_context":{"text":"Article similaire","link":""},"img":{"alt_text":"Hermance en Suisse, aquarelle, 21x29,7cm, encadr\u00e9e sous verres 33,5x43cm. Philippe Levasseur, 1994.","src":"https:\/\/i0.wp.com\/pl-graphisme.org\/Vente\/wp-content\/uploads\/2023\/02\/hermance.jpg?fit=871%2C1200&ssl=1&resize=350%2C200","width":350,"height":200,"srcset":"https:\/\/i0.wp.com\/pl-graphisme.org\/Vente\/wp-content\/uploads\/2023\/02\/hermance.jpg?fit=871%2C1200&ssl=1&resize=350%2C200 1x, https:\/\/i0.wp.com\/pl-graphisme.org\/Vente\/wp-content\/uploads\/2023\/02\/hermance.jpg?fit=871%2C1200&ssl=1&resize=525%2C300 1.5x, https:\/\/i0.wp.com\/pl-graphisme.org\/Vente\/wp-content\/uploads\/2023\/02\/hermance.jpg?fit=871%2C1200&ssl=1&resize=700%2C400 2x"},"classes":[]}],"jetpack_sharing_enabled":true,"_links":{"self":[{"href":"https:\/\/pl-graphisme.org\/Vente\/wp-json\/wp\/v2\/product\/388","targetHints":{"allow":["GET"]}}],"collection":[{"href":"https:\/\/pl-graphisme.org\/Vente\/wp-json\/wp\/v2\/product"}],"about":[{"href":"https:\/\/pl-graphisme.org\/Vente\/wp-json\/wp\/v2\/types\/product"}],"replies":[{"embeddable":true,"href":"https:\/\/pl-graphisme.org\/Vente\/wp-json\/wp\/v2\/comments?post=388"}],"wp:featuredmedia":[{"embeddable":true,"href":"https:\/\/pl-graphisme.org\/Vente\/wp-json\/wp\/v2\/media\/391"}],"wp:attachment":[{"href":"https:\/\/pl-graphisme.org\/Vente\/wp-json\/wp\/v2\/media?parent=388"}],"wp:term":[{"taxonomy":"product_brand","embeddable":true,"href":"https:\/\/pl-graphisme.org\/Vente\/wp-json\/wp\/v2\/product_brand?post=388"},{"taxonomy":"product_cat","embeddable":true,"href":"https:\/\/pl-graphisme.org\/Vente\/wp-json\/wp\/v2\/product_cat?post=388"},{"taxonomy":"product_tag","embeddable":true,"href":"https:\/\/pl-graphisme.org\/Vente\/wp-json\/wp\/v2\/product_tag?post=388"}],"curies":[{"name":"wp","href":"https:\/\/api.w.org\/{rel}","templated":true}]}}