{"id":358,"date":"2023-01-12T10:36:38","date_gmt":"2023-01-12T10:36:38","guid":{"rendered":"https:\/\/pl-graphisme.org\/Vente\/?post_type=product&#038;p=358"},"modified":"2023-03-01T04:59:09","modified_gmt":"2023-03-01T04:59:09","slug":"san-giorgio-magiore-soleil-couchant","status":"publish","type":"product","link":"https:\/\/pl-graphisme.org\/Vente\/product\/san-giorgio-magiore-soleil-couchant\/","title":{"rendered":"San Giorgio Magiore soleil couchant"},"content":{"rendered":"<p>San Giorgio Magiore soleil couchant, lorsque la nuit tombe, on peut admirer le soleil se coucher sur\u00a0<a title=\"San Giorgio Magiore\" href=\"https:\/\/fr.wikipedia.org\/wiki\/Basilique_San_Giorgio_Maggiore_de_Venise\" target=\"_blank\" rel=\"noopener\">San Giorgio Magiore<\/a>\u00a0face \u00e0 la place St Marc. J\u2019ai peint ce tableau en 2010, il est en acrylique sur carton de dimensions 49x37cm, encadr\u00e9e 52\u00d739,5cm. Tous les mat\u00e9riaux sont issus de recyclage.<\/p>\n","protected":false},"excerpt":{"rendered":"<p>San Giorgio Magiore soleil couchant.<\/p>\n<p>Peint en 2010<\/p>\n<p>Acrylique sur carton<\/p>\n<p>Dimensions 49x37cm, encadr\u00e9e 52\u00d739,5cm.<\/p>\n<p>Mat\u00e9riaux issus de recyclage.<\/p>\n","protected":false},"featured_media":359,"comment_status":"open","ping_status":"closed","template":"","meta":{"nf_dc_page":"","om_disable_all_campaigns":false,"_monsterinsights_skip_tracking":false,"_monsterinsights_sitenote_active":false,"_monsterinsights_sitenote_note":"","_monsterinsights_sitenote_category":0},"product_brand":[],"product_cat":[20],"product_tag":[21,57,29,25,79,58,49,48,61,36,59],"class_list":{"0":"post-358","1":"product","2":"type-product","3":"status-publish","4":"has-post-thumbnail","6":"product_cat-peintures-acryliques","7":"product_tag-acrylique","8":"product_tag-carton","9":"product_tag-coucher-de-soleil","10":"product_tag-encadree","11":"product_tag-italie","12":"product_tag-paysage","13":"product_tag-peinture","14":"product_tag-philippe-levasseur","15":"product_tag-recyclage","16":"product_tag-tableau","17":"product_tag-venise","19":"first","20":"instock","21":"shipping-taxable","22":"purchasable","23":"product-type-simple"},"aioseo_notices":[],"jetpack-related-posts":[{"id":361,"url":"https:\/\/pl-graphisme.org\/Vente\/product\/venise-au-crepuscule\/","url_meta":{"origin":358,"position":0},"title":"Venise au cr\u00e9puscule","author":"phil.levasseur","date":"12\/01\/2023","format":false,"excerpt":"Venise au cr\u00e9puscule Peint en 2010 Acrylique sur carton Dimensions 49x37cm Mat\u00e9riaux issus de recyclage. Peut \u00eatre livr\u00e9 encadr\u00e9 caisse am\u00e9ricaine, environs 52\u00d740cm. Pour la commande il faut ajouter \"caisse am\u00e9ricaine\" au panier et laisser un commentaire pour le choix de teinte du fond de cadre. L'image encadr\u00e9e est une\u2026","rel":"","context":"Article similaire","block_context":{"text":"Article similaire","link":""},"img":{"alt_text":"Venise au cr\u00e9puscule, Acrylique sur carton Philippe Levasseur.","src":"https:\/\/i0.wp.com\/pl-graphisme.org\/Vente\/wp-content\/uploads\/2023\/01\/venise-au-crepuscule.jpg?fit=800%2C590&ssl=1&resize=350%2C200","width":350,"height":200,"srcset":"https:\/\/i0.wp.com\/pl-graphisme.org\/Vente\/wp-content\/uploads\/2023\/01\/venise-au-crepuscule.jpg?fit=800%2C590&ssl=1&resize=350%2C200 1x, https:\/\/i0.wp.com\/pl-graphisme.org\/Vente\/wp-content\/uploads\/2023\/01\/venise-au-crepuscule.jpg?fit=800%2C590&ssl=1&resize=525%2C300 1.5x, https:\/\/i0.wp.com\/pl-graphisme.org\/Vente\/wp-content\/uploads\/2023\/01\/venise-au-crepuscule.jpg?fit=800%2C590&ssl=1&resize=700%2C400 2x"},"classes":[]},{"id":200,"url":"https:\/\/pl-graphisme.org\/Vente\/product\/piazza-san-marco-aqua-alta\/","url_meta":{"origin":358,"position":1},"title":"Piazza San Marco, aqua alta","author":"phil.levasseur","date":"05\/12\/2022","format":false,"excerpt":"Piazza San Marco, aqua alta ; Venise, acrylique sur carton 30x42 cm, encadr\u00e9 en caisse am\u00e9ricaine 37x49 cm, d\u2019apr\u00e8s photo Philippe Levasseur. Mat\u00e9riaux recycl\u00e9s.","rel":"","context":"Article similaire","block_context":{"text":"Article similaire","link":""},"img":{"alt_text":"Piazza San Marco, aqua alta ; Venise, acrylique sur carton 30x42 cm, encadr\u00e9 en caisse am\u00e9ricaine 37x49 cm, d\u2019apr\u00e8s photo Philippe Levasseur. Mat\u00e9riaux recycl\u00e9s.","src":"https:\/\/i0.wp.com\/pl-graphisme.org\/Vente\/wp-content\/uploads\/2022\/12\/san-marco-01-sans-cadre.jpg?fit=438%2C600&ssl=1&resize=350%2C200","width":350,"height":200},"classes":[]},{"id":452,"url":"https:\/\/pl-graphisme.org\/Vente\/product\/pan\/","url_meta":{"origin":358,"position":2},"title":"Pan","author":"phil.levasseur","date":"19\/01\/2023","format":false,"excerpt":"Pan. Huile au couteau sur contre plaqu\u00e9, peinte et encadr\u00e9e par Philippe Levasseur. R\u00e9alisation 1993, encadrement caisse am\u00e9ricaine 2023. Dimensions 38x40cm, encadr\u00e9e 47x47 cm. Mat\u00e9riaux issus de recyclage. En fonction de l'affichage des \u00e9crans les teintes peuvent diff\u00e9rer l\u00e9g\u00e8rement de l'original.","rel":"","context":"Article similaire","block_context":{"text":"Article similaire","link":""},"img":{"alt_text":"Pan. Huile au couteau sur contre plaqu\u00e9 de Philippe Levasseur, 38x40cm, encadr\u00e9e 47x47cm","src":"https:\/\/i0.wp.com\/pl-graphisme.org\/Vente\/wp-content\/uploads\/2023\/01\/pan-encadre.jpg?fit=1000%2C983&ssl=1&resize=350%2C200","width":350,"height":200,"srcset":"https:\/\/i0.wp.com\/pl-graphisme.org\/Vente\/wp-content\/uploads\/2023\/01\/pan-encadre.jpg?fit=1000%2C983&ssl=1&resize=350%2C200 1x, https:\/\/i0.wp.com\/pl-graphisme.org\/Vente\/wp-content\/uploads\/2023\/01\/pan-encadre.jpg?fit=1000%2C983&ssl=1&resize=525%2C300 1.5x, https:\/\/i0.wp.com\/pl-graphisme.org\/Vente\/wp-content\/uploads\/2023\/01\/pan-encadre.jpg?fit=1000%2C983&ssl=1&resize=700%2C400 2x"},"classes":[]},{"id":422,"url":"https:\/\/pl-graphisme.org\/Vente\/product\/gironde-soir\/","url_meta":{"origin":358,"position":3},"title":"Gironde, soir","author":"phil.levasseur","date":"17\/01\/2023","format":false,"excerpt":"Gironde, soir. Huile sur isorel de Philippe Levasseur, peinte en 1995. Dimensions 58x50cm vendue encadr\u00e9e 70,5x62,5cm. L'exactitude des coloris ne peut \u00eatre garantie en fonctions des affichages.","rel":"","context":"Article similaire","block_context":{"text":"Article similaire","link":""},"img":{"alt_text":"Gironde, soir. Huile sur isorel de Philippe Levasseur, peinte en 1995. Dimensions 58x50cm vendue encadr\u00e9e 70,5x62,5cm. L'exactitude des coloris ne peut \u00eatre garantie en fonctions des affichages.","src":"https:\/\/i0.wp.com\/pl-graphisme.org\/Vente\/wp-content\/uploads\/2023\/01\/garonne-02-sans-cadre.jpg?fit=800%2C661&ssl=1&resize=350%2C200","width":350,"height":200,"srcset":"https:\/\/i0.wp.com\/pl-graphisme.org\/Vente\/wp-content\/uploads\/2023\/01\/garonne-02-sans-cadre.jpg?fit=800%2C661&ssl=1&resize=350%2C200 1x, https:\/\/i0.wp.com\/pl-graphisme.org\/Vente\/wp-content\/uploads\/2023\/01\/garonne-02-sans-cadre.jpg?fit=800%2C661&ssl=1&resize=525%2C300 1.5x, https:\/\/i0.wp.com\/pl-graphisme.org\/Vente\/wp-content\/uploads\/2023\/01\/garonne-02-sans-cadre.jpg?fit=800%2C661&ssl=1&resize=700%2C400 2x"},"classes":[]},{"id":53,"url":"https:\/\/pl-graphisme.org\/Vente\/product\/aube-a-wolfganzen\/","url_meta":{"origin":358,"position":4},"title":"Aube \u00e0 Wolfganzen, (Indisponible)","author":"phil.levasseur","date":"30\/11\/2022","format":false,"excerpt":"Aube \u00e0 Wolfganzen, Peinture acrylique sur toile de 2012, 39x29cm encadr\u00e9e 44x34cm. Philippe Levasseur. Cadre en bois vernis filet dor\u00e9.","rel":"","context":"Article similaire","block_context":{"text":"Article similaire","link":""},"img":{"alt_text":"Coucher de soleil sur Wolfganzen, acrylique sur toite encadr\u00e9e.","src":"https:\/\/i0.wp.com\/pl-graphisme.org\/Vente\/wp-content\/uploads\/2022\/11\/wolfganzen-1.jpg?fit=600%2C448&ssl=1&resize=350%2C200","width":350,"height":200,"srcset":"https:\/\/i0.wp.com\/pl-graphisme.org\/Vente\/wp-content\/uploads\/2022\/11\/wolfganzen-1.jpg?fit=600%2C448&ssl=1&resize=350%2C200 1x, https:\/\/i0.wp.com\/pl-graphisme.org\/Vente\/wp-content\/uploads\/2022\/11\/wolfganzen-1.jpg?fit=600%2C448&ssl=1&resize=525%2C300 1.5x"},"classes":[]},{"id":418,"url":"https:\/\/pl-graphisme.org\/Vente\/product\/pas-du-frou-soir\/","url_meta":{"origin":358,"position":5},"title":"Pas du Frou, soir","author":"phil.levasseur","date":"17\/01\/2023","format":false,"excerpt":"Pas du Frou au soir. Huile sur isorel de Philippe Levasseur, peinte en 1993. Dimensions 62x49cm encadr\u00e9 73x59cm. En fonction de l'affichage des \u00e9crans les teintes peuvent diff\u00e9rer l\u00e9g\u00e8rement de l'original.","rel":"","context":"Article similaire","block_context":{"text":"Article similaire","link":""},"img":{"alt_text":"Pas du Frou au soir. Huile sur isorel de Philippe Levasseur, peinte en 1993. Dimensions 62x49cm encadr\u00e9 73x59cm. En fonction de l'affichage des \u00e9crans les teintes peuvent diff\u00e9rer l\u00e9g\u00e8rement de l'original.","src":"https:\/\/i0.wp.com\/pl-graphisme.org\/Vente\/wp-content\/uploads\/2023\/01\/Pas-du-Frou-sans-cadre-site-1.jpg?fit=800%2C618&ssl=1&resize=350%2C200","width":350,"height":200,"srcset":"https:\/\/i0.wp.com\/pl-graphisme.org\/Vente\/wp-content\/uploads\/2023\/01\/Pas-du-Frou-sans-cadre-site-1.jpg?fit=800%2C618&ssl=1&resize=350%2C200 1x, https:\/\/i0.wp.com\/pl-graphisme.org\/Vente\/wp-content\/uploads\/2023\/01\/Pas-du-Frou-sans-cadre-site-1.jpg?fit=800%2C618&ssl=1&resize=525%2C300 1.5x, https:\/\/i0.wp.com\/pl-graphisme.org\/Vente\/wp-content\/uploads\/2023\/01\/Pas-du-Frou-sans-cadre-site-1.jpg?fit=800%2C618&ssl=1&resize=700%2C400 2x"},"classes":[]}],"jetpack_sharing_enabled":true,"_links":{"self":[{"href":"https:\/\/pl-graphisme.org\/Vente\/wp-json\/wp\/v2\/product\/358","targetHints":{"allow":["GET"]}}],"collection":[{"href":"https:\/\/pl-graphisme.org\/Vente\/wp-json\/wp\/v2\/product"}],"about":[{"href":"https:\/\/pl-graphisme.org\/Vente\/wp-json\/wp\/v2\/types\/product"}],"replies":[{"embeddable":true,"href":"https:\/\/pl-graphisme.org\/Vente\/wp-json\/wp\/v2\/comments?post=358"}],"wp:featuredmedia":[{"embeddable":true,"href":"https:\/\/pl-graphisme.org\/Vente\/wp-json\/wp\/v2\/media\/359"}],"wp:attachment":[{"href":"https:\/\/pl-graphisme.org\/Vente\/wp-json\/wp\/v2\/media?parent=358"}],"wp:term":[{"taxonomy":"product_brand","embeddable":true,"href":"https:\/\/pl-graphisme.org\/Vente\/wp-json\/wp\/v2\/product_brand?post=358"},{"taxonomy":"product_cat","embeddable":true,"href":"https:\/\/pl-graphisme.org\/Vente\/wp-json\/wp\/v2\/product_cat?post=358"},{"taxonomy":"product_tag","embeddable":true,"href":"https:\/\/pl-graphisme.org\/Vente\/wp-json\/wp\/v2\/product_tag?post=358"}],"curies":[{"name":"wp","href":"https:\/\/api.w.org\/{rel}","templated":true}]}}