{"id":345,"date":"2023-01-11T07:01:40","date_gmt":"2023-01-11T07:01:40","guid":{"rendered":"https:\/\/pl-graphisme.org\/Vente\/?post_type=product&#038;p=345"},"modified":"2025-03-09T09:58:09","modified_gmt":"2025-03-09T09:58:09","slug":"retour-de-peche-au-grau-du-roi","status":"publish","type":"product","link":"https:\/\/pl-graphisme.org\/Vente\/product\/retour-de-peche-au-grau-du-roi\/","title":{"rendered":"Retour de p\u00eache au Grau du Roi"},"content":{"rendered":"<p>Retour de p\u00eache au Grau du Roi. Photographie originale de Philippe Levasseur de septembre 2018, disponible sur commande en 30x60cm sign\u00e9e et num\u00e9rot\u00e9e 2\/30 sur support rigide Forex.<\/p>\n<p>S\u00e9rie limit\u00e9e \u00e0 30 exemplaires tous formats et supports confondus ou reproduction sur papier photo Fuji sur commande, dimensions sur devis par la page <a title=\"Contact\" href=\"https:\/\/pl-graphisme.org\/contact\/\" target=\"_blank\" rel=\"noopener\">contact<\/a>.<\/p>\n<p>L&#8217;exemplaire N\u00b01 a \u00e9t\u00e9 offert au Rotary Club Montpellier Etang de l&#8217;or pour une tombola au profit de ses \u0153uvres le 07 mars 2025.<\/p>\n","protected":false},"excerpt":{"rendered":"<p>Retour de p\u00eache au Grau du Roi. Photographie originale de Philippe Levasseur du 09 2018, disponible en 30x60cm sign\u00e9e et num\u00e9rot\u00e9e 1\/30 sur support rigide Forex.<\/p>\n<p>S\u00e9rie limit\u00e9e \u00e0 30 exemplaires tous formats et supports confondus ou reproduction sur papier photo Fuji sur commande, dimensions sur devis<\/p>\n","protected":false},"featured_media":346,"comment_status":"open","ping_status":"closed","template":"","meta":{"nf_dc_page":"","om_disable_all_campaigns":false,"_monsterinsights_skip_tracking":false,"_monsterinsights_sitenote_active":false,"_monsterinsights_sitenote_note":"","_monsterinsights_sitenote_category":0},"product_brand":[],"product_cat":[66],"product_tag":[82,29,63,89,70,48,69,81,80],"class_list":{"0":"post-345","1":"product","2":"type-product","3":"status-publish","4":"has-post-thumbnail","6":"product_cat-photographie","7":"product_tag-bateaux","8":"product_tag-coucher-de-soleil","9":"product_tag-france","10":"product_tag-grau-du-roi","11":"product_tag-herault","12":"product_tag-philippe-levasseur","13":"product_tag-photographie","14":"product_tag-port","15":"product_tag-support-rigide","16":"pa_tirages-originaux-20x30cm-forex","17":"pa_tirages-originaux-23x30cm-pvc","18":"pa_tirages-originaux-30x30cm-pvc","19":"pa_tirages-originaux-30x40cm-forex","20":"pa_tirages-originaux-30x40cm-pvc","21":"pa_tirages-originaux-30x60-cm-forex","22":"pa_tirages-originaux-40x50cm-forex","23":"pa_tirages-originaux-40x60cm-forex","24":"pa_tirages-originaux-40x60cm-pvc","25":"pa_tirages-originaux-45x60cm-forex","26":"pa_tirages-originaux-50x100cm-forex","27":"pa_tirages-originaux-50x67cm-pvc","28":"pa_tirages-originaux-50x75cm-forex","29":"pa_tirages-originaux-60x80cm-forex","30":"pa_tirages-originaux-60x90cm-forex","31":"pa_tirages-originaux-75x100cm-forex","32":"pa_tirages-originaux-75x100cm-pvc","33":"pa_tirages-originaux-80x120cm-forex","34":"pa_tirages-originaux-90x120cm-forex","36":"first","37":"onbackorder","38":"shipping-taxable","39":"purchasable","40":"product-type-simple"},"aioseo_notices":[],"jetpack-related-posts":[{"id":334,"url":"https:\/\/pl-graphisme.org\/Vente\/product\/port-de-palavas\/","url_meta":{"origin":345,"position":0},"title":"Port de Palavas","author":"phil.levasseur","date":"10\/01\/2023","format":false,"excerpt":"Port de Palavas, photographie originale sign\u00e9e et num\u00e9rot\u00e9e 1\/30 sur support rigide Forex. S\u00e9rie limit\u00e9e \u00e0 30 exemplaires tous formats et supports confondus ou reproductions photographiques sur papier Fuji sur devis.","rel":"","context":"Article similaire","block_context":{"text":"Article similaire","link":""},"img":{"alt_text":"Port de Palavas. photo sur commande, dimensions sur devis par la page contact.","src":"https:\/\/i0.wp.com\/pl-graphisme.org\/Vente\/wp-content\/uploads\/2023\/01\/port-de-palavas-coef-2-1500.jpg?fit=1200%2C600&ssl=1&resize=350%2C200","width":350,"height":200,"srcset":"https:\/\/i0.wp.com\/pl-graphisme.org\/Vente\/wp-content\/uploads\/2023\/01\/port-de-palavas-coef-2-1500.jpg?fit=1200%2C600&ssl=1&resize=350%2C200 1x, https:\/\/i0.wp.com\/pl-graphisme.org\/Vente\/wp-content\/uploads\/2023\/01\/port-de-palavas-coef-2-1500.jpg?fit=1200%2C600&ssl=1&resize=525%2C300 1.5x, https:\/\/i0.wp.com\/pl-graphisme.org\/Vente\/wp-content\/uploads\/2023\/01\/port-de-palavas-coef-2-1500.jpg?fit=1200%2C600&ssl=1&resize=700%2C400 2x, https:\/\/i0.wp.com\/pl-graphisme.org\/Vente\/wp-content\/uploads\/2023\/01\/port-de-palavas-coef-2-1500.jpg?fit=1200%2C600&ssl=1&resize=1050%2C600 3x"},"classes":[]},{"id":342,"url":"https:\/\/pl-graphisme.org\/Vente\/product\/promenade-du-peyrou\/","url_meta":{"origin":345,"position":1},"title":"Promenade du Peyrou","author":"phil.levasseur","date":"10\/01\/2023","format":false,"excerpt":"Promenade du Peyrou, photographie originale sign\u00e9e et num\u00e9rot\u00e9e 1\/30 sur support rigide Forex. S\u00e9rie limit\u00e9e \u00e0 30 exemplaires tous formats et supports confondus ou reproductions photographiques sur papier Fuji sur devis.","rel":"","context":"Article similaire","block_context":{"text":"Article similaire","link":""},"img":{"alt_text":"Promenade du Peyrou, Montpellier. Photographie originale sur support rigide, s\u00e9rie limit\u00e9e \u00e0 30 exemplaires ou reproduction sur papier photo, dimensions sur devis.","src":"https:\/\/i0.wp.com\/pl-graphisme.org\/Vente\/wp-content\/uploads\/2023\/01\/esplanade-du-peyrou-montpellier-coef-2-1500.jpg?fit=1200%2C598&ssl=1&resize=350%2C200","width":350,"height":200,"srcset":"https:\/\/i0.wp.com\/pl-graphisme.org\/Vente\/wp-content\/uploads\/2023\/01\/esplanade-du-peyrou-montpellier-coef-2-1500.jpg?fit=1200%2C598&ssl=1&resize=350%2C200 1x, https:\/\/i0.wp.com\/pl-graphisme.org\/Vente\/wp-content\/uploads\/2023\/01\/esplanade-du-peyrou-montpellier-coef-2-1500.jpg?fit=1200%2C598&ssl=1&resize=525%2C300 1.5x, https:\/\/i0.wp.com\/pl-graphisme.org\/Vente\/wp-content\/uploads\/2023\/01\/esplanade-du-peyrou-montpellier-coef-2-1500.jpg?fit=1200%2C598&ssl=1&resize=700%2C400 2x, https:\/\/i0.wp.com\/pl-graphisme.org\/Vente\/wp-content\/uploads\/2023\/01\/esplanade-du-peyrou-montpellier-coef-2-1500.jpg?fit=1200%2C598&ssl=1&resize=1050%2C600 3x"},"classes":[]},{"id":336,"url":"https:\/\/pl-graphisme.org\/Vente\/product\/papillon-sur-un-filet\/","url_meta":{"origin":345,"position":2},"title":"Papillon sur un filet","author":"phil.levasseur","date":"10\/01\/2023","format":false,"excerpt":"Port de Palavas, photographie originale sign\u00e9e et num\u00e9rot\u00e9e 1\/30 sur support rigide Forex. S\u00e9rie limit\u00e9e \u00e0 30 exemplaires tous formats et supports confondus ou reproductions photographiques sur papier Fuji sur devis.","rel":"","context":"Article similaire","block_context":{"text":"Article similaire","link":""},"img":{"alt_text":"Papillon sur un filet. Photographie de Philippe Levasseur. Juillet 2021. 360x30cm support rigide Forex Originale sign\u00e9e et num\u00e9rot\u00e9e 1\/30. S\u00e9rie limit\u00e9e \u00e0 30 exemplaires tous formats et supports confondus ou reproduction sur papier photo sur commande, dimensions sur devis","src":"https:\/\/i0.wp.com\/pl-graphisme.org\/Vente\/wp-content\/uploads\/2023\/01\/2021-07-18-papillon-coef-2-1500.jpg?fit=1200%2C600&ssl=1&resize=350%2C200","width":350,"height":200,"srcset":"https:\/\/i0.wp.com\/pl-graphisme.org\/Vente\/wp-content\/uploads\/2023\/01\/2021-07-18-papillon-coef-2-1500.jpg?fit=1200%2C600&ssl=1&resize=350%2C200 1x, https:\/\/i0.wp.com\/pl-graphisme.org\/Vente\/wp-content\/uploads\/2023\/01\/2021-07-18-papillon-coef-2-1500.jpg?fit=1200%2C600&ssl=1&resize=525%2C300 1.5x, https:\/\/i0.wp.com\/pl-graphisme.org\/Vente\/wp-content\/uploads\/2023\/01\/2021-07-18-papillon-coef-2-1500.jpg?fit=1200%2C600&ssl=1&resize=700%2C400 2x, https:\/\/i0.wp.com\/pl-graphisme.org\/Vente\/wp-content\/uploads\/2023\/01\/2021-07-18-papillon-coef-2-1500.jpg?fit=1200%2C600&ssl=1&resize=1050%2C600 3x"},"classes":[]},{"id":343,"url":"https:\/\/pl-graphisme.org\/Vente\/product\/graphe-a-lille\/","url_meta":{"origin":345,"position":3},"title":"Graphe \u00e0 Lille","author":"phil.levasseur","date":"10\/01\/2023","format":false,"excerpt":"Graphe \u00e0 Lille, photographie originale sign\u00e9e et num\u00e9rot\u00e9e 1\/30 sur support rigide Forex. S\u00e9rie limit\u00e9e \u00e0 30 exemplaires tous formats et supports confondus ou reproductions photographiques sur papier Fuji sur devis.","rel":"","context":"Article similaire","block_context":{"text":"Article similaire","link":""},"img":{"alt_text":"Graphe \u00e0 Lille, Photographie originale sur support rigide, s\u00e9rie limit\u00e9e \u00e0 30 exemplaires ou reproduction sur papier photo, dimensions sur devis.","src":"https:\/\/i0.wp.com\/pl-graphisme.org\/Vente\/wp-content\/uploads\/2023\/01\/graphe-a-lille-coef-2-1500.jpg?fit=1200%2C598&ssl=1&resize=350%2C200","width":350,"height":200,"srcset":"https:\/\/i0.wp.com\/pl-graphisme.org\/Vente\/wp-content\/uploads\/2023\/01\/graphe-a-lille-coef-2-1500.jpg?fit=1200%2C598&ssl=1&resize=350%2C200 1x, https:\/\/i0.wp.com\/pl-graphisme.org\/Vente\/wp-content\/uploads\/2023\/01\/graphe-a-lille-coef-2-1500.jpg?fit=1200%2C598&ssl=1&resize=525%2C300 1.5x, https:\/\/i0.wp.com\/pl-graphisme.org\/Vente\/wp-content\/uploads\/2023\/01\/graphe-a-lille-coef-2-1500.jpg?fit=1200%2C598&ssl=1&resize=700%2C400 2x, https:\/\/i0.wp.com\/pl-graphisme.org\/Vente\/wp-content\/uploads\/2023\/01\/graphe-a-lille-coef-2-1500.jpg?fit=1200%2C598&ssl=1&resize=1050%2C600 3x"},"classes":[]},{"id":338,"url":"https:\/\/pl-graphisme.org\/Vente\/product\/reflexion-dartiste-sur-la-beaute\/","url_meta":{"origin":345,"position":4},"title":"R\u00e9flexion d&#8217;artiste sur la beaut\u00e9","author":"phil.levasseur","date":"10\/01\/2023","format":false,"excerpt":"R\u00e9flexion d'artiste sur la beaut\u00e9 photographie originale de Philippe Levasseur 20x30cm sign\u00e9e et num\u00e9rot\u00e9e 1\/30 sur support rigide Forex. S\u00e9rie limit\u00e9e \u00e0 30 exemplaires tous formats et supports confondus ou reproduction sur papier photo sur commande, dimensions sur devis","rel":"","context":"Article similaire","block_context":{"text":"Article similaire","link":""},"img":{"alt_text":"photographie originale sur support rigide Forex, 30x20cm est disponible. S\u00e9rie limit\u00e9e \u00e0 30 exemplaires ou reproduction sur papier photo, les dimensions et support sont \u00e0 d\u00e9terminer sur devis.","src":"https:\/\/i0.wp.com\/pl-graphisme.org\/Vente\/wp-content\/uploads\/2023\/01\/reflexion-coeff-15-1500.jpg?fit=798%2C1200&ssl=1&resize=350%2C200","width":350,"height":200,"srcset":"https:\/\/i0.wp.com\/pl-graphisme.org\/Vente\/wp-content\/uploads\/2023\/01\/reflexion-coeff-15-1500.jpg?fit=798%2C1200&ssl=1&resize=350%2C200 1x, https:\/\/i0.wp.com\/pl-graphisme.org\/Vente\/wp-content\/uploads\/2023\/01\/reflexion-coeff-15-1500.jpg?fit=798%2C1200&ssl=1&resize=525%2C300 1.5x, https:\/\/i0.wp.com\/pl-graphisme.org\/Vente\/wp-content\/uploads\/2023\/01\/reflexion-coeff-15-1500.jpg?fit=798%2C1200&ssl=1&resize=700%2C400 2x"},"classes":[]},{"id":331,"url":"https:\/\/pl-graphisme.org\/Vente\/product\/biere-a-carnon\/","url_meta":{"origin":345,"position":5},"title":"Bi\u00e8re \u00e0 Carnon","author":"phil.levasseur","date":"10\/01\/2023","format":false,"excerpt":"Bi\u00e8re \u00e0 Carnon, photographie originale sign\u00e9e sur support rigide 30x60cm. Num\u00e9rot\u00e9e 1\/30 d'une s\u00e9rie limit\u00e9e tous supports et formats confondus. Sur commande originaux sign\u00e9s et num\u00e9rot\u00e9s ou reproduction sur papier Fuji, supports et dimensions sur devis.","rel":"","context":"Article similaire","block_context":{"text":"Article similaire","link":""},"img":{"alt_text":"","src":"https:\/\/i0.wp.com\/pl-graphisme.org\/Vente\/wp-content\/uploads\/2023\/01\/biere-a-carnon-coeff-15-1500.jpg?fit=796%2C1200&ssl=1&resize=350%2C200","width":350,"height":200,"srcset":"https:\/\/i0.wp.com\/pl-graphisme.org\/Vente\/wp-content\/uploads\/2023\/01\/biere-a-carnon-coeff-15-1500.jpg?fit=796%2C1200&ssl=1&resize=350%2C200 1x, https:\/\/i0.wp.com\/pl-graphisme.org\/Vente\/wp-content\/uploads\/2023\/01\/biere-a-carnon-coeff-15-1500.jpg?fit=796%2C1200&ssl=1&resize=525%2C300 1.5x, https:\/\/i0.wp.com\/pl-graphisme.org\/Vente\/wp-content\/uploads\/2023\/01\/biere-a-carnon-coeff-15-1500.jpg?fit=796%2C1200&ssl=1&resize=700%2C400 2x"},"classes":[]}],"jetpack_sharing_enabled":true,"_links":{"self":[{"href":"https:\/\/pl-graphisme.org\/Vente\/wp-json\/wp\/v2\/product\/345","targetHints":{"allow":["GET"]}}],"collection":[{"href":"https:\/\/pl-graphisme.org\/Vente\/wp-json\/wp\/v2\/product"}],"about":[{"href":"https:\/\/pl-graphisme.org\/Vente\/wp-json\/wp\/v2\/types\/product"}],"replies":[{"embeddable":true,"href":"https:\/\/pl-graphisme.org\/Vente\/wp-json\/wp\/v2\/comments?post=345"}],"wp:featuredmedia":[{"embeddable":true,"href":"https:\/\/pl-graphisme.org\/Vente\/wp-json\/wp\/v2\/media\/346"}],"wp:attachment":[{"href":"https:\/\/pl-graphisme.org\/Vente\/wp-json\/wp\/v2\/media?parent=345"}],"wp:term":[{"taxonomy":"product_brand","embeddable":true,"href":"https:\/\/pl-graphisme.org\/Vente\/wp-json\/wp\/v2\/product_brand?post=345"},{"taxonomy":"product_cat","embeddable":true,"href":"https:\/\/pl-graphisme.org\/Vente\/wp-json\/wp\/v2\/product_cat?post=345"},{"taxonomy":"product_tag","embeddable":true,"href":"https:\/\/pl-graphisme.org\/Vente\/wp-json\/wp\/v2\/product_tag?post=345"}],"curies":[{"name":"wp","href":"https:\/\/api.w.org\/{rel}","templated":true}]}}