{"id":342,"date":"2023-01-10T13:25:10","date_gmt":"2023-01-10T13:25:10","guid":{"rendered":"https:\/\/pl-graphisme.org\/Vente\/?post_type=product&#038;p=342"},"modified":"2023-03-01T04:59:08","modified_gmt":"2023-03-01T04:59:08","slug":"promenade-du-peyrou","status":"publish","type":"product","link":"https:\/\/pl-graphisme.org\/Vente\/product\/promenade-du-peyrou\/","title":{"rendered":"Promenade du Peyrou"},"content":{"rendered":"<p>Promenade du Peyrou, photographie originale de Philippe Levasseur 30x60cm sign\u00e9e et num\u00e9rot\u00e9e 1\/30 sur support rigide Forex.<\/p>\n<p>S\u00e9rie limit\u00e9e \u00e0 30 exemplaires tous formats et supports confondus ou reproduction sur papier photo sur commande, dimensions sur devis par la page <a title=\"Contact\" href=\"https:\/\/pl-graphisme.org\/contact\/\" target=\"_blank\" rel=\"noopener\">contact<\/a>.<\/p>\n","protected":false},"excerpt":{"rendered":"<p>Promenade du Peyrou, photographie originale sign\u00e9e et num\u00e9rot\u00e9e 1\/30 sur support rigide Forex.<\/p>\n<p>S\u00e9rie limit\u00e9e \u00e0 30 exemplaires tous formats et supports confondus ou reproductions photographiques sur papier Fuji sur devis.<\/p>\n","protected":false},"featured_media":339,"comment_status":"open","ping_status":"closed","template":"","meta":{"nf_dc_page":"","om_disable_all_campaigns":false,"_monsterinsights_skip_tracking":false,"_monsterinsights_sitenote_active":false,"_monsterinsights_sitenote_note":"","_monsterinsights_sitenote_category":0},"product_brand":[],"product_cat":[66],"product_tag":[63,70,90,91,48,69,80,88],"class_list":{"0":"post-342","1":"product","2":"type-product","3":"status-publish","4":"has-post-thumbnail","6":"product_cat-photographie","7":"product_tag-france","8":"product_tag-herault","9":"product_tag-montpellier","10":"product_tag-monument","11":"product_tag-philippe-levasseur","12":"product_tag-photographie","13":"product_tag-support-rigide","14":"product_tag-ville","16":"first","17":"instock","18":"shipping-taxable","19":"purchasable","20":"product-type-simple"},"aioseo_notices":[],"jetpack-related-posts":[{"id":336,"url":"https:\/\/pl-graphisme.org\/Vente\/product\/papillon-sur-un-filet\/","url_meta":{"origin":342,"position":0},"title":"Papillon sur un filet","author":"phil.levasseur","date":"10\/01\/2023","format":false,"excerpt":"Port de Palavas, photographie originale sign\u00e9e et num\u00e9rot\u00e9e 1\/30 sur support rigide Forex. S\u00e9rie limit\u00e9e \u00e0 30 exemplaires tous formats et supports confondus ou reproductions photographiques sur papier Fuji sur devis.","rel":"","context":"Article similaire","block_context":{"text":"Article similaire","link":""},"img":{"alt_text":"Papillon sur un filet. Photographie de Philippe Levasseur. Juillet 2021. 360x30cm support rigide Forex Originale sign\u00e9e et num\u00e9rot\u00e9e 1\/30. S\u00e9rie limit\u00e9e \u00e0 30 exemplaires tous formats et supports confondus ou reproduction sur papier photo sur commande, dimensions sur devis","src":"https:\/\/i0.wp.com\/pl-graphisme.org\/Vente\/wp-content\/uploads\/2023\/01\/2021-07-18-papillon-coef-2-1500.jpg?fit=1200%2C600&ssl=1&resize=350%2C200","width":350,"height":200,"srcset":"https:\/\/i0.wp.com\/pl-graphisme.org\/Vente\/wp-content\/uploads\/2023\/01\/2021-07-18-papillon-coef-2-1500.jpg?fit=1200%2C600&ssl=1&resize=350%2C200 1x, https:\/\/i0.wp.com\/pl-graphisme.org\/Vente\/wp-content\/uploads\/2023\/01\/2021-07-18-papillon-coef-2-1500.jpg?fit=1200%2C600&ssl=1&resize=525%2C300 1.5x, https:\/\/i0.wp.com\/pl-graphisme.org\/Vente\/wp-content\/uploads\/2023\/01\/2021-07-18-papillon-coef-2-1500.jpg?fit=1200%2C600&ssl=1&resize=700%2C400 2x, https:\/\/i0.wp.com\/pl-graphisme.org\/Vente\/wp-content\/uploads\/2023\/01\/2021-07-18-papillon-coef-2-1500.jpg?fit=1200%2C600&ssl=1&resize=1050%2C600 3x"},"classes":[]},{"id":338,"url":"https:\/\/pl-graphisme.org\/Vente\/product\/reflexion-dartiste-sur-la-beaute\/","url_meta":{"origin":342,"position":1},"title":"R\u00e9flexion d&#8217;artiste sur la beaut\u00e9","author":"phil.levasseur","date":"10\/01\/2023","format":false,"excerpt":"R\u00e9flexion d'artiste sur la beaut\u00e9 photographie originale de Philippe Levasseur 20x30cm sign\u00e9e et num\u00e9rot\u00e9e 1\/30 sur support rigide Forex. S\u00e9rie limit\u00e9e \u00e0 30 exemplaires tous formats et supports confondus ou reproduction sur papier photo sur commande, dimensions sur devis","rel":"","context":"Article similaire","block_context":{"text":"Article similaire","link":""},"img":{"alt_text":"photographie originale sur support rigide Forex, 30x20cm est disponible. S\u00e9rie limit\u00e9e \u00e0 30 exemplaires ou reproduction sur papier photo, les dimensions et support sont \u00e0 d\u00e9terminer sur devis.","src":"https:\/\/i0.wp.com\/pl-graphisme.org\/Vente\/wp-content\/uploads\/2023\/01\/reflexion-coeff-15-1500.jpg?fit=798%2C1200&ssl=1&resize=350%2C200","width":350,"height":200,"srcset":"https:\/\/i0.wp.com\/pl-graphisme.org\/Vente\/wp-content\/uploads\/2023\/01\/reflexion-coeff-15-1500.jpg?fit=798%2C1200&ssl=1&resize=350%2C200 1x, https:\/\/i0.wp.com\/pl-graphisme.org\/Vente\/wp-content\/uploads\/2023\/01\/reflexion-coeff-15-1500.jpg?fit=798%2C1200&ssl=1&resize=525%2C300 1.5x, https:\/\/i0.wp.com\/pl-graphisme.org\/Vente\/wp-content\/uploads\/2023\/01\/reflexion-coeff-15-1500.jpg?fit=798%2C1200&ssl=1&resize=700%2C400 2x"},"classes":[]},{"id":343,"url":"https:\/\/pl-graphisme.org\/Vente\/product\/graphe-a-lille\/","url_meta":{"origin":342,"position":2},"title":"Graphe \u00e0 Lille","author":"phil.levasseur","date":"10\/01\/2023","format":false,"excerpt":"Graphe \u00e0 Lille, photographie originale sign\u00e9e et num\u00e9rot\u00e9e 1\/30 sur support rigide Forex. S\u00e9rie limit\u00e9e \u00e0 30 exemplaires tous formats et supports confondus ou reproductions photographiques sur papier Fuji sur devis.","rel":"","context":"Article similaire","block_context":{"text":"Article similaire","link":""},"img":{"alt_text":"Graphe \u00e0 Lille, Photographie originale sur support rigide, s\u00e9rie limit\u00e9e \u00e0 30 exemplaires ou reproduction sur papier photo, dimensions sur devis.","src":"https:\/\/i0.wp.com\/pl-graphisme.org\/Vente\/wp-content\/uploads\/2023\/01\/graphe-a-lille-coef-2-1500.jpg?fit=1200%2C598&ssl=1&resize=350%2C200","width":350,"height":200,"srcset":"https:\/\/i0.wp.com\/pl-graphisme.org\/Vente\/wp-content\/uploads\/2023\/01\/graphe-a-lille-coef-2-1500.jpg?fit=1200%2C598&ssl=1&resize=350%2C200 1x, https:\/\/i0.wp.com\/pl-graphisme.org\/Vente\/wp-content\/uploads\/2023\/01\/graphe-a-lille-coef-2-1500.jpg?fit=1200%2C598&ssl=1&resize=525%2C300 1.5x, https:\/\/i0.wp.com\/pl-graphisme.org\/Vente\/wp-content\/uploads\/2023\/01\/graphe-a-lille-coef-2-1500.jpg?fit=1200%2C598&ssl=1&resize=700%2C400 2x, https:\/\/i0.wp.com\/pl-graphisme.org\/Vente\/wp-content\/uploads\/2023\/01\/graphe-a-lille-coef-2-1500.jpg?fit=1200%2C598&ssl=1&resize=1050%2C600 3x"},"classes":[]},{"id":334,"url":"https:\/\/pl-graphisme.org\/Vente\/product\/port-de-palavas\/","url_meta":{"origin":342,"position":3},"title":"Port de Palavas","author":"phil.levasseur","date":"10\/01\/2023","format":false,"excerpt":"Port de Palavas, photographie originale sign\u00e9e et num\u00e9rot\u00e9e 1\/30 sur support rigide Forex. S\u00e9rie limit\u00e9e \u00e0 30 exemplaires tous formats et supports confondus ou reproductions photographiques sur papier Fuji sur devis.","rel":"","context":"Article similaire","block_context":{"text":"Article similaire","link":""},"img":{"alt_text":"Port de Palavas. photo sur commande, dimensions sur devis par la page contact.","src":"https:\/\/i0.wp.com\/pl-graphisme.org\/Vente\/wp-content\/uploads\/2023\/01\/port-de-palavas-coef-2-1500.jpg?fit=1200%2C600&ssl=1&resize=350%2C200","width":350,"height":200,"srcset":"https:\/\/i0.wp.com\/pl-graphisme.org\/Vente\/wp-content\/uploads\/2023\/01\/port-de-palavas-coef-2-1500.jpg?fit=1200%2C600&ssl=1&resize=350%2C200 1x, https:\/\/i0.wp.com\/pl-graphisme.org\/Vente\/wp-content\/uploads\/2023\/01\/port-de-palavas-coef-2-1500.jpg?fit=1200%2C600&ssl=1&resize=525%2C300 1.5x, https:\/\/i0.wp.com\/pl-graphisme.org\/Vente\/wp-content\/uploads\/2023\/01\/port-de-palavas-coef-2-1500.jpg?fit=1200%2C600&ssl=1&resize=700%2C400 2x, https:\/\/i0.wp.com\/pl-graphisme.org\/Vente\/wp-content\/uploads\/2023\/01\/port-de-palavas-coef-2-1500.jpg?fit=1200%2C600&ssl=1&resize=1050%2C600 3x"},"classes":[]},{"id":345,"url":"https:\/\/pl-graphisme.org\/Vente\/product\/retour-de-peche-au-grau-du-roi\/","url_meta":{"origin":342,"position":4},"title":"Retour de p\u00eache au Grau du Roi","author":"phil.levasseur","date":"11\/01\/2023","format":false,"excerpt":"Retour de p\u00eache au Grau du Roi. Photographie originale de Philippe Levasseur du 09 2018, disponible en 30x60cm sign\u00e9e et num\u00e9rot\u00e9e 1\/30 sur support rigide Forex. S\u00e9rie limit\u00e9e \u00e0 30 exemplaires tous formats et supports confondus ou reproduction sur papier photo Fuji sur commande, dimensions sur devis","rel":"","context":"Article similaire","block_context":{"text":"Article similaire","link":""},"img":{"alt_text":"Retour de p\u00eache au Grau du Roi, 09 2018, photographie originale sur support rigide, s\u00e9rie limit\u00e9e \u00e0 30 exemplaires ou reproduction sur papier photo, dimensions sur devis.","src":"https:\/\/i0.wp.com\/pl-graphisme.org\/Vente\/wp-content\/uploads\/2023\/01\/retour-de-peche-au-Grau-du-Roy-coef-2-1500.jpg?fit=1200%2C600&ssl=1&resize=350%2C200","width":350,"height":200,"srcset":"https:\/\/i0.wp.com\/pl-graphisme.org\/Vente\/wp-content\/uploads\/2023\/01\/retour-de-peche-au-Grau-du-Roy-coef-2-1500.jpg?fit=1200%2C600&ssl=1&resize=350%2C200 1x, https:\/\/i0.wp.com\/pl-graphisme.org\/Vente\/wp-content\/uploads\/2023\/01\/retour-de-peche-au-Grau-du-Roy-coef-2-1500.jpg?fit=1200%2C600&ssl=1&resize=525%2C300 1.5x, https:\/\/i0.wp.com\/pl-graphisme.org\/Vente\/wp-content\/uploads\/2023\/01\/retour-de-peche-au-Grau-du-Roy-coef-2-1500.jpg?fit=1200%2C600&ssl=1&resize=700%2C400 2x, https:\/\/i0.wp.com\/pl-graphisme.org\/Vente\/wp-content\/uploads\/2023\/01\/retour-de-peche-au-Grau-du-Roy-coef-2-1500.jpg?fit=1200%2C600&ssl=1&resize=1050%2C600 3x"},"classes":[]},{"id":328,"url":"https:\/\/pl-graphisme.org\/Vente\/product\/abside-cathedrale-de-florence\/","url_meta":{"origin":342,"position":5},"title":"Abside cath\u00e9drale de Florence","author":"phil.levasseur","date":"07\/01\/2023","format":false,"excerpt":"Abside cath\u00e9drale de Florence, Photographie originale sign\u00e9e num\u00e9rot\u00e9e sur support rigide Forex 30x20cm. syst\u00e8me d'accrochage inclus. S\u00e9rie limit\u00e9e \u00e0 30 exemplaires tous formats et supports confondus.","rel":"","context":"Article similaire","block_context":{"text":"Article similaire","link":""},"img":{"alt_text":"Abside de la cath\u00e9drale de Florence","src":"https:\/\/i0.wp.com\/pl-graphisme.org\/Vente\/wp-content\/uploads\/2023\/01\/abside-cathedrale-de-Florence-coef-1.5.jpg?fit=791%2C532&ssl=1&resize=350%2C200","width":350,"height":200,"srcset":"https:\/\/i0.wp.com\/pl-graphisme.org\/Vente\/wp-content\/uploads\/2023\/01\/abside-cathedrale-de-Florence-coef-1.5.jpg?fit=791%2C532&ssl=1&resize=350%2C200 1x, https:\/\/i0.wp.com\/pl-graphisme.org\/Vente\/wp-content\/uploads\/2023\/01\/abside-cathedrale-de-Florence-coef-1.5.jpg?fit=791%2C532&ssl=1&resize=525%2C300 1.5x, https:\/\/i0.wp.com\/pl-graphisme.org\/Vente\/wp-content\/uploads\/2023\/01\/abside-cathedrale-de-Florence-coef-1.5.jpg?fit=791%2C532&ssl=1&resize=700%2C400 2x"},"classes":[]}],"jetpack_sharing_enabled":true,"_links":{"self":[{"href":"https:\/\/pl-graphisme.org\/Vente\/wp-json\/wp\/v2\/product\/342","targetHints":{"allow":["GET"]}}],"collection":[{"href":"https:\/\/pl-graphisme.org\/Vente\/wp-json\/wp\/v2\/product"}],"about":[{"href":"https:\/\/pl-graphisme.org\/Vente\/wp-json\/wp\/v2\/types\/product"}],"replies":[{"embeddable":true,"href":"https:\/\/pl-graphisme.org\/Vente\/wp-json\/wp\/v2\/comments?post=342"}],"wp:featuredmedia":[{"embeddable":true,"href":"https:\/\/pl-graphisme.org\/Vente\/wp-json\/wp\/v2\/media\/339"}],"wp:attachment":[{"href":"https:\/\/pl-graphisme.org\/Vente\/wp-json\/wp\/v2\/media?parent=342"}],"wp:term":[{"taxonomy":"product_brand","embeddable":true,"href":"https:\/\/pl-graphisme.org\/Vente\/wp-json\/wp\/v2\/product_brand?post=342"},{"taxonomy":"product_cat","embeddable":true,"href":"https:\/\/pl-graphisme.org\/Vente\/wp-json\/wp\/v2\/product_cat?post=342"},{"taxonomy":"product_tag","embeddable":true,"href":"https:\/\/pl-graphisme.org\/Vente\/wp-json\/wp\/v2\/product_tag?post=342"}],"curies":[{"name":"wp","href":"https:\/\/api.w.org\/{rel}","templated":true}]}}