{"id":318,"date":"2023-01-05T15:06:07","date_gmt":"2023-01-05T15:06:07","guid":{"rendered":"https:\/\/pl-graphisme.org\/Vente\/?post_type=product&#038;p=318"},"modified":"2023-01-11T09:18:07","modified_gmt":"2023-01-11T09:18:07","slug":"manege3","status":"publish","type":"product","link":"https:\/\/pl-graphisme.org\/Vente\/product\/manege3\/","title":{"rendered":"Man\u00e8ge3"},"content":{"rendered":"<p>Man\u00e8ge 3, est une image virtuelle obtenue par manipulation d&#8217;une photographie \u00e0 l&#8217;aide de PhotoDeluxe. La photographie d&#8217;origine est un man\u00e8ge \u00e0 la foire du tr\u00f4ne.<\/p>\n<p>Tout tirage photographique possible.<\/p>\n<p>Tirages originaux sign\u00e9s sur support rigide Forex ou PVC limit\u00e9s \u00e0 30 exemplaires tous formats confondus.<\/p>\n<p>Reproductions sur papier fuji.<\/p>\n<p>Tarifs sur devis.<\/p>\n","protected":false},"excerpt":{"rendered":"<p>Man\u00e8ge 3, est une image virtuelle obtenue par manipulation d&#8217;une photographie \u00e0 l&#8217;aide de PhotoDeluxe. La photographie d&#8217;origine est un man\u00e8ge \u00e0 la foire du tr\u00f4ne. Tout tirage photographique possible.&hellip;<\/p>\n","protected":false},"featured_media":324,"comment_status":"open","ping_status":"closed","template":"","meta":{"nf_dc_page":"","om_disable_all_campaigns":false,"_monsterinsights_skip_tracking":false,"_monsterinsights_sitenote_active":false,"_monsterinsights_sitenote_note":"","_monsterinsights_sitenote_category":0},"product_brand":[],"product_cat":[77],"product_tag":[50,74,69,76],"class_list":{"0":"post-318","1":"product","2":"type-product","3":"status-publish","4":"has-post-thumbnail","6":"product_cat-image-virtuelle","7":"product_tag-abstrait","8":"product_tag-impression-photo","9":"product_tag-photographie","10":"product_tag-sur-commande","12":"first","13":"onbackorder","14":"shipping-taxable","15":"product-type-simple"},"aioseo_notices":[],"jetpack-related-posts":[{"id":316,"url":"https:\/\/pl-graphisme.org\/Vente\/product\/rosace-en-bleu\/","url_meta":{"origin":318,"position":0},"title":"Rosace en bleu","author":"phil.levasseur","date":"22\/12\/2022","format":false,"excerpt":"Rosace en bleu est une image fractale r\u00e9alis\u00e9e avec UltraFractale 2, Tirage photo papier Fuji 30x30cm maroufl\u00e9 sur Isorel num\u00e9rot\u00e9e 01\/30. S\u00e9rie de 30 Exemplaires originaux num\u00e9rot\u00e9s et sign\u00e9s sur commande sur support rigide Forex ou reproductions photographiques sur devis.","rel":"","context":"Article similaire","block_context":{"text":"Article similaire","link":""},"img":{"alt_text":"","src":"https:\/\/i0.wp.com\/pl-graphisme.org\/Vente\/wp-content\/uploads\/2022\/12\/Rosace-en-bleu.jpg?fit=800%2C800&ssl=1&resize=350%2C200","width":350,"height":200,"srcset":"https:\/\/i0.wp.com\/pl-graphisme.org\/Vente\/wp-content\/uploads\/2022\/12\/Rosace-en-bleu.jpg?fit=800%2C800&ssl=1&resize=350%2C200 1x, https:\/\/i0.wp.com\/pl-graphisme.org\/Vente\/wp-content\/uploads\/2022\/12\/Rosace-en-bleu.jpg?fit=800%2C800&ssl=1&resize=525%2C300 1.5x, https:\/\/i0.wp.com\/pl-graphisme.org\/Vente\/wp-content\/uploads\/2022\/12\/Rosace-en-bleu.jpg?fit=800%2C800&ssl=1&resize=700%2C400 2x"},"classes":[]},{"id":338,"url":"https:\/\/pl-graphisme.org\/Vente\/product\/reflexion-dartiste-sur-la-beaute\/","url_meta":{"origin":318,"position":1},"title":"R\u00e9flexion d&#8217;artiste sur la beaut\u00e9","author":"phil.levasseur","date":"10\/01\/2023","format":false,"excerpt":"R\u00e9flexion d'artiste sur la beaut\u00e9 photographie originale de Philippe Levasseur 20x30cm sign\u00e9e et num\u00e9rot\u00e9e 1\/30 sur support rigide Forex. S\u00e9rie limit\u00e9e \u00e0 30 exemplaires tous formats et supports confondus ou reproduction sur papier photo sur commande, dimensions sur devis","rel":"","context":"Article similaire","block_context":{"text":"Article similaire","link":""},"img":{"alt_text":"photographie originale sur support rigide Forex, 30x20cm est disponible. S\u00e9rie limit\u00e9e \u00e0 30 exemplaires ou reproduction sur papier photo, les dimensions et support sont \u00e0 d\u00e9terminer sur devis.","src":"https:\/\/i0.wp.com\/pl-graphisme.org\/Vente\/wp-content\/uploads\/2023\/01\/reflexion-coeff-15-1500.jpg?fit=798%2C1200&ssl=1&resize=350%2C200","width":350,"height":200,"srcset":"https:\/\/i0.wp.com\/pl-graphisme.org\/Vente\/wp-content\/uploads\/2023\/01\/reflexion-coeff-15-1500.jpg?fit=798%2C1200&ssl=1&resize=350%2C200 1x, https:\/\/i0.wp.com\/pl-graphisme.org\/Vente\/wp-content\/uploads\/2023\/01\/reflexion-coeff-15-1500.jpg?fit=798%2C1200&ssl=1&resize=525%2C300 1.5x, https:\/\/i0.wp.com\/pl-graphisme.org\/Vente\/wp-content\/uploads\/2023\/01\/reflexion-coeff-15-1500.jpg?fit=798%2C1200&ssl=1&resize=700%2C400 2x"},"classes":[]},{"id":282,"url":"https:\/\/pl-graphisme.org\/Vente\/product\/vague-a-palavas\/","url_meta":{"origin":318,"position":2},"title":"Vague \u00e0 Palavas","author":"phil.levasseur","date":"18\/12\/2022","format":false,"excerpt":"Vague \u00e0 Palavas, photographie originale de Philippe Levasseur, s\u00e9rie limit\u00e9e 30 exemplaires tous formats. Ou en reproductions photographiques sur devis.","rel":"","context":"Article similaire","block_context":{"text":"Article similaire","link":""},"img":{"alt_text":"Plage \u00e0 Palavas, Photographie Philippe Levasseur.","src":"https:\/\/i0.wp.com\/pl-graphisme.org\/Vente\/wp-content\/uploads\/2022\/12\/vague-a-Palavas-20190210.jpg?fit=800%2C400&ssl=1&resize=350%2C200","width":350,"height":200,"srcset":"https:\/\/i0.wp.com\/pl-graphisme.org\/Vente\/wp-content\/uploads\/2022\/12\/vague-a-Palavas-20190210.jpg?fit=800%2C400&ssl=1&resize=350%2C200 1x, https:\/\/i0.wp.com\/pl-graphisme.org\/Vente\/wp-content\/uploads\/2022\/12\/vague-a-Palavas-20190210.jpg?fit=800%2C400&ssl=1&resize=525%2C300 1.5x, https:\/\/i0.wp.com\/pl-graphisme.org\/Vente\/wp-content\/uploads\/2022\/12\/vague-a-Palavas-20190210.jpg?fit=800%2C400&ssl=1&resize=700%2C400 2x"},"classes":[]},{"id":343,"url":"https:\/\/pl-graphisme.org\/Vente\/product\/graphe-a-lille\/","url_meta":{"origin":318,"position":3},"title":"Graphe \u00e0 Lille","author":"phil.levasseur","date":"10\/01\/2023","format":false,"excerpt":"Graphe \u00e0 Lille, photographie originale sign\u00e9e et num\u00e9rot\u00e9e 1\/30 sur support rigide Forex. S\u00e9rie limit\u00e9e \u00e0 30 exemplaires tous formats et supports confondus ou reproductions photographiques sur papier Fuji sur devis.","rel":"","context":"Article similaire","block_context":{"text":"Article similaire","link":""},"img":{"alt_text":"Graphe \u00e0 Lille, Photographie originale sur support rigide, s\u00e9rie limit\u00e9e \u00e0 30 exemplaires ou reproduction sur papier photo, dimensions sur devis.","src":"https:\/\/i0.wp.com\/pl-graphisme.org\/Vente\/wp-content\/uploads\/2023\/01\/graphe-a-lille-coef-2-1500.jpg?fit=1200%2C598&ssl=1&resize=350%2C200","width":350,"height":200,"srcset":"https:\/\/i0.wp.com\/pl-graphisme.org\/Vente\/wp-content\/uploads\/2023\/01\/graphe-a-lille-coef-2-1500.jpg?fit=1200%2C598&ssl=1&resize=350%2C200 1x, https:\/\/i0.wp.com\/pl-graphisme.org\/Vente\/wp-content\/uploads\/2023\/01\/graphe-a-lille-coef-2-1500.jpg?fit=1200%2C598&ssl=1&resize=525%2C300 1.5x, https:\/\/i0.wp.com\/pl-graphisme.org\/Vente\/wp-content\/uploads\/2023\/01\/graphe-a-lille-coef-2-1500.jpg?fit=1200%2C598&ssl=1&resize=700%2C400 2x, https:\/\/i0.wp.com\/pl-graphisme.org\/Vente\/wp-content\/uploads\/2023\/01\/graphe-a-lille-coef-2-1500.jpg?fit=1200%2C598&ssl=1&resize=1050%2C600 3x"},"classes":[]},{"id":285,"url":"https:\/\/pl-graphisme.org\/Vente\/product\/vague-a-palavas-encadree\/","url_meta":{"origin":318,"position":4},"title":"Vague \u00e0 Palavas encadr\u00e9e","author":"phil.levasseur","date":"18\/12\/2022","format":false,"excerpt":"Vague \u00e0 Palavas, photographie originale encadr\u00e9e de Philippe Levasseur, s\u00e9rie limit\u00e9e 30 exemplaires tous formats. Ou en reproductions photographiques sur devis.","rel":"","context":"Article similaire","block_context":{"text":"Article similaire","link":""},"img":{"alt_text":"","src":"https:\/\/i0.wp.com\/pl-graphisme.org\/Vente\/wp-content\/uploads\/2022\/12\/Vague-a-Palavas-ncadree.jpg?fit=800%2C506&ssl=1&resize=350%2C200","width":350,"height":200,"srcset":"https:\/\/i0.wp.com\/pl-graphisme.org\/Vente\/wp-content\/uploads\/2022\/12\/Vague-a-Palavas-ncadree.jpg?fit=800%2C506&ssl=1&resize=350%2C200 1x, https:\/\/i0.wp.com\/pl-graphisme.org\/Vente\/wp-content\/uploads\/2022\/12\/Vague-a-Palavas-ncadree.jpg?fit=800%2C506&ssl=1&resize=525%2C300 1.5x, https:\/\/i0.wp.com\/pl-graphisme.org\/Vente\/wp-content\/uploads\/2022\/12\/Vague-a-Palavas-ncadree.jpg?fit=800%2C506&ssl=1&resize=700%2C400 2x"},"classes":[]},{"id":331,"url":"https:\/\/pl-graphisme.org\/Vente\/product\/biere-a-carnon\/","url_meta":{"origin":318,"position":5},"title":"Bi\u00e8re \u00e0 Carnon","author":"phil.levasseur","date":"10\/01\/2023","format":false,"excerpt":"Bi\u00e8re \u00e0 Carnon, photographie originale sign\u00e9e sur support rigide 30x60cm. Num\u00e9rot\u00e9e 1\/30 d'une s\u00e9rie limit\u00e9e tous supports et formats confondus. Sur commande originaux sign\u00e9s et num\u00e9rot\u00e9s ou reproduction sur papier Fuji, supports et dimensions sur devis.","rel":"","context":"Article similaire","block_context":{"text":"Article similaire","link":""},"img":{"alt_text":"","src":"https:\/\/i0.wp.com\/pl-graphisme.org\/Vente\/wp-content\/uploads\/2023\/01\/biere-a-carnon-coeff-15-1500.jpg?fit=796%2C1200&ssl=1&resize=350%2C200","width":350,"height":200,"srcset":"https:\/\/i0.wp.com\/pl-graphisme.org\/Vente\/wp-content\/uploads\/2023\/01\/biere-a-carnon-coeff-15-1500.jpg?fit=796%2C1200&ssl=1&resize=350%2C200 1x, https:\/\/i0.wp.com\/pl-graphisme.org\/Vente\/wp-content\/uploads\/2023\/01\/biere-a-carnon-coeff-15-1500.jpg?fit=796%2C1200&ssl=1&resize=525%2C300 1.5x, https:\/\/i0.wp.com\/pl-graphisme.org\/Vente\/wp-content\/uploads\/2023\/01\/biere-a-carnon-coeff-15-1500.jpg?fit=796%2C1200&ssl=1&resize=700%2C400 2x"},"classes":[]}],"jetpack_sharing_enabled":true,"_links":{"self":[{"href":"https:\/\/pl-graphisme.org\/Vente\/wp-json\/wp\/v2\/product\/318","targetHints":{"allow":["GET"]}}],"collection":[{"href":"https:\/\/pl-graphisme.org\/Vente\/wp-json\/wp\/v2\/product"}],"about":[{"href":"https:\/\/pl-graphisme.org\/Vente\/wp-json\/wp\/v2\/types\/product"}],"replies":[{"embeddable":true,"href":"https:\/\/pl-graphisme.org\/Vente\/wp-json\/wp\/v2\/comments?post=318"}],"wp:featuredmedia":[{"embeddable":true,"href":"https:\/\/pl-graphisme.org\/Vente\/wp-json\/wp\/v2\/media\/324"}],"wp:attachment":[{"href":"https:\/\/pl-graphisme.org\/Vente\/wp-json\/wp\/v2\/media?parent=318"}],"wp:term":[{"taxonomy":"product_brand","embeddable":true,"href":"https:\/\/pl-graphisme.org\/Vente\/wp-json\/wp\/v2\/product_brand?post=318"},{"taxonomy":"product_cat","embeddable":true,"href":"https:\/\/pl-graphisme.org\/Vente\/wp-json\/wp\/v2\/product_cat?post=318"},{"taxonomy":"product_tag","embeddable":true,"href":"https:\/\/pl-graphisme.org\/Vente\/wp-json\/wp\/v2\/product_tag?post=318"}],"curies":[{"name":"wp","href":"https:\/\/api.w.org\/{rel}","templated":true}]}}