{"id":314,"date":"2022-12-20T15:17:43","date_gmt":"2022-12-20T15:17:43","guid":{"rendered":"https:\/\/pl-graphisme.org\/Vente\/?post_type=product&#038;p=314"},"modified":"2023-03-01T04:59:08","modified_gmt":"2023-03-01T04:59:08","slug":"masque-bleu-sur-commande-40x30","status":"publish","type":"product","link":"https:\/\/pl-graphisme.org\/Vente\/product\/masque-bleu-sur-commande-40x30\/","title":{"rendered":"Masque bleu sur commande  40&#215;30"},"content":{"rendered":"<p>Masque bleu<\/p>\n<p>image fractale Tirage support rigide Forex sans cadre 40x30cm<\/p>\n<p>Syst\u00e8me d&#8217;accrochage inclus.<\/p>\n<p>Autres dimensions possibles: <a href=\"https:\/\/pl-graphisme.org\/Vente\/product\/masque-bleu-sur-commande\/\" target=\"_blank\" rel=\"noopener\">30x20cm<\/a>,<\/p>\n<p>ou 50x40cm, 60x40cm, 45x60cm, 75x50cm sur devis.<\/p>\n<p>S\u00e9rie de 30 exemplaires originaux num\u00e9rot\u00e9s. Tous formats et finitions confondus.<\/p>\n<p>La vision sur \u00e9cran donne un effet de relief moins remarquable en impression.<\/p>\n","protected":false},"excerpt":{"rendered":"<p>Masque bleu<\/p>\n<p>image fractale Tirage support rigide Forex sans cadre 40x30cm<\/p>\n<p>Syst\u00e8me d&#8217;accrochage inclus.<\/p>\n<p>Autres dimensions possibles: <a href=\"https:\/\/pl-graphisme.org\/Vente\/product\/masque-bleu-sur-commande\/\" target=\"_blank\" rel=\"noopener\">30x20cm<\/a>,<\/p>\n<p>ou 50x40cm, 60x40cm, 45x60cm, 75x50cm sur devis.<\/p>\n<p>S\u00e9rie de 30 exemplaires originaux num\u00e9rot\u00e9s. Tous formats et finitions confondus.<\/p>\n<p>La vision sur \u00e9cran donne un effet de relief moins remarquable en impression.<\/p>\n","protected":false},"featured_media":308,"comment_status":"open","ping_status":"closed","template":"","meta":{"nf_dc_page":"","om_disable_all_campaigns":false,"_monsterinsights_skip_tracking":false,"_monsterinsights_sitenote_active":false,"_monsterinsights_sitenote_note":"","_monsterinsights_sitenote_category":0},"product_brand":[],"product_cat":[72],"product_tag":[73,74,76],"class_list":{"0":"post-314","1":"product","2":"type-product","3":"status-publish","4":"has-post-thumbnail","6":"product_cat-fractales","7":"product_tag-fractale","8":"product_tag-impression-photo","9":"product_tag-sur-commande","10":"product_shipping_class-exp01","12":"first","13":"onbackorder","14":"shipping-taxable","15":"purchasable","16":"product-type-simple"},"aioseo_notices":[],"jetpack-related-posts":[{"id":305,"url":"https:\/\/pl-graphisme.org\/Vente\/product\/masque-bleu-sur-commande\/","url_meta":{"origin":314,"position":0},"title":"Masque bleu sur commande 30&#215;20","author":"phil.levasseur","date":"20\/12\/2022","format":false,"excerpt":"Masque bleu image fractale Tirage support rigide Forex sans cadre 30x20cm Syst\u00e8me d'accrochage inclus. Autres dimensions possibles: 40x30cm ou 50x40cm, 60x40cm, 45x60cm, 75x50cm sur devis. S\u00e9rie de 30 exemplaires originaux num\u00e9rot\u00e9s. Tous formats et finitions confondus. La vision sur \u00e9cran donne un effet de relief moins remarquable en impression.","rel":"","context":"Article similaire","block_context":{"text":"Article similaire","link":""},"img":{"alt_text":"Masque bleu tirage sur support rigide Forex 30x20","src":"https:\/\/i0.wp.com\/pl-graphisme.org\/Vente\/wp-content\/uploads\/2022\/12\/masque-bleu-coef-1.5..jpg?fit=850%2C573&ssl=1&resize=350%2C200","width":350,"height":200,"srcset":"https:\/\/i0.wp.com\/pl-graphisme.org\/Vente\/wp-content\/uploads\/2022\/12\/masque-bleu-coef-1.5..jpg?fit=850%2C573&ssl=1&resize=350%2C200 1x, https:\/\/i0.wp.com\/pl-graphisme.org\/Vente\/wp-content\/uploads\/2022\/12\/masque-bleu-coef-1.5..jpg?fit=850%2C573&ssl=1&resize=525%2C300 1.5x, https:\/\/i0.wp.com\/pl-graphisme.org\/Vente\/wp-content\/uploads\/2022\/12\/masque-bleu-coef-1.5..jpg?fit=850%2C573&ssl=1&resize=700%2C400 2x"},"classes":[]},{"id":304,"url":"https:\/\/pl-graphisme.org\/Vente\/product\/masque-bleu-encadre\/","url_meta":{"origin":314,"position":1},"title":"Masque bleu encadr\u00e9, sur commande.","author":"phil.levasseur","date":"20\/12\/2022","format":false,"excerpt":"Masque bleu, image fractale r\u00e9alis\u00e9e avec UltraFractale 2, Tirage photo maroufl\u00e9 sur isorel, 35,5x28cm, encadr\u00e9 40x32cm. Encadrement et support issus du recyclage, bois et isorel. N\u00b01 d'une s\u00e9rie de 30 exemplaires originaux num\u00e9rot\u00e9s. Tous formats et finitions confondus. La vision sur \u00e9cran donne un effet de relief moins remarquable en\u2026","rel":"","context":"Article similaire","block_context":{"text":"Article similaire","link":""},"img":{"alt_text":"Masque bleu, image fractale r\u00e9alis\u00e9e avec UltraFractale 2, Tirage photo sur support rigide Forex, disponible sur commande 40x30cm, encadr\u00e9 44x34cm.","src":"https:\/\/i0.wp.com\/pl-graphisme.org\/Vente\/wp-content\/uploads\/2022\/12\/masque-bleu-encadre.jpg?fit=800%2C656&ssl=1&resize=350%2C200","width":350,"height":200,"srcset":"https:\/\/i0.wp.com\/pl-graphisme.org\/Vente\/wp-content\/uploads\/2022\/12\/masque-bleu-encadre.jpg?fit=800%2C656&ssl=1&resize=350%2C200 1x, https:\/\/i0.wp.com\/pl-graphisme.org\/Vente\/wp-content\/uploads\/2022\/12\/masque-bleu-encadre.jpg?fit=800%2C656&ssl=1&resize=525%2C300 1.5x, https:\/\/i0.wp.com\/pl-graphisme.org\/Vente\/wp-content\/uploads\/2022\/12\/masque-bleu-encadre.jpg?fit=800%2C656&ssl=1&resize=700%2C400 2x"},"classes":[]},{"id":316,"url":"https:\/\/pl-graphisme.org\/Vente\/product\/rosace-en-bleu\/","url_meta":{"origin":314,"position":2},"title":"Rosace en bleu","author":"phil.levasseur","date":"22\/12\/2022","format":false,"excerpt":"Rosace en bleu est une image fractale r\u00e9alis\u00e9e avec UltraFractale 2, Tirage photo papier Fuji 30x30cm maroufl\u00e9 sur Isorel num\u00e9rot\u00e9e 01\/30. S\u00e9rie de 30 Exemplaires originaux num\u00e9rot\u00e9s et sign\u00e9s sur commande sur support rigide Forex ou reproductions photographiques sur devis.","rel":"","context":"Article similaire","block_context":{"text":"Article similaire","link":""},"img":{"alt_text":"","src":"https:\/\/i0.wp.com\/pl-graphisme.org\/Vente\/wp-content\/uploads\/2022\/12\/Rosace-en-bleu.jpg?fit=800%2C800&ssl=1&resize=350%2C200","width":350,"height":200,"srcset":"https:\/\/i0.wp.com\/pl-graphisme.org\/Vente\/wp-content\/uploads\/2022\/12\/Rosace-en-bleu.jpg?fit=800%2C800&ssl=1&resize=350%2C200 1x, https:\/\/i0.wp.com\/pl-graphisme.org\/Vente\/wp-content\/uploads\/2022\/12\/Rosace-en-bleu.jpg?fit=800%2C800&ssl=1&resize=525%2C300 1.5x, https:\/\/i0.wp.com\/pl-graphisme.org\/Vente\/wp-content\/uploads\/2022\/12\/Rosace-en-bleu.jpg?fit=800%2C800&ssl=1&resize=700%2C400 2x"},"classes":[]},{"id":302,"url":"https:\/\/pl-graphisme.org\/Vente\/product\/vortex-f31-bleu\/","url_meta":{"origin":314,"position":3},"title":"Vortex f31 bleu","author":"phil.levasseur","date":"20\/12\/2022","format":false,"excerpt":"Vortex f31 bleu, image fractale r\u00e9alis\u00e9e avec UltraFractale 2, Tirage 30x30cm support rigide Forex. S\u00e9rie de 30 Exemplaires originaux num\u00e9rot\u00e9s et sign\u00e9s.","rel":"","context":"Article similaire","block_context":{"text":"Article similaire","link":""},"img":{"alt_text":"Vortex f31 bleu, image fractale r\u00e9alis\u00e9e avec UltraFractale 2, Tirage 30x30cm support rigide Forex. S\u00e9rie de 30 Exemplaires originaux num\u00e9rot\u00e9s et sign\u00e9s.","src":"https:\/\/i0.wp.com\/pl-graphisme.org\/Vente\/wp-content\/uploads\/2022\/12\/Vortex-f31-bleu.jpg?fit=500%2C488&ssl=1&resize=350%2C200","width":350,"height":200},"classes":[]},{"id":299,"url":"https:\/\/pl-graphisme.org\/Vente\/product\/le-nom-de-la-rose\/","url_meta":{"origin":314,"position":4},"title":"Le nom de la rose","author":"phil.levasseur","date":"20\/12\/2022","format":false,"excerpt":"Le nom de la rose, Image fractale r\u00e9alis\u00e9e avec UltraFractal 2, Tirage 30x30cm support rigide Forex. S\u00e9rie de 30 Exemplaires originaux num\u00e9rot\u00e9s et sign\u00e9s.","rel":"","context":"Article similaire","block_context":{"text":"Article similaire","link":""},"img":{"alt_text":"Le nom de la Rose, Image fractale r\u00e9alis\u00e9e avec UltraFractale 2, Tirage 30x30cm support rigide Forex.S\u00e9rie de 30 Exemplaires originaux num\u00e9rot\u00e9s, le premier \u00e0 \u00e9t\u00e9 vendu.La vision sur \u00e9cran donne un effet de relief peu\u2026","src":"https:\/\/i0.wp.com\/pl-graphisme.org\/Vente\/wp-content\/uploads\/2022\/12\/ross3c33cm.jpg?fit=800%2C800&ssl=1&resize=350%2C200","width":350,"height":200,"srcset":"https:\/\/i0.wp.com\/pl-graphisme.org\/Vente\/wp-content\/uploads\/2022\/12\/ross3c33cm.jpg?fit=800%2C800&ssl=1&resize=350%2C200 1x, https:\/\/i0.wp.com\/pl-graphisme.org\/Vente\/wp-content\/uploads\/2022\/12\/ross3c33cm.jpg?fit=800%2C800&ssl=1&resize=525%2C300 1.5x, https:\/\/i0.wp.com\/pl-graphisme.org\/Vente\/wp-content\/uploads\/2022\/12\/ross3c33cm.jpg?fit=800%2C800&ssl=1&resize=700%2C400 2x"},"classes":[]},{"id":328,"url":"https:\/\/pl-graphisme.org\/Vente\/product\/abside-cathedrale-de-florence\/","url_meta":{"origin":314,"position":5},"title":"Abside cath\u00e9drale de Florence","author":"phil.levasseur","date":"07\/01\/2023","format":false,"excerpt":"Abside cath\u00e9drale de Florence, Photographie originale sign\u00e9e num\u00e9rot\u00e9e sur support rigide Forex 30x20cm. syst\u00e8me d'accrochage inclus. S\u00e9rie limit\u00e9e \u00e0 30 exemplaires tous formats et supports confondus.","rel":"","context":"Article similaire","block_context":{"text":"Article similaire","link":""},"img":{"alt_text":"Abside de la cath\u00e9drale de Florence","src":"https:\/\/i0.wp.com\/pl-graphisme.org\/Vente\/wp-content\/uploads\/2023\/01\/abside-cathedrale-de-Florence-coef-1.5.jpg?fit=791%2C532&ssl=1&resize=350%2C200","width":350,"height":200,"srcset":"https:\/\/i0.wp.com\/pl-graphisme.org\/Vente\/wp-content\/uploads\/2023\/01\/abside-cathedrale-de-Florence-coef-1.5.jpg?fit=791%2C532&ssl=1&resize=350%2C200 1x, https:\/\/i0.wp.com\/pl-graphisme.org\/Vente\/wp-content\/uploads\/2023\/01\/abside-cathedrale-de-Florence-coef-1.5.jpg?fit=791%2C532&ssl=1&resize=525%2C300 1.5x, https:\/\/i0.wp.com\/pl-graphisme.org\/Vente\/wp-content\/uploads\/2023\/01\/abside-cathedrale-de-Florence-coef-1.5.jpg?fit=791%2C532&ssl=1&resize=700%2C400 2x"},"classes":[]}],"jetpack_sharing_enabled":true,"_links":{"self":[{"href":"https:\/\/pl-graphisme.org\/Vente\/wp-json\/wp\/v2\/product\/314","targetHints":{"allow":["GET"]}}],"collection":[{"href":"https:\/\/pl-graphisme.org\/Vente\/wp-json\/wp\/v2\/product"}],"about":[{"href":"https:\/\/pl-graphisme.org\/Vente\/wp-json\/wp\/v2\/types\/product"}],"replies":[{"embeddable":true,"href":"https:\/\/pl-graphisme.org\/Vente\/wp-json\/wp\/v2\/comments?post=314"}],"wp:featuredmedia":[{"embeddable":true,"href":"https:\/\/pl-graphisme.org\/Vente\/wp-json\/wp\/v2\/media\/308"}],"wp:attachment":[{"href":"https:\/\/pl-graphisme.org\/Vente\/wp-json\/wp\/v2\/media?parent=314"}],"wp:term":[{"taxonomy":"product_brand","embeddable":true,"href":"https:\/\/pl-graphisme.org\/Vente\/wp-json\/wp\/v2\/product_brand?post=314"},{"taxonomy":"product_cat","embeddable":true,"href":"https:\/\/pl-graphisme.org\/Vente\/wp-json\/wp\/v2\/product_cat?post=314"},{"taxonomy":"product_tag","embeddable":true,"href":"https:\/\/pl-graphisme.org\/Vente\/wp-json\/wp\/v2\/product_tag?post=314"}],"curies":[{"name":"wp","href":"https:\/\/api.w.org\/{rel}","templated":true}]}}