{"id":250,"date":"2022-12-14T11:32:17","date_gmt":"2022-12-14T11:32:17","guid":{"rendered":"https:\/\/pl-graphisme.org\/Vente\/?post_type=product&#038;p=250"},"modified":"2023-03-01T04:59:08","modified_gmt":"2023-03-01T04:59:08","slug":"autry-le-chatel","status":"publish","type":"product","link":"https:\/\/pl-graphisme.org\/Vente\/product\/autry-le-chatel\/","title":{"rendered":"Autry le Ch\u00e2tel"},"content":{"rendered":"<p>Autry le Ch\u00e2tel est une aquarelle de 34x44cm sans cadre ou encadr\u00e9e sous verre 43x53cm. Elle repr\u00e9sente le Ch\u00e2teau d&#8217;Autry le Ch\u00e2tel dans le Loiret .<\/p>\n<p>Peinte par Philippe Levasseur en 1996.<\/p>\n<p>L&#8217;achat se fait sans cadre, il est n\u00e9cessaire d&#8217;ajouter le cadre <a href=\"https:\/\/pl-graphisme.org\/Vente\/product\/cadre-ref-02-sous-verre-43x53cm\/\" target=\"_blank\" rel=\"noopener\">ref.02<\/a> dans le panier.<\/p>\n","protected":false},"excerpt":{"rendered":"<p>Autry le Ch\u00e2tel.<\/p>\n<p>Repr\u00e9sente le Ch\u00e2teau d&#8217;Autry le Ch\u00e2tel dans le Loiret. Peinte par Philippe Levasseur en 1996.<\/p>\n<p>Aquarelle 34x44cm sans cadre,<\/p>\n<p>encadr\u00e9e sous verre 43x53cm.<\/p>\n<p>L&#8217;achat se fait sans cadre, il est n\u00e9cessaire d&#8217;ajouter le cadre <a href=\"https:\/\/pl-graphisme.org\/Vente\/product\/cadre-ref-02-sous-verre-43x53cm\/\" target=\"_blank\" rel=\"noopener\">ref.02<\/a> dans le panier.<\/p>\n","protected":false},"featured_media":252,"comment_status":"open","ping_status":"closed","template":"","meta":{"nf_dc_page":"","om_disable_all_campaigns":false,"_monsterinsights_skip_tracking":false,"_monsterinsights_sitenote_active":false,"_monsterinsights_sitenote_note":"","_monsterinsights_sitenote_category":0},"product_brand":[],"product_cat":[30],"product_tag":[65,31,60,63,64,58,49],"class_list":{"0":"post-250","1":"product","2":"type-product","3":"status-publish","4":"has-post-thumbnail","6":"product_cat-aquarelles","7":"product_tag-65","8":"product_tag-aquarelles","9":"product_tag-architecture","10":"product_tag-france","11":"product_tag-loiret","12":"product_tag-paysage","13":"product_tag-peinture","14":"product_shipping_class-exp03","16":"first","17":"instock","18":"shipping-taxable","19":"purchasable","20":"product-type-simple"},"aioseo_notices":[],"jetpack-related-posts":[{"id":601,"url":"https:\/\/pl-graphisme.org\/Vente\/product\/rue-des-tanneries\/","url_meta":{"origin":250,"position":0},"title":"Rue des Tanneries, Ligny en Barrois.","author":"phil.levasseur","date":"05\/02\/2023","format":false,"excerpt":"Rue des tanneries \u00e0 Ligny en Barrois est une aquarelle originale de Philippe Levasseur peinte en 1996. Mesures sans cadre 38x53cm. Encadr\u00e9e sous verre, cadre en bois filet dor\u00e9 75,5x55,5cm. Lors a commande il est n\u00e9cessaire de choisir la pr\u00e9sentation.","rel":"","context":"Article similaire","block_context":{"text":"Article similaire","link":""},"img":{"alt_text":"Rue des tanneries \u00e0 Ligny en Barrois est une aquarelle originale de Philippe Levasseur peinte en 1996. Mesures sans cadre 38x53cm. Encadr\u00e9e sous verre, cadre en bois filet dor\u00e9 75,5x55,5cm.","src":"https:\/\/i0.wp.com\/pl-graphisme.org\/Vente\/wp-content\/uploads\/2023\/02\/rue-des-tanneries.jpg?fit=1000%2C750&ssl=1&resize=350%2C200","width":350,"height":200,"srcset":"https:\/\/i0.wp.com\/pl-graphisme.org\/Vente\/wp-content\/uploads\/2023\/02\/rue-des-tanneries.jpg?fit=1000%2C750&ssl=1&resize=350%2C200 1x, https:\/\/i0.wp.com\/pl-graphisme.org\/Vente\/wp-content\/uploads\/2023\/02\/rue-des-tanneries.jpg?fit=1000%2C750&ssl=1&resize=525%2C300 1.5x, https:\/\/i0.wp.com\/pl-graphisme.org\/Vente\/wp-content\/uploads\/2023\/02\/rue-des-tanneries.jpg?fit=1000%2C750&ssl=1&resize=700%2C400 2x"},"classes":[]},{"id":561,"url":"https:\/\/pl-graphisme.org\/Vente\/product\/arnay-le-duc-chateau\/","url_meta":{"origin":250,"position":1},"title":"Arnay le Duc, Ch\u00e2teau","author":"phil.levasseur","date":"01\/02\/2023","format":false,"excerpt":"Arnay le Duc, Ch\u00e2teau est une aquarelle originale de Philippe Levasseur peinte en 1993. Elle mesure 34x44cm sans cadre. Encadr\u00e9 sous verre le cadre en bois vernis et filet dor\u00e9 mesure 44x54cm. Lors a commande il est n\u00e9cessaire de choisir la pr\u00e9sentation. \u00a0","rel":"","context":"Article similaire","block_context":{"text":"Article similaire","link":""},"img":{"alt_text":"Arnay le Duc, Ch\u00e2teau est une aquarelle originale de Philippe Levasseur peinte en 1999. Elle mesure 34x44cm sans cadre. Encadr\u00e9 sous verre le cadre en bois vernis et filet dor\u00e9 mesure 44x54cm. Lors a commande il est n\u00e9cessaire de choisir la pr\u00e9sentation.","src":"https:\/\/i0.wp.com\/pl-graphisme.org\/Vente\/wp-content\/uploads\/2023\/02\/arnay-le-duc-Chateau.jpg?fit=896%2C1200&ssl=1&resize=350%2C200","width":350,"height":200,"srcset":"https:\/\/i0.wp.com\/pl-graphisme.org\/Vente\/wp-content\/uploads\/2023\/02\/arnay-le-duc-Chateau.jpg?fit=896%2C1200&ssl=1&resize=350%2C200 1x, https:\/\/i0.wp.com\/pl-graphisme.org\/Vente\/wp-content\/uploads\/2023\/02\/arnay-le-duc-Chateau.jpg?fit=896%2C1200&ssl=1&resize=525%2C300 1.5x, https:\/\/i0.wp.com\/pl-graphisme.org\/Vente\/wp-content\/uploads\/2023\/02\/arnay-le-duc-Chateau.jpg?fit=896%2C1200&ssl=1&resize=700%2C400 2x"},"classes":[]},{"id":388,"url":"https:\/\/pl-graphisme.org\/Vente\/product\/eguisheim\/","url_meta":{"origin":250,"position":2},"title":"Eguisheim","author":"phil.levasseur","date":"14\/01\/2023","format":false,"excerpt":"Eguisheim, Auberge du rempart, aquarelle originale de Philippe Levasseur peinte en 2008. Sans cadre elle mesure 20x24cm. Peut \u00eatre vendue encadr\u00e9e sous verre 29x35cm. Cadre en bois. Lors a commande il est n\u00e9cessaire de choisir la pr\u00e9sentation.","rel":"","context":"Article similaire","block_context":{"text":"Article similaire","link":""},"img":{"alt_text":"Eguisheim, Auberge du rempart, aquarelle, 20x24cm, Peut \u00eatre vendue encadr\u00e9e sous verre 29x35cm. La commande devra inclure les deux r\u00e9f\u00e9rences, aquarelle et cadre ref.03.","src":"https:\/\/i0.wp.com\/pl-graphisme.org\/Vente\/wp-content\/uploads\/2023\/01\/eguisheim-scaled.jpg?fit=987%2C1200&ssl=1&resize=350%2C200","width":350,"height":200,"srcset":"https:\/\/i0.wp.com\/pl-graphisme.org\/Vente\/wp-content\/uploads\/2023\/01\/eguisheim-scaled.jpg?fit=987%2C1200&ssl=1&resize=350%2C200 1x, https:\/\/i0.wp.com\/pl-graphisme.org\/Vente\/wp-content\/uploads\/2023\/01\/eguisheim-scaled.jpg?fit=987%2C1200&ssl=1&resize=525%2C300 1.5x, https:\/\/i0.wp.com\/pl-graphisme.org\/Vente\/wp-content\/uploads\/2023\/01\/eguisheim-scaled.jpg?fit=987%2C1200&ssl=1&resize=700%2C400 2x"},"classes":[]},{"id":74,"url":"https:\/\/pl-graphisme.org\/Vente\/product\/clocher-de-moret-sur-loing\/","url_meta":{"origin":250,"position":3},"title":"Clocher de Moret sur loing","author":"phil.levasseur","date":"02\/12\/2022","format":false,"excerpt":"Clocher de Moret sur Loing. Aquarelle originale de Philippe Levasseur peinte en 1996. Sans cadre elle mesure 34x44cm. Encadr\u00e9e sous verre 43x53cm. Lors a commande il est n\u00e9cessaire de choisir la pr\u00e9sentation.","rel":"","context":"Article similaire","block_context":{"text":"Article similaire","link":""},"img":{"alt_text":"Clocher de Moret sur Loing","src":"https:\/\/i0.wp.com\/pl-graphisme.org\/Vente\/wp-content\/uploads\/2022\/12\/moret-sur-loing-rue-sans-cadre-medium.jpg?fit=351%2C500&ssl=1&resize=350%2C200","width":350,"height":200},"classes":[]},{"id":594,"url":"https:\/\/pl-graphisme.org\/Vente\/product\/182-184-rue-edouard-maury\/","url_meta":{"origin":250,"position":4},"title":"182-184 Rue Edouard Maury","author":"phil.levasseur","date":"03\/02\/2023","format":false,"excerpt":"182-184 Rue Edouard Maury \u00e0 Fontenay sous bois est une aquarelle originale de Philippe Levasseur peinte en 1996. Sans cadre elle mesure 35x23cm. Encadr\u00e9 sous verre le cadre en bois vernis et filet dor\u00e9 mesure 44x54cm. Lors a commande il est n\u00e9cessaire de choisir la pr\u00e9sentation.","rel":"","context":"Article similaire","block_context":{"text":"Article similaire","link":""},"img":{"alt_text":"182-184 Rue Edouard Maury \u00e0 Fontenay sous bois est une aquarelle originale de Philippe Levasseur peinte en 1996. Sans cadre elle mesure 35x23cm. Encadr\u00e9 sous verre le cadre en bois vernis et filet dor\u00e9 mesure 44x54cm. Lors a commande il est n\u00e9cessaire de choisir la pr\u00e9sentation.","src":"https:\/\/i0.wp.com\/pl-graphisme.org\/Vente\/wp-content\/uploads\/2023\/02\/182_184.jpg?fit=800%2C561&ssl=1&resize=350%2C200","width":350,"height":200,"srcset":"https:\/\/i0.wp.com\/pl-graphisme.org\/Vente\/wp-content\/uploads\/2023\/02\/182_184.jpg?fit=800%2C561&ssl=1&resize=350%2C200 1x, https:\/\/i0.wp.com\/pl-graphisme.org\/Vente\/wp-content\/uploads\/2023\/02\/182_184.jpg?fit=800%2C561&ssl=1&resize=525%2C300 1.5x, https:\/\/i0.wp.com\/pl-graphisme.org\/Vente\/wp-content\/uploads\/2023\/02\/182_184.jpg?fit=800%2C561&ssl=1&resize=700%2C400 2x"},"classes":[]},{"id":446,"url":"https:\/\/pl-graphisme.org\/Vente\/product\/mer-de-glace\/","url_meta":{"origin":250,"position":5},"title":"Mer de glace","author":"phil.levasseur","date":"18\/01\/2023","format":false,"excerpt":"La Mer de glace, \u00e0 Chamonix. Aquarelle originale de Philippe Levasseur. 1995. Mesures 29,7x21cm sans cadre. Peut \u00eatre vendue encadr\u00e9e sous verre 43,5\u00d733,5cm. Lors a commande il est n\u00e9cessaire de choisir la pr\u00e9sentation.","rel":"","context":"Article similaire","block_context":{"text":"Article similaire","link":""},"img":{"alt_text":"La Mer de glace, \u00e0 Chamonix. Aquarelle originale de Philippe Levasseur. 1995. Mesures 29,7x21cm sans cadre. Peut \u00eatre vendue encadr\u00e9e sous verre 43,5\u00d733,5cm. La commande devra inclure les deux r\u00e9f\u00e9rences, aquarelle et cadre ref.01.","src":"https:\/\/i0.wp.com\/pl-graphisme.org\/Vente\/wp-content\/uploads\/2023\/01\/Mer-de-glace.jpg?fit=950%2C664&ssl=1&resize=350%2C200","width":350,"height":200,"srcset":"https:\/\/i0.wp.com\/pl-graphisme.org\/Vente\/wp-content\/uploads\/2023\/01\/Mer-de-glace.jpg?fit=950%2C664&ssl=1&resize=350%2C200 1x, https:\/\/i0.wp.com\/pl-graphisme.org\/Vente\/wp-content\/uploads\/2023\/01\/Mer-de-glace.jpg?fit=950%2C664&ssl=1&resize=525%2C300 1.5x, https:\/\/i0.wp.com\/pl-graphisme.org\/Vente\/wp-content\/uploads\/2023\/01\/Mer-de-glace.jpg?fit=950%2C664&ssl=1&resize=700%2C400 2x"},"classes":[]}],"jetpack_sharing_enabled":true,"_links":{"self":[{"href":"https:\/\/pl-graphisme.org\/Vente\/wp-json\/wp\/v2\/product\/250","targetHints":{"allow":["GET"]}}],"collection":[{"href":"https:\/\/pl-graphisme.org\/Vente\/wp-json\/wp\/v2\/product"}],"about":[{"href":"https:\/\/pl-graphisme.org\/Vente\/wp-json\/wp\/v2\/types\/product"}],"replies":[{"embeddable":true,"href":"https:\/\/pl-graphisme.org\/Vente\/wp-json\/wp\/v2\/comments?post=250"}],"wp:featuredmedia":[{"embeddable":true,"href":"https:\/\/pl-graphisme.org\/Vente\/wp-json\/wp\/v2\/media\/252"}],"wp:attachment":[{"href":"https:\/\/pl-graphisme.org\/Vente\/wp-json\/wp\/v2\/media?parent=250"}],"wp:term":[{"taxonomy":"product_brand","embeddable":true,"href":"https:\/\/pl-graphisme.org\/Vente\/wp-json\/wp\/v2\/product_brand?post=250"},{"taxonomy":"product_cat","embeddable":true,"href":"https:\/\/pl-graphisme.org\/Vente\/wp-json\/wp\/v2\/product_cat?post=250"},{"taxonomy":"product_tag","embeddable":true,"href":"https:\/\/pl-graphisme.org\/Vente\/wp-json\/wp\/v2\/product_tag?post=250"}],"curies":[{"name":"wp","href":"https:\/\/api.w.org\/{rel}","templated":true}]}}