{"id":194,"date":"2022-12-05T07:45:57","date_gmt":"2022-12-05T07:45:57","guid":{"rendered":"https:\/\/pl-graphisme.org\/Vente\/?post_type=product&#038;p=194"},"modified":"2023-03-01T04:59:08","modified_gmt":"2023-03-01T04:59:08","slug":"la-glycine","status":"publish","type":"product","link":"https:\/\/pl-graphisme.org\/Vente\/product\/la-glycine\/","title":{"rendered":"La glycine"},"content":{"rendered":"<p>La glycine, peinture acrylique sur carton, 30&#215;42 cm, encadr\u00e9e en caisse am\u00e9ricaine, 37&#215;49 cm. Mat\u00e9riaux recycl\u00e9s. d&#8217;apr\u00e8s une photo prise en Alsace par Philippe levasseur.<\/p>\n","protected":false},"excerpt":{"rendered":"<p>La glycine, peinture acrylique sur carton, 30&#215;42 cm, caisse am\u00e9ricaine, 37&#215;49 cm. Mat\u00e9riaux recycl\u00e9s. Par Philippe Levasseur.<\/p>\n","protected":false},"featured_media":195,"comment_status":"open","ping_status":"closed","template":"","meta":{"nf_dc_page":"","om_disable_all_campaigns":false,"_monsterinsights_skip_tracking":false,"_monsterinsights_sitenote_active":false,"_monsterinsights_sitenote_note":"","_monsterinsights_sitenote_category":0},"product_brand":[],"product_cat":[20],"product_tag":[21,23,57,25,49,48,47,61,44,36],"class_list":{"0":"post-194","1":"product","2":"type-product","3":"status-publish","4":"has-post-thumbnail","6":"product_cat-peintures-acryliques","7":"product_tag-acrylique","8":"product_tag-alsace","9":"product_tag-carton","10":"product_tag-encadree","11":"product_tag-peinture","12":"product_tag-philippe-levasseur","13":"product_tag-pierres","14":"product_tag-recyclage","15":"product_tag-rue","16":"product_tag-tableau","17":"product_shipping_class-exp03","19":"first","20":"instock","21":"shipping-taxable","22":"purchasable","23":"product-type-simple"},"aioseo_notices":[],"jetpack-related-posts":[{"id":200,"url":"https:\/\/pl-graphisme.org\/Vente\/product\/piazza-san-marco-aqua-alta\/","url_meta":{"origin":194,"position":0},"title":"Piazza San Marco, aqua alta","author":"phil.levasseur","date":"05\/12\/2022","format":false,"excerpt":"Piazza San Marco, aqua alta ; Venise, acrylique sur carton 30x42 cm, encadr\u00e9 en caisse am\u00e9ricaine 37x49 cm, d\u2019apr\u00e8s photo Philippe Levasseur. Mat\u00e9riaux recycl\u00e9s.","rel":"","context":"Article similaire","block_context":{"text":"Article similaire","link":""},"img":{"alt_text":"Piazza San Marco, aqua alta ; Venise, acrylique sur carton 30x42 cm, encadr\u00e9 en caisse am\u00e9ricaine 37x49 cm, d\u2019apr\u00e8s photo Philippe Levasseur. Mat\u00e9riaux recycl\u00e9s.","src":"https:\/\/i0.wp.com\/pl-graphisme.org\/Vente\/wp-content\/uploads\/2022\/12\/san-marco-01-sans-cadre.jpg?fit=438%2C600&ssl=1&resize=350%2C200","width":350,"height":200},"classes":[]},{"id":197,"url":"https:\/\/pl-graphisme.org\/Vente\/product\/fujiyama-au-printemps\/","url_meta":{"origin":194,"position":1},"title":"Fujiyama au printemps","author":"phil.levasseur","date":"05\/12\/2022","format":false,"excerpt":"Fujiyama au printemps, acrylique sur carton 42x30 cm, encadr\u00e9 en caisse am\u00e9ricaine 48.5x36.5, d'apr\u00e8s photo anonyme, peinture Philippe Levasseur.","rel":"","context":"Article similaire","block_context":{"text":"Article similaire","link":""},"img":{"alt_text":"Fujiyama au printemps, acrylique sur carton 42x30 cm, encadr\u00e9 en caisse am\u00e9ricaine 48.5x36.5, d'apr\u00e8s photo anonyme, peinture Philippe Levasseur.","src":"https:\/\/i0.wp.com\/pl-graphisme.org\/Vente\/wp-content\/uploads\/2022\/12\/Fujiyama-au-printemps-sans-cadre.jpg?fit=600%2C427&ssl=1&resize=350%2C200","width":350,"height":200,"srcset":"https:\/\/i0.wp.com\/pl-graphisme.org\/Vente\/wp-content\/uploads\/2022\/12\/Fujiyama-au-printemps-sans-cadre.jpg?fit=600%2C427&ssl=1&resize=350%2C200 1x, https:\/\/i0.wp.com\/pl-graphisme.org\/Vente\/wp-content\/uploads\/2022\/12\/Fujiyama-au-printemps-sans-cadre.jpg?fit=600%2C427&ssl=1&resize=525%2C300 1.5x"},"classes":[]},{"id":203,"url":"https:\/\/pl-graphisme.org\/Vente\/product\/casa-goldoni\/","url_meta":{"origin":194,"position":2},"title":"Casa Goldoni","author":"phil.levasseur","date":"05\/12\/2022","format":false,"excerpt":"Casa Goldoni, peinture acrylique sur carton, 22x29 cm. Sans cadre. Mat\u00e9riaux recycl\u00e9s. d\u2019apr\u00e8s une photo prise \u00e0 Venise par Philippe Levasseur.","rel":"","context":"Article similaire","block_context":{"text":"Article similaire","link":""},"img":{"alt_text":"Casa Goldoni, peinture acrylique sur carton, 22x29 cm, Sans cadre. Mat\u00e9riaux recycl\u00e9s. d\u2019apr\u00e8s une photo prise \u00e0 Venise par Philippe Levasseur.","src":"https:\/\/i0.wp.com\/pl-graphisme.org\/Vente\/wp-content\/uploads\/2022\/12\/casa_goldoni.jpg?fit=445%2C600&ssl=1&resize=350%2C200","width":350,"height":200},"classes":[]},{"id":361,"url":"https:\/\/pl-graphisme.org\/Vente\/product\/venise-au-crepuscule\/","url_meta":{"origin":194,"position":3},"title":"Venise au cr\u00e9puscule","author":"phil.levasseur","date":"12\/01\/2023","format":false,"excerpt":"Venise au cr\u00e9puscule Peint en 2010 Acrylique sur carton Dimensions 49x37cm Mat\u00e9riaux issus de recyclage. Peut \u00eatre livr\u00e9 encadr\u00e9 caisse am\u00e9ricaine, environs 52\u00d740cm. Pour la commande il faut ajouter \"caisse am\u00e9ricaine\" au panier et laisser un commentaire pour le choix de teinte du fond de cadre. L'image encadr\u00e9e est une\u2026","rel":"","context":"Article similaire","block_context":{"text":"Article similaire","link":""},"img":{"alt_text":"Venise au cr\u00e9puscule, Acrylique sur carton Philippe Levasseur.","src":"https:\/\/i0.wp.com\/pl-graphisme.org\/Vente\/wp-content\/uploads\/2023\/01\/venise-au-crepuscule.jpg?fit=800%2C590&ssl=1&resize=350%2C200","width":350,"height":200,"srcset":"https:\/\/i0.wp.com\/pl-graphisme.org\/Vente\/wp-content\/uploads\/2023\/01\/venise-au-crepuscule.jpg?fit=800%2C590&ssl=1&resize=350%2C200 1x, https:\/\/i0.wp.com\/pl-graphisme.org\/Vente\/wp-content\/uploads\/2023\/01\/venise-au-crepuscule.jpg?fit=800%2C590&ssl=1&resize=525%2C300 1.5x, https:\/\/i0.wp.com\/pl-graphisme.org\/Vente\/wp-content\/uploads\/2023\/01\/venise-au-crepuscule.jpg?fit=800%2C590&ssl=1&resize=700%2C400 2x"},"classes":[]},{"id":81,"url":"https:\/\/pl-graphisme.org\/Vente\/product\/town\/","url_meta":{"origin":194,"position":4},"title":"Town","author":"phil.levasseur","date":"02\/12\/2022","format":false,"excerpt":"Town, acrylique cir\u00e9 et papier m\u00e2ch\u00e9 sur r\u00e9sine expans\u00e9e arm\u00e9e, 60x30cm, encadr\u00e9 caisse am\u00e9ricaine 68.5x38.5cm, Mat\u00e9riaux recycl\u00e9s.","rel":"","context":"Article similaire","block_context":{"text":"Article similaire","link":""},"img":{"alt_text":"Town, acrylique cit\u00e9e et papier m\u00e2ch\u00e9 sur r\u00e9sine expans\u00e9e, encadr\u00e9 en caisse am\u00e9ricaine","src":"https:\/\/i0.wp.com\/pl-graphisme.org\/Vente\/wp-content\/uploads\/2022\/12\/town.jpg?fit=600%2C336&ssl=1&resize=350%2C200","width":350,"height":200,"srcset":"https:\/\/i0.wp.com\/pl-graphisme.org\/Vente\/wp-content\/uploads\/2022\/12\/town.jpg?fit=600%2C336&ssl=1&resize=350%2C200 1x, https:\/\/i0.wp.com\/pl-graphisme.org\/Vente\/wp-content\/uploads\/2022\/12\/town.jpg?fit=600%2C336&ssl=1&resize=525%2C300 1.5x"},"classes":[]},{"id":454,"url":"https:\/\/pl-graphisme.org\/Vente\/product\/variations-chromatiques-jaune\/","url_meta":{"origin":194,"position":5},"title":"Variations chromatiques jaune","author":"phil.levasseur","date":"20\/01\/2023","format":false,"excerpt":"Variations chromatiques jaune, acrylique cir\u00e9 et papier m\u00e2ch\u00e9 sur isorel de Philippe Levasseur, r\u00e9alis\u00e9 en novembre 2022 Dimensions 38x38cm, encadr\u00e9 caisse am\u00e9ricaine 48x48cm. Tous les mat\u00e9riaux sont issus de recyclage. En fonctions des \u00e9crans les teintes peuvent \u00eatre l\u00e9g\u00e8rement diff\u00e9rentes. Acheter la s\u00e9rie","rel":"","context":"Article similaire","block_context":{"text":"Article similaire","link":""},"img":{"alt_text":"Variations chromatiques jaune, acrylique cir\u00e9 et papier m\u00e2ch\u00e9 sur isorel de Philippe Levasseur, r\u00e9alis\u00e9 en novembre 2022 Dimensions 38x38cm, encadr\u00e9 caisse am\u00e9ricaine 48x48cm. Tous les mat\u00e9riaux sont issus de recyclage. En fonctions des \u00e9crans les teintes peuvent \u00eatre l\u00e9g\u00e8rement diff\u00e9rentes.","src":"https:\/\/i0.wp.com\/pl-graphisme.org\/Vente\/wp-content\/uploads\/2023\/01\/variations-chromatiques-jaune-encadree.jpg?fit=1000%2C1001&ssl=1&resize=350%2C200","width":350,"height":200,"srcset":"https:\/\/i0.wp.com\/pl-graphisme.org\/Vente\/wp-content\/uploads\/2023\/01\/variations-chromatiques-jaune-encadree.jpg?fit=1000%2C1001&ssl=1&resize=350%2C200 1x, https:\/\/i0.wp.com\/pl-graphisme.org\/Vente\/wp-content\/uploads\/2023\/01\/variations-chromatiques-jaune-encadree.jpg?fit=1000%2C1001&ssl=1&resize=525%2C300 1.5x, https:\/\/i0.wp.com\/pl-graphisme.org\/Vente\/wp-content\/uploads\/2023\/01\/variations-chromatiques-jaune-encadree.jpg?fit=1000%2C1001&ssl=1&resize=700%2C400 2x"},"classes":[]}],"jetpack_sharing_enabled":true,"_links":{"self":[{"href":"https:\/\/pl-graphisme.org\/Vente\/wp-json\/wp\/v2\/product\/194","targetHints":{"allow":["GET"]}}],"collection":[{"href":"https:\/\/pl-graphisme.org\/Vente\/wp-json\/wp\/v2\/product"}],"about":[{"href":"https:\/\/pl-graphisme.org\/Vente\/wp-json\/wp\/v2\/types\/product"}],"replies":[{"embeddable":true,"href":"https:\/\/pl-graphisme.org\/Vente\/wp-json\/wp\/v2\/comments?post=194"}],"wp:featuredmedia":[{"embeddable":true,"href":"https:\/\/pl-graphisme.org\/Vente\/wp-json\/wp\/v2\/media\/195"}],"wp:attachment":[{"href":"https:\/\/pl-graphisme.org\/Vente\/wp-json\/wp\/v2\/media?parent=194"}],"wp:term":[{"taxonomy":"product_brand","embeddable":true,"href":"https:\/\/pl-graphisme.org\/Vente\/wp-json\/wp\/v2\/product_brand?post=194"},{"taxonomy":"product_cat","embeddable":true,"href":"https:\/\/pl-graphisme.org\/Vente\/wp-json\/wp\/v2\/product_cat?post=194"},{"taxonomy":"product_tag","embeddable":true,"href":"https:\/\/pl-graphisme.org\/Vente\/wp-json\/wp\/v2\/product_tag?post=194"}],"curies":[{"name":"wp","href":"https:\/\/api.w.org\/{rel}","templated":true}]}}