{"id":50,"date":"2022-12-01T11:09:49","date_gmt":"2022-12-01T11:09:49","guid":{"rendered":"https:\/\/pl-graphisme.org\/Vente\/?page_id=50"},"modified":"2022-12-18T17:15:08","modified_gmt":"2022-12-18T17:15:08","slug":"regles-de-retours-et-remboursements","status":"publish","type":"page","link":"https:\/\/pl-graphisme.org\/Vente\/regles-de-retours-et-remboursements\/","title":{"rendered":"R\u00e8gles de retours et remboursements"},"content":{"rendered":"\n<p id=\"tw-target-text\"><strong>R\u00e8gles de retours et de remboursements : <\/strong>  En plus du d\u00e9lais l\u00e9gal de r\u00e9tractation (voir la page des CGV) nous offrons un droit de retour \u00e9largit \u00e0 30 jours apr\u00e8s la date de mise \u00e0 disponibilit\u00e9 ou livraison. <\/p>\n\n\n\n<p id=\"tw-target-text\">Pass\u00e9 ce d\u00e9lais nous ne pouvons pas offrir de remboursement ou d&#8217;\u00e9change sauf cas exceptionnel sur demande. <\/p>\n\n\n\n<p id=\"tw-target-text\">Pour \u00eatre admissible au retour, l&#8217;article doit \u00eatre dans le m\u00eame \u00e9tat que lors de la r\u00e9ception. Il doit \u00eatre retourn\u00e9 dans l&#8217;emballage d&#8217;origine. <\/p>\n\n\n\n<p id=\"tw-target-text\">Dans tous les cas une franchise pour frais de traitement sera retenue selon le bar\u00e8me suivant: 20% pour les \u0153uvres dont le prix pay\u00e9 \u00e9tait inf\u00e9rieur \u00e0 100.00\u20ac , 15% pour la tranche comprise entre 101,00\u20ac  et 200,00\u20ac, 10% entre 201,00\u20ac et 400,00\u20ac, 5% au del\u00e0 de 401,00\u20ac<\/p>\n\n\n\n<p id=\"tw-target-text\"> <strong>Articles non retournables&nbsp;ou remboursables: <\/strong> Seuls les tableaux seront accept\u00e9s en retour, sont donc exclus les \u0153uvres photographiques, reproductions ou produits d\u00e9riv\u00e9s. Dans certains cas seuls des remboursements partiels sont accord\u00e9s :  <\/p>\n\n\n\n<p id=\"tw-target-text\">&#8211; Tout article qui n&#8217;est pas dans son \u00e9tat d&#8217;origine, est endommag\u00e9 ou incomplet pour des raisons ne relevant pas de notre responsabilit\u00e9.  <\/p>\n\n\n\n<p id=\"tw-target-text\">&#8211; Tout article retourn\u00e9 plus de 30 jours apr\u00e8s la livraison. <\/p>\n\n\n\n<p id=\"tw-target-text\">Pour en b\u00e9n\u00e9ficier, une demande pr\u00e9alable est n\u00e9cessaire, elle sera adress\u00e9e soit par courrier, soit par mail \u00e0 contact@pl-graphisme.org et ne sera accept\u00e9e qu&#8217;apr\u00e8s \u00e9tude du cas. <\/p>\n\n\n\n<p id=\"tw-target-text\"><strong>Remboursements<\/strong>:<\/p>\n\n\n\n<p id=\"tw-target-text\"> &#8211; Une fois le retour re\u00e7u et inspect\u00e9, nous enverrons un e-mail pour informer le client que nous avons re\u00e7u l&#8217;article retourn\u00e9. Nous l&#8217;informerons \u00e9galement de l&#8217;approbation ou du rejet motiv\u00e9 du remboursement.<\/p>\n\n\n\n<p id=\"tw-target-text\"> &#8211; Si il est approuv\u00e9, le remboursement sera trait\u00e9 et un cr\u00e9dit sera automatiquement appliqu\u00e9 sur la carte de cr\u00e9dit ou le mode de paiement original, selon les d\u00e9lais bancaires, au maximum dans les 15  jours suivant la r\u00e9ception du retour. <\/p>\n\n\n\n<p id=\"tw-target-text\"><strong>Remboursements en retard ou manquants<\/strong>: <\/p>\n\n\n\n<p id=\"tw-target-text\">&#8211; En cas de retard de remboursement, il faut:  <\/p>\n\n\n\n<p id=\"tw-target-text\">&#8211; V\u00e9rifier les relev\u00e9s bancaires, contacter les organismes financiers. <\/p>\n\n\n\n<p id=\"tw-target-text\">&#8211; Si tout cela a \u00e9t\u00e9 fait sans succ\u00e8s, veuillez nous contacter \u00e0 contact@pl-graphisme.org. <\/p>\n\n\n\n<p id=\"tw-target-text\">&#8211; Les articles sold\u00e9s ne peuvent pas \u00eatre repris ni rembours\u00e9s. Des \u00e9changes peuvent toutefois \u00eatre accept\u00e9s au cas par cas. <\/p>\n\n\n\n<p id=\"tw-target-text\"><strong>\u00c9changes: <\/strong> <\/p>\n\n\n\n<p id=\"tw-target-text\">&#8211; Nous acceptons d&#8217;effectuer l&#8217;\u00e9change d&#8217;articles dans les 30 jours suivant leur livraison. <\/p>\n\n\n\n<p id=\"tw-target-text\">&#8211; Les peintures originales ne peuvent \u00eatre \u00e9chang\u00e9es que pour une \u0153uvre de m\u00eame prix ou sup\u00e9rieur, dans ce cas la diff\u00e9rence de tarif devra \u00eatre r\u00e9gl\u00e9e avant l&#8217;\u00e9change.  <\/p>\n\n\n\n<p id=\"tw-target-text\">&#8211; Les impressions ou objets d\u00e9riv\u00e9s ne sont \u00e9chang\u00e9s ou repris que s&#8217;ils sont de stock et d&#8217;une valeur sup\u00e9rieure \u00e0 50.00\u20ac . Toute demande devra \u00eatre faite par l&#8217;envoi d&#8217;un e-mail \u00e0 contact@pl-graphisme.org, l&#8217;adresse de retour sera alors indiqu\u00e9e par mail. Dans tous les cas un forfait de 10% du prix du produit retourn\u00e9 sera appliqu\u00e9. <\/p>\n\n\n\n<p id=\"tw-target-text\"><strong>Achats original pour cadeaux<\/strong>: <\/p>\n\n\n\n<p id=\"tw-target-text\">&#8211; Dans tous les cas les remboursements ou \u00e9changes se feront uniquement avec la personne s&#8217;\u00e9tant identifi\u00e9e lors de la commande, c&#8217;est l&#8217;adresse de facturation qui fera foi. &#8211; Le retour devra \u00eatre fait \u00e0&nbsp;l&#8217;adresse qui sera indiqu\u00e9e lors des \u00e9changes pr\u00e9alables d&#8217;informations. <\/p>\n\n\n\n<p id=\"tw-target-text\">&#8211; Les frais d&#8217;exp\u00e9dition pour le retour d&#8217;articles sont \u00e0 la charge de l&#8217;exp\u00e9diteur. Les frais d&#8217;exp\u00e9dition ne sont pas remboursables. Selon le lieu d&#8217;exp\u00e9dition le temps n\u00e9cessaire \u00e0 l&#8217;acheminement du produit \u00e9chang\u00e9 peut varier. La responsabilit\u00e9 du retour est attribu\u00e9e \u00e0 l&#8217;exp\u00e9diteur, en cas de non r\u00e9ception du retour nous d\u00e9clinons toute responsabilit\u00e9 <\/p>\n\n\n\n<p id=\"tw-target-text\"><strong>Contact:<\/strong> <\/p>\n\n\n\n<p id=\"tw-target-text\">Toute demande concernant les \u00e9changes ou remboursements peuvent \u00eatre effectu\u00e9es par la page <a href=\"http:\/\/contact\" target=\"_blank\" rel=\"noreferrer noopener\">contact<\/a> ou par l&#8217;envoi d&#8217;un mail \u00e0 contact@pl-graphisme.org .<\/p>\n","protected":false},"excerpt":{"rendered":"<p>R\u00e8gles de retours et de remboursements : En plus du d\u00e9lais l\u00e9gal de r\u00e9tractation (voir la page des CGV) nous offrons un droit de retour \u00e9largit \u00e0 30 jours apr\u00e8s&hellip;<\/p>\n","protected":false},"author":1,"featured_media":0,"parent":0,"menu_order":0,"comment_status":"closed","ping_status":"closed","template":"","meta":{"nf_dc_page":"","om_disable_all_campaigns":false,"_monsterinsights_skip_tracking":false,"_monsterinsights_sitenote_active":false,"_monsterinsights_sitenote_note":"","_monsterinsights_sitenote_category":0,"footnotes":""},"class_list":["post-50","page","type-page","status-publish","hentry"],"aioseo_notices":[],"jetpack-related-posts":[{"id":214,"url":"https:\/\/pl-graphisme.org\/Vente\/conditions-generales-de-vente\/","url_meta":{"origin":50,"position":0},"title":"Conditions G\u00e9n\u00e9rales de Vente et d&#8217;Utilisation(CGV\/CGU)","author":"phil.levasseur","date":"09\/12\/2022","format":false,"excerpt":"Conditions G\u00e9n\u00e9rales de Vente et d'Utilisation (CGV\/CGU) Conditions g\u00e9n\u00e9rales de vente\u00a0: Les pr\u00e9sentes conditions g\u00e9n\u00e9rales de vente (CGV) r\u00e9gissent les conditions de ventes propos\u00e9es par le site pl-graphisme d\u00e9nomm\u00e9\u00a0\u00ab\u00a0le vendeur\u00a0\u00bb et le visiteur du site proc\u00e9dant \u00e0 un achat d\u00e9nomm\u00e9 \u00ab\u00a0le client\u00a0\u00bb lors de contrats de ventes conclus en ligne.\u2026","rel":"","context":"Article similaire","block_context":{"text":"Article similaire","link":""},"img":{"alt_text":"accueil de la boutique de peinture et photographie de Philippe Levasseur, pl-graphisme. Faites vous plaisir","src":"https:\/\/i0.wp.com\/pl-graphisme.org\/Vente\/wp-content\/uploads\/2022\/11\/image-titre-Palavas-scaled.jpg?resize=350%2C200&ssl=1","width":350,"height":200,"srcset":"https:\/\/i0.wp.com\/pl-graphisme.org\/Vente\/wp-content\/uploads\/2022\/11\/image-titre-Palavas-scaled.jpg?resize=350%2C200&ssl=1 1x, https:\/\/i0.wp.com\/pl-graphisme.org\/Vente\/wp-content\/uploads\/2022\/11\/image-titre-Palavas-scaled.jpg?resize=525%2C300&ssl=1 1.5x, https:\/\/i0.wp.com\/pl-graphisme.org\/Vente\/wp-content\/uploads\/2022\/11\/image-titre-Palavas-scaled.jpg?resize=700%2C400&ssl=1 2x, https:\/\/i0.wp.com\/pl-graphisme.org\/Vente\/wp-content\/uploads\/2022\/11\/image-titre-Palavas-scaled.jpg?resize=1050%2C600&ssl=1 3x, https:\/\/i0.wp.com\/pl-graphisme.org\/Vente\/wp-content\/uploads\/2022\/11\/image-titre-Palavas-scaled.jpg?resize=1400%2C800&ssl=1 4x"},"classes":[]},{"id":239,"url":"https:\/\/pl-graphisme.org\/Vente\/contact\/","url_meta":{"origin":50,"position":1},"title":"Contact","author":"phil.levasseur","date":"09\/12\/2022","format":false,"excerpt":"Contact : Merci de remplir le formulaire. Nous sommes soucieux de r\u00e9pondre au plus vite \u00e0 vos questions. Les coordonn\u00e9es que vous nous confi\u00e9es sont strictement r\u00e9serv\u00e9es \u00e0 la gestion de nos \u00e9changes et ne seront en aucun cas diffus\u00e9es. Concernant les demandes de devis, merci d'indiquer la commune du\u2026","rel":"","context":"Article similaire","block_context":{"text":"Article similaire","link":""},"img":{"alt_text":"accueil de la boutique de peinture et photographie de Philippe Levasseur, pl-graphisme. Faites vous plaisir","src":"https:\/\/i0.wp.com\/pl-graphisme.org\/Vente\/wp-content\/uploads\/2022\/11\/image-titre-Palavas-scaled.jpg?resize=350%2C200&ssl=1","width":350,"height":200,"srcset":"https:\/\/i0.wp.com\/pl-graphisme.org\/Vente\/wp-content\/uploads\/2022\/11\/image-titre-Palavas-scaled.jpg?resize=350%2C200&ssl=1 1x, https:\/\/i0.wp.com\/pl-graphisme.org\/Vente\/wp-content\/uploads\/2022\/11\/image-titre-Palavas-scaled.jpg?resize=525%2C300&ssl=1 1.5x, https:\/\/i0.wp.com\/pl-graphisme.org\/Vente\/wp-content\/uploads\/2022\/11\/image-titre-Palavas-scaled.jpg?resize=700%2C400&ssl=1 2x, https:\/\/i0.wp.com\/pl-graphisme.org\/Vente\/wp-content\/uploads\/2022\/11\/image-titre-Palavas-scaled.jpg?resize=1050%2C600&ssl=1 3x, https:\/\/i0.wp.com\/pl-graphisme.org\/Vente\/wp-content\/uploads\/2022\/11\/image-titre-Palavas-scaled.jpg?resize=1400%2C800&ssl=1 4x"},"classes":[]},{"id":3,"url":"https:\/\/pl-graphisme.org\/Vente\/politique-de-confidentialite\/","url_meta":{"origin":50,"position":2},"title":"Politique de confidentialit\u00e9","author":"phil.levasseur","date":"30\/11\/2022","format":false,"excerpt":"La politique de confidentialit\u00e9 pr\u00e9cise: Qui sommes nous ? Adresse du site: https:\/\/pl-graphisme.org\/vente Adresse du site parent: https:\/\/pl-graphisme.org\/ Gestion et mod\u00e9ration: Philippe Levasseur SIREN: 440 175 685 Commentaires: Lorsque les visiteurs laissent des commentaires sur le site nous conservons les donn\u00e9es fournies dans le formulaire, l'adresse IP et le lien\u2026","rel":"","context":"Article similaire","block_context":{"text":"Article similaire","link":""},"img":{"alt_text":"","src":"https:\/\/i0.wp.com\/pl-graphisme.org\/Vente\/wp-content\/uploads\/2022\/11\/cropped-ico-PL-graphisme.jpg?resize=350%2C200&ssl=1","width":350,"height":200},"classes":[]}],"jetpack_sharing_enabled":true,"_links":{"self":[{"href":"https:\/\/pl-graphisme.org\/Vente\/wp-json\/wp\/v2\/pages\/50","targetHints":{"allow":["GET"]}}],"collection":[{"href":"https:\/\/pl-graphisme.org\/Vente\/wp-json\/wp\/v2\/pages"}],"about":[{"href":"https:\/\/pl-graphisme.org\/Vente\/wp-json\/wp\/v2\/types\/page"}],"author":[{"embeddable":true,"href":"https:\/\/pl-graphisme.org\/Vente\/wp-json\/wp\/v2\/users\/1"}],"replies":[{"embeddable":true,"href":"https:\/\/pl-graphisme.org\/Vente\/wp-json\/wp\/v2\/comments?post=50"}],"version-history":[{"count":8,"href":"https:\/\/pl-graphisme.org\/Vente\/wp-json\/wp\/v2\/pages\/50\/revisions"}],"predecessor-version":[{"id":287,"href":"https:\/\/pl-graphisme.org\/Vente\/wp-json\/wp\/v2\/pages\/50\/revisions\/287"}],"wp:attachment":[{"href":"https:\/\/pl-graphisme.org\/Vente\/wp-json\/wp\/v2\/media?parent=50"}],"curies":[{"name":"wp","href":"https:\/\/api.w.org\/{rel}","templated":true}]}}