{"id":47,"date":"2022-11-30T13:11:11","date_gmt":"2022-11-30T13:11:11","guid":{"rendered":"https:\/\/pl-graphisme.org\/Vente\/cart\/"},"modified":"2022-12-01T11:05:46","modified_gmt":"2022-12-01T11:05:46","slug":"panier","status":"publish","type":"page","link":"https:\/\/pl-graphisme.org\/Vente\/panier\/","title":{"rendered":"Panier"},"content":{"rendered":"\n","protected":false},"excerpt":{"rendered":"","protected":false},"author":1,"featured_media":0,"parent":0,"menu_order":0,"comment_status":"closed","ping_status":"closed","template":"","meta":{"nf_dc_page":"","om_disable_all_campaigns":false,"_monsterinsights_skip_tracking":false,"_monsterinsights_sitenote_active":false,"_monsterinsights_sitenote_note":"","_monsterinsights_sitenote_category":0,"footnotes":""},"class_list":["post-47","page","type-page","status-publish","hentry"],"aioseo_notices":[],"jetpack-related-posts":[{"id":214,"url":"https:\/\/pl-graphisme.org\/Vente\/conditions-generales-de-vente\/","url_meta":{"origin":47,"position":0},"title":"Conditions G\u00e9n\u00e9rales de Vente et d&#8217;Utilisation(CGV\/CGU)","author":"phil.levasseur","date":"09\/12\/2022","format":false,"excerpt":"Conditions G\u00e9n\u00e9rales de Vente et d'Utilisation (CGV\/CGU) Conditions g\u00e9n\u00e9rales de vente\u00a0: Les pr\u00e9sentes conditions g\u00e9n\u00e9rales de vente (CGV) r\u00e9gissent les conditions de ventes propos\u00e9es par le site pl-graphisme d\u00e9nomm\u00e9\u00a0\u00ab\u00a0le vendeur\u00a0\u00bb et le visiteur du site proc\u00e9dant \u00e0 un achat d\u00e9nomm\u00e9 \u00ab\u00a0le client\u00a0\u00bb lors de contrats de ventes conclus en ligne.\u2026","rel":"","context":"Article similaire","block_context":{"text":"Article similaire","link":""},"img":{"alt_text":"accueil de la boutique de peinture et photographie de Philippe Levasseur, pl-graphisme. Faites vous plaisir","src":"https:\/\/i0.wp.com\/pl-graphisme.org\/Vente\/wp-content\/uploads\/2022\/11\/image-titre-Palavas-scaled.jpg?resize=350%2C200&ssl=1","width":350,"height":200,"srcset":"https:\/\/i0.wp.com\/pl-graphisme.org\/Vente\/wp-content\/uploads\/2022\/11\/image-titre-Palavas-scaled.jpg?resize=350%2C200&ssl=1 1x, https:\/\/i0.wp.com\/pl-graphisme.org\/Vente\/wp-content\/uploads\/2022\/11\/image-titre-Palavas-scaled.jpg?resize=525%2C300&ssl=1 1.5x, https:\/\/i0.wp.com\/pl-graphisme.org\/Vente\/wp-content\/uploads\/2022\/11\/image-titre-Palavas-scaled.jpg?resize=700%2C400&ssl=1 2x, https:\/\/i0.wp.com\/pl-graphisme.org\/Vente\/wp-content\/uploads\/2022\/11\/image-titre-Palavas-scaled.jpg?resize=1050%2C600&ssl=1 3x, https:\/\/i0.wp.com\/pl-graphisme.org\/Vente\/wp-content\/uploads\/2022\/11\/image-titre-Palavas-scaled.jpg?resize=1400%2C800&ssl=1 4x"},"classes":[]}],"jetpack_sharing_enabled":true,"_links":{"self":[{"href":"https:\/\/pl-graphisme.org\/Vente\/wp-json\/wp\/v2\/pages\/47","targetHints":{"allow":["GET"]}}],"collection":[{"href":"https:\/\/pl-graphisme.org\/Vente\/wp-json\/wp\/v2\/pages"}],"about":[{"href":"https:\/\/pl-graphisme.org\/Vente\/wp-json\/wp\/v2\/types\/page"}],"author":[{"embeddable":true,"href":"https:\/\/pl-graphisme.org\/Vente\/wp-json\/wp\/v2\/users\/1"}],"replies":[{"embeddable":true,"href":"https:\/\/pl-graphisme.org\/Vente\/wp-json\/wp\/v2\/comments?post=47"}],"version-history":[{"count":2,"href":"https:\/\/pl-graphisme.org\/Vente\/wp-json\/wp\/v2\/pages\/47\/revisions"}],"predecessor-version":[{"id":59,"href":"https:\/\/pl-graphisme.org\/Vente\/wp-json\/wp\/v2\/pages\/47\/revisions\/59"}],"wp:attachment":[{"href":"https:\/\/pl-graphisme.org\/Vente\/wp-json\/wp\/v2\/media?parent=47"}],"curies":[{"name":"wp","href":"https:\/\/api.w.org\/{rel}","templated":true}]}}